{"id":108,"date":"2015-05-11T05:34:53","date_gmt":"2015-05-11T05:34:53","guid":{"rendered":"http:\/\/www.everysailrace.com\/?page_id=108"},"modified":"2016-05-24T15:04:25","modified_gmt":"2016-05-24T15:04:25","slug":"resultat-2015-kolbat","status":"publish","type":"page","link":"http:\/\/www.everysailrace.com\/?page_id=108","title":{"rendered":"Resultat 2015"},"content":{"rendered":"\n<div class=\"twitter-share\"><a href=\"https:\/\/twitter.com\/intent\/tweet?via=Every_sailrace\" class=\"twitter-share-button\">Tweet<\/a><\/div>\n<p><script async src=\"\/\/pagead2.googlesyndication.com\/pagead\/js\/adsbygoogle.js\"><\/script><br \/>\n<!-- Everysailrace --><br \/>\n<ins class=\"adsbygoogle\"\n     style=\"display:block\"\n     data-ad-client=\"ca-pub-4487550053079833\"\n     data-ad-slot=\"8435785152\"\n     data-ad-format=\"auto\"><\/ins><br \/>\n<script>\n(adsbygoogle = window.adsbygoogle || []).push({});\n<\/script><\/p>\n<p>Liros SRS Cup<br \/>\nSlutst\u00e4llning\u00a0<a href=\"http:\/\/www.everysailrace.com\/wp-content\/uploads\/2015\/05\/Liros-SRS-Nord-Cupen-2015.pdf\">Nord<\/a><\/p>\n<p>0501 Tune Up Race &#8211;\u00a0Stenungsund <a href=\"http:\/\/www8.idrottonline.se\/ImageVaultFiles\/id_584320\/cf_57129\/Tune_Up_2015.PDF\" target=\"_blank\">&gt;&gt;<\/a><br \/>\n0507 Torsdagsseglingar &#8211; Bj\u00f6rlanda SRS <a href=\"http:\/\/www.bkss.se\/results\/resultat-2015\/torsdagsseglingar_2015.htm#r2srs_i\" target=\"_blank\">I<\/a> <a href=\"http:\/\/www.bkss.se\/results\/resultat-2015\/torsdagsseglingar_2015.htm#r2srs_ii\" target=\"_blank\">II<\/a><br \/>\n0509 Liding\u00f6 Runt &#8211; <a href=\"http:\/\/www.lidingorunt.se\/wp-content\/uploads\/2015\/05\/Final-Totalresultat-Liding\u00f6-Runt-2015.pdf\" target=\"_blank\">Totalt<\/a>\u00a0 <a href=\"http:\/\/www.lidingorunt.se\/wp-content\/uploads\/2015\/05\/Final-Klassresultat-Liding\u00f6-Runt-2015.pdf\" target=\"_blank\">Klasser <\/a><br \/>\n0509 North Trim Cup &#8211; Lomma &#8211; <a href=\"http:\/\/www.everysailrace.com\/wp-content\/uploads\/2015\/05\/North-Sail-Trim-Cup-2015.pdf\">&gt;&gt;<\/a><br \/>\n0510 Oset Race\u00a0 &#8211; Bj\u00f6rlanda &#8211; <a href=\"http:\/\/www.everysailrace.com\/wp-content\/uploads\/2015\/05\/Stora-Oset-Race-2015.pdf\">&gt;&gt;<\/a><br \/>\n0510 C55 West Fleet &#8211; <a href=\"http:\/\/www.everysailrace.com\/?p=156\" target=\"_blank\">&gt;&gt;<\/a><br \/>\n0512 Tisdagssegling L\u00e5ngedrag &#8211; <a href=\"http:\/\/www5.idrottonline.se\/ImageVaultFiles\/id_707525\/cf_87178\/Resultat_150512.HTM\" target=\"_blank\">&gt;&gt;<\/a><\/p>\n<p>0514 Stenungsund &#8211; <a href=\"http:\/\/www8.idrottonline.se\/ImageVaultFiles\/id_587143\/cf_57129\/Po-ng_2_2015-05-14.PDF\" target=\"_blank\">&gt;&gt;<\/a><br \/>\n0515 Helly Hansen Skagen Race &#8211; <a href=\"http:\/\/www.everysailrace.com\/wp-content\/uploads\/2015\/05\/Helly-Hansen-Skagen-Race-2015.pdf\">&gt;&gt;<\/a><br \/>\n0519 Tisdagssegling L\u00e5ngedrag &#8211;<br \/>\n0521 Tordsagsseglingar &#8211; Bj\u00f6rlanda SRS I II<br \/>\n0521 Stenungsund &#8211; <a href=\"http:\/\/www8.idrottonline.se\/ImageVaultFiles\/id_587561\/cf_57129\/Po-ng_3_2015-05-21.PDF\" target=\"_blank\">&gt;&gt;<\/a><br \/>\n0523 Pater Noster Race &gt;&gt;<br \/>\n0523 Orn\u00f6 Runt &gt;&gt;<br \/>\n0525 Skepparkannan &#8211; Sl\u00f6ren<br \/>\n0526 Tisdagssegling L\u00e5ngedrag<br \/>\n0527 Sea Pilot 2 Star &#8211; Oxel\u00f6sund <a href=\"http:\/\/www.everysailrace.com\/?page_id=2174\" target=\"_blank\">&gt;&gt;<\/a><br \/>\n0527 Torsdagsegling Bj\u00f6rlanda I II<br \/>\n0530 J\u00e4ver\u00f6n Runt Karlstad<br \/>\n0530 Framn\u00e4svalsen Bj\u00f6rk\u00f6\u00a0 SRS Inst\u00e4llt &#8211;\u00a0<a href=\"http:\/\/www.everysailrace.com\/wp-content\/uploads\/2015\/05\/Framnasvalsen-2015.pdf\">C55<\/a> &#8211; <a href=\"http:\/\/www.everysailrace.com\/wp-content\/uploads\/2015\/05\/Framn\u00e4svalsen-2015-K-6.pdf\">K-6<\/a><br \/>\n0530 Kostervalsen Str\u00f6mstad <a href=\"http:\/\/www.everysailrace.com\/wp-content\/uploads\/2015\/05\/Kostrvalsen-2015.pdf\">&gt;&gt;<\/a><br \/>\n0531 Marstrand Big Boat Race\u00a0<a href=\"http:\/\/www.everysailrace.com\/wp-content\/uploads\/2015\/05\/MMBR-2015.pdf\">&gt;&gt;<\/a><br \/>\n0531 SM Melges 24 <a href=\"http:\/\/www.everysailrace.com\/wp-content\/uploads\/2015\/06\/SM-Melges-24-2015.pdf\">&gt;&gt;<\/a><br \/>\n0601 Skepparkannan &#8211; Sl\u00f6ren &#8211; <a href=\"http:\/\/www.everysailrace.com\/wp-content\/uploads\/2015\/05\/Skepparkannan-4-2015.pdf\">&gt;&gt;<\/a><br \/>\n0606 Hallandsseglingen &#8211; Halmstad <a href=\"http:\/\/www.everysailrace.com\/?p=455\" target=\"_blank\">&gt;&gt;<\/a><br \/>\n0606 Orust Runt <a href=\"http:\/\/www.everysailrace.com\/?p=574\" target=\"_blank\">&gt;&gt;<\/a><br \/>\n0606 Trubaduren &#8211; V\u00e5rregattan <a href=\"http:\/\/www.everysailrace.com\/?p=526\" target=\"_blank\">&gt;&gt;<\/a><br \/>\n0704 Ler\u00f6y Sm\u00f6gen Race <a href=\"http:\/\/www.everysailrace.com\/wp-content\/uploads\/2015\/05\/Sm\u00f6gen-Ler\u00f6y-Race-2015-Resultat.pdf\">&gt;&gt;<\/a><br \/>\n0704 N\u00e4set Runt <a href=\"http:\/\/www.everysailrace.com\/wp-content\/uploads\/2015\/05\/N\u00e4set-Runt-2015-150704.pdf\">&gt;&gt;<\/a><br \/>\n0705 SM Folkb\u00e5t <a href=\"http:\/\/www.everysailrace.com\/wp-content\/uploads\/2015\/05\/SM-Folkb\u00e5t-2015.pdf\">&gt;&gt;<\/a><br \/>\n0711 V\u00e4der\u00f6 Race <a href=\"http:\/\/www.everysailrace.com\/wp-content\/uploads\/2015\/05\/V\u00e4der\u00f6arna-Runt-2015.pdf\">&gt;&gt;<\/a><br \/>\n0712 Grebbestadsregattan <a href=\"http:\/\/www.everysailrace.com\/wp-content\/uploads\/2015\/07\/Resultat-Grebbestadsregattan-2015-1.pdf\">&gt;&gt;<\/a><br \/>\n0801 Herman\u00f6 Runt <a href=\"http:\/\/www.everysailrace.com\/wp-content\/uploads\/2015\/05\/Herman-_Runt_2015_-_slutlig_resultatlista_-_pdf.pdf\">&gt;&gt;<\/a><br \/>\n0808 Johnnie Walker Race <a href=\"http:\/\/www.everysailrace.com\/wp-content\/uploads\/2015\/05\/JWCup_SRS_2015.pdf\">&gt;&gt;<\/a><br \/>\n0808 Ven Runt <a href=\"http:\/\/www.everysailrace.com\/?page_id=1374\" target=\"_blank\">&gt;&gt;<\/a><br \/>\n0815 Tj\u00f6rn Runt <a href=\"http:\/\/www.everysailrace.com\/wp-content\/uploads\/2015\/05\/Tj\u00f6rn-Runt-Totalt-2015-Lilla-banan.pdf\">Lilla banan<\/a> <a href=\"http:\/\/www.everysailrace.com\/wp-content\/uploads\/2015\/05\/Tj\u00f6rn-Runt-Totalt-2015-Stora-banan.pdf\">Stora banan<\/a><br \/>\n0822 Uddevallaregattan <a href=\"http:\/\/www.everysailrace.com\/wp-content\/uploads\/2015\/05\/Udevalla-Regattan-2015.pdf\">&gt;&gt;<\/a><br \/>\n0905 Robline Skagen Race <a href=\"http:\/\/www.everysailrace.com\/wp-content\/uploads\/2015\/05\/FSE_Skagen_Race_tot_2015.pdf\">&gt;&gt;<\/a><br \/>\n0905 Tors\u00f6 Runt <a href=\"http:\/\/www.everysailrace.com\/?page_id=1517\" target=\"_blank\">&gt;&gt;<\/a><br \/>\n0912 H\u00f6stkroken <a href=\"http:\/\/www.everysailrace.com\/wp-content\/uploads\/2015\/09\/H\u00f6stkroken-2015.pdf\">&gt;&gt;<\/a><br \/>\n0912 H\u00f6stknalten <a href=\"http:\/\/www.everysailrace.com\/wp-content\/uploads\/2015\/05\/H-stknalten_Slutresultat_2015.pdf\">&gt;&gt;<\/a><br \/>\n0913 DM IF <a href=\"http:\/\/www.everysailrace.com\/?page_id=1501\" target=\"_blank\">&gt;&gt;<\/a><br \/>\n0913 C55 Cup GP6 <a href=\"http:\/\/www.everysailrace.com\/?page_id=1496\" target=\"_blank\">&gt;&gt;<\/a><br \/>\n0919 Sista Chansen Bj\u00f6rlanda <a href=\"http:\/\/www.everysailrace.com\/wp-content\/uploads\/2015\/05\/Sista-Chansen-2015-slutresultat_rev2.pdf\">&gt;&gt;<\/a><br \/>\n0927 \u00d6cker\u00f6 Shorthanded Race <a href=\"http:\/\/www.everysailrace.com\/?page_id=1529\" target=\"_blank\">&gt;&gt;<\/a><\/p>\n\n<div class=\"twitter-share\"><a href=\"https:\/\/twitter.com\/intent\/tweet?via=Every_sailrace\" class=\"twitter-share-button\">Tweet<\/a><\/div>\n","protected":false},"excerpt":{"rendered":"<p>Liros SRS Cup Slutst\u00e4llning\u00a0Nord 0501 Tune Up Race &#8211;\u00a0Stenungsund &gt;&gt; 0507 Torsdagsseglingar &#8211; Bj\u00f6rlanda SRS I II 0509 Liding\u00f6 Runt &#8211; Totalt\u00a0 Klasser 0509 North Trim Cup &#8211; Lomma &#8211; &gt;&gt; 0510 Oset Race\u00a0 &#8211; Bj\u00f6rlanda &#8211; &gt;&gt; 0510 C55 West Fleet &#8211; &gt;&gt; 0512 Tisdagssegling L\u00e5ngedrag &#8211; &gt;&gt; 0514 Stenungsund &#8211; &gt;&gt; 0515 Helly [&hellip;]<\/p>\n","protected":false},"author":1,"featured_media":0,"parent":2520,"menu_order":0,"comment_status":"closed","ping_status":"open","template":"","meta":[],"_links":{"self":[{"href":"http:\/\/www.everysailrace.com\/index.php?rest_route=\/wp\/v2\/pages\/108"}],"collection":[{"href":"http:\/\/www.everysailrace.com\/index.php?rest_route=\/wp\/v2\/pages"}],"about":[{"href":"http:\/\/www.everysailrace.com\/index.php?rest_route=\/wp\/v2\/types\/page"}],"author":[{"embeddable":true,"href":"http:\/\/www.everysailrace.com\/index.php?rest_route=\/wp\/v2\/users\/1"}],"replies":[{"embeddable":true,"href":"http:\/\/www.everysailrace.com\/index.php?rest_route=%2Fwp%2Fv2%2Fcomments&post=108"}],"version-history":[{"count":57,"href":"http:\/\/www.everysailrace.com\/index.php?rest_route=\/wp\/v2\/pages\/108\/revisions"}],"predecessor-version":[{"id":2525,"href":"http:\/\/www.everysailrace.com\/index.php?rest_route=\/wp\/v2\/pages\/108\/revisions\/2525"}],"up":[{"embeddable":true,"href":"http:\/\/www.everysailrace.com\/index.php?rest_route=\/wp\/v2\/pages\/2520"}],"wp:attachment":[{"href":"http:\/\/www.everysailrace.com\/index.php?rest_route=%2Fwp%2Fv2%2Fmedia&parent=108"}],"curies":[{"name":"wp","href":"https:\/\/api.w.org\/{rel}","templated":true}]}}