{"id":1517,"date":"2015-09-17T21:09:44","date_gmt":"2015-09-17T21:09:44","guid":{"rendered":"http:\/\/www.everysailrace.com\/?page_id=1517"},"modified":"2015-09-17T21:15:24","modified_gmt":"2015-09-17T21:15:24","slug":"torso-runt-2015","status":"publish","type":"page","link":"http:\/\/www.everysailrace.com\/?page_id=1517","title":{"rendered":"Tors\u00f6 Runt 2015"},"content":{"rendered":"\n<div class=\"twitter-share\"><a href=\"https:\/\/twitter.com\/intent\/tweet?via=Every_sailrace\" class=\"twitter-share-button\">Tweet<\/a><\/div>\n<p>Klassiska Tors\u00f6 Runt 5 september Mariestad V\u00e4nern<\/p>\n<table class=\"summarytable\" border=\"0\" cellspacing=\"0\" cellpadding=\"0\">\n<thead>\n<tr class=\"titlerow\">\n<th>Rank<\/th>\n<th>B\u00e5ttyp<\/th>\n<th>Klass<\/th>\n<th>Segelnr.<\/th>\n<th>Klubb<\/th>\n<th>Rorsman<\/th>\n<th>SRS tal<\/th>\n<th>Korrtid<\/th>\n<th>Notes<\/th>\n<\/tr>\n<\/thead>\n<tbody>\n<tr class=\"odd summaryrow\">\n<td>1st<\/td>\n<td>Smaragd<\/td>\n<td>B<\/td>\n<td>57<\/td>\n<td>MSK<\/td>\n<td>Tomas Kulldin<\/td>\n<td>1.175<\/td>\n<td>5.34.11<\/td>\n<td>Shorthand M\u00e4tbrev E 3507<\/td>\n<\/tr>\n<tr class=\"even summaryrow\">\n<td>2nd<\/td>\n<td>Birdie 24<\/td>\n<td>B<\/td>\n<td>6851<\/td>\n<td>MSK<\/td>\n<td>Thomas Andersson<\/td>\n<td>1.009<\/td>\n<td>5.34.59<\/td>\n<td>Shorthand<\/td>\n<\/tr>\n<tr class=\"odd summaryrow\">\n<td>3rd<\/td>\n<td>Albin Ballad<\/td>\n<td>B<\/td>\n<td>1400<\/td>\n<td>MSK<\/td>\n<td>Karl-Axel Ramberg<\/td>\n<td>1.076<\/td>\n<td>5.41.40<\/td>\n<td>Shorthand<\/td>\n<\/tr>\n<tr class=\"even summaryrow\">\n<td>4th<\/td>\n<td>Accent<\/td>\n<td>C<\/td>\n<td>294<\/td>\n<td>SJ\u00d6SS<\/td>\n<td>Mikael Dehlen<\/td>\n<td>1.036<\/td>\n<td>5.46.49<\/td>\n<td><\/td>\n<\/tr>\n<tr class=\"odd summaryrow\">\n<td>5th<\/td>\n<td>Mini-Compis<\/td>\n<td>C<\/td>\n<td>6<\/td>\n<td>KDSS<\/td>\n<td>Kjell Stensson<\/td>\n<td>1.042<\/td>\n<td>5.47.48<\/td>\n<td><\/td>\n<\/tr>\n<tr class=\"even summaryrow\">\n<td>6th<\/td>\n<td>Linjett 31<\/td>\n<td>B<\/td>\n<td>8681<\/td>\n<td>CRSS<\/td>\n<td>Tomas Karlsson<\/td>\n<td>1.112<\/td>\n<td>5.55.13<\/td>\n<td>Shorthand<\/td>\n<\/tr>\n<tr class=\"odd summaryrow\">\n<td>7th<\/td>\n<td>IF<\/td>\n<td>C<\/td>\n<td>1859<\/td>\n<td>MSK<\/td>\n<td>Joakim Frej<\/td>\n<td>1.012<\/td>\n<td>5.55.30<\/td>\n<td><\/td>\n<\/tr>\n<tr class=\"even summaryrow\">\n<td>8th<\/td>\n<td>606<\/td>\n<td>C<\/td>\n<td>233<\/td>\n<td>MSK<\/td>\n<td>Anders Blom<\/td>\n<td>1.029<\/td>\n<td>5.58.28<\/td>\n<td><\/td>\n<\/tr>\n<tr class=\"odd summaryrow\">\n<td>9th<\/td>\n<td>Albin Express<\/td>\n<td>D<\/td>\n<td>395<\/td>\n<td>CRSS<\/td>\n<td>David H\u00e4gg<\/td>\n<td>1.109<\/td>\n<td>6.00.49<\/td>\n<td><\/td>\n<\/tr>\n<tr class=\"even summaryrow\">\n<td>10th<\/td>\n<td>707<\/td>\n<td>D<\/td>\n<td>69<\/td>\n<td>MSK<\/td>\n<td>Joakim B\u00e4ckstr\u00f6m<\/td>\n<td>1.084<\/td>\n<td>6.01.02<\/td>\n<td>M\u00e4tbrev E5943<\/td>\n<\/tr>\n<tr class=\"odd summaryrow\">\n<td>11th<\/td>\n<td>IF<\/td>\n<td>C<\/td>\n<td>3148<\/td>\n<td>MSK<\/td>\n<td>Anders Holm<\/td>\n<td>1.012<\/td>\n<td>6.04.21<\/td>\n<td><\/td>\n<\/tr>\n<tr class=\"even summaryrow\">\n<td>12th<\/td>\n<td>707<\/td>\n<td>D<\/td>\n<td>40<\/td>\n<td>CRSS<\/td>\n<td>Micael Andersson<\/td>\n<td>1.082<\/td>\n<td>6.06.13<\/td>\n<td>M\u00e4tbrev E4551<\/td>\n<\/tr>\n<tr class=\"odd summaryrow\">\n<td>13th<\/td>\n<td>First 36.7<\/td>\n<td>E<\/td>\n<td>151<\/td>\n<td>KDSS<\/td>\n<td>Lars-Gunnar Gydemo<\/td>\n<td>1.279<\/td>\n<td>6.06.43<\/td>\n<td>M\u00e4tbrev E4552<\/td>\n<\/tr>\n<tr class=\"even summaryrow\">\n<td>14th<\/td>\n<td>Dixie 27<\/td>\n<td>C<\/td>\n<td>701<\/td>\n<td>MSK<\/td>\n<td>H\u00e4nrik Johansson<\/td>\n<td>1.043<\/td>\n<td>6.06.54<\/td>\n<td><\/td>\n<\/tr>\n<tr class=\"odd summaryrow\">\n<td>15th<\/td>\n<td>Albin Cumulus<\/td>\n<td>D<\/td>\n<td>243<\/td>\n<td>CRSS<\/td>\n<td>Svante Persson<\/td>\n<td>1.098<\/td>\n<td>6.09.53<\/td>\n<td><\/td>\n<\/tr>\n<tr class=\"even summaryrow\">\n<td>16th<\/td>\n<td>Jeanneau Rush 31<\/td>\n<td>D<\/td>\n<td>1<\/td>\n<td>CRSS<\/td>\n<td>Andre Henriksson<\/td>\n<td>1.118<\/td>\n<td>6.12.51<\/td>\n<td><\/td>\n<\/tr>\n<tr class=\"odd summaryrow\">\n<td>17th<\/td>\n<td>X 332<\/td>\n<td>E<\/td>\n<td>381<\/td>\n<td>SJ\u00d6SS<\/td>\n<td>Leif Dehlen<\/td>\n<td>1.245<\/td>\n<td>6.13.37<\/td>\n<td>M\u00e4tbrev E5155<\/td>\n<\/tr>\n<tr class=\"even summaryrow\">\n<td>18th<\/td>\n<td>Compis 28<\/td>\n<td>C<\/td>\n<td>318<\/td>\n<td>MSK<\/td>\n<td>Emil Persson<\/td>\n<td>1.057<\/td>\n<td>6.14.30<\/td>\n<td><\/td>\n<\/tr>\n<tr class=\"odd summaryrow\">\n<td>19th<\/td>\n<td>Albin Express<\/td>\n<td>D<\/td>\n<td>306<\/td>\n<td>CRSS<\/td>\n<td>Magnus Olofsson<\/td>\n<td>1.109<\/td>\n<td>6.16.57<\/td>\n<td><\/td>\n<\/tr>\n<tr class=\"even summaryrow\">\n<td>20th<\/td>\n<td>Albin Ballad<\/td>\n<td>D<\/td>\n<td>1230<\/td>\n<td>CRSS<\/td>\n<td>Alf Prytz<\/td>\n<td>1.087<\/td>\n<td>6.17.54<\/td>\n<td><\/td>\n<\/tr>\n<tr class=\"odd summaryrow\">\n<td>21st<\/td>\n<td>Scampi<\/td>\n<td>D<\/td>\n<td>436<\/td>\n<td>SJ\u00d6SS<\/td>\n<td>Fredrik K\u00e4llberg<\/td>\n<td>1.096<\/td>\n<td>6.19.16<\/td>\n<td><\/td>\n<\/tr>\n<tr class=\"even summaryrow\">\n<td>22nd<\/td>\n<td>C55<\/td>\n<td>C<\/td>\n<td>299<\/td>\n<td>MSK<\/td>\n<td>Nils Patriksson<\/td>\n<td>1.041<\/td>\n<td>6.19.53<\/td>\n<td><\/td>\n<\/tr>\n<tr class=\"odd summaryrow\">\n<td>23rd<\/td>\n<td>J24<\/td>\n<td>D<\/td>\n<td>2<\/td>\n<td>SJ\u00d6SS<\/td>\n<td>David Larsson<\/td>\n<td>1.103<\/td>\n<td>6.22.05<\/td>\n<td><\/td>\n<\/tr>\n<tr class=\"even summaryrow\">\n<td>24th<\/td>\n<td>Cayenne<\/td>\n<td>E<\/td>\n<td>13<\/td>\n<td>MSK<\/td>\n<td>Stefan S\u00f6derberg<\/td>\n<td>1.279<\/td>\n<td>6.25.35<\/td>\n<td><\/td>\n<\/tr>\n<tr class=\"odd summaryrow\">\n<td>25th<\/td>\n<td>Maxi Magic<\/td>\n<td>D<\/td>\n<td>32<\/td>\n<td>MSK<\/td>\n<td>Clas Ohde<\/td>\n<td>1.074<\/td>\n<td>6.26.21<\/td>\n<td>M\u00e4tbrev<\/td>\n<\/tr>\n<tr class=\"even summaryrow\">\n<td>26th<\/td>\n<td>Athena 34<\/td>\n<td>A<\/td>\n<td>31<\/td>\n<td>MSK<\/td>\n<td>Jan-Olof Carlsson<\/td>\n<td>1.144<\/td>\n<td>6.28.02<\/td>\n<td>Utan spinn<\/td>\n<\/tr>\n<tr class=\"odd summaryrow\">\n<td>27th<\/td>\n<td>Hobie Cat 16<\/td>\n<td>F<\/td>\n<td>105530<\/td>\n<td>MSK<\/td>\n<td>Johan Johansson<\/td>\n<td>1.34<\/td>\n<td>6.31.09<\/td>\n<td>Flerskrov<\/td>\n<\/tr>\n<tr class=\"even summaryrow\">\n<td>28th<\/td>\n<td>First 27,7<\/td>\n<td>E<\/td>\n<td>211<\/td>\n<td>MSK<\/td>\n<td>Patrik Svensson<\/td>\n<td>1.163<\/td>\n<td>6.32.02<\/td>\n<td><\/td>\n<\/tr>\n<tr class=\"odd summaryrow\">\n<td>29th<\/td>\n<td>707<\/td>\n<td>D<\/td>\n<td>124<\/td>\n<td>SBK<\/td>\n<td>Anders Eriksson<\/td>\n<td>1.105<\/td>\n<td>6.37.47<\/td>\n<td><\/td>\n<\/tr>\n<tr class=\"even summaryrow\">\n<td>30th<\/td>\n<td>C55<\/td>\n<td>C<\/td>\n<td>245<\/td>\n<td>MSK<\/td>\n<td>Krister Ringholm<\/td>\n<td>1.041<\/td>\n<td>6.38.13<\/td>\n<td><\/td>\n<\/tr>\n<tr class=\"odd summaryrow\">\n<td>31st<\/td>\n<td>X 412<\/td>\n<td>E<\/td>\n<td>153<\/td>\n<td>KDSS<\/td>\n<td>Tomas Jansson<\/td>\n<td>1.296<\/td>\n<td>6.38.25<\/td>\n<td>M\u00e4tbrev E6058<\/td>\n<\/tr>\n<tr class=\"even summaryrow\">\n<td>32nd<\/td>\n<td>Albin Alpha<\/td>\n<td>B<\/td>\n<td>115<\/td>\n<td>MSK<\/td>\n<td>Lars Kling<\/td>\n<td>1.071<\/td>\n<td>6.39.35<\/td>\n<td>Shorthand<\/td>\n<\/tr>\n<tr class=\"odd summaryrow\">\n<td>33rd<\/td>\n<td>Z31<\/td>\n<td>E<\/td>\n<td>2<\/td>\n<td>MSK<\/td>\n<td>Tony S\u00f6derberg<\/td>\n<td>1.217<\/td>\n<td>6.43.30<\/td>\n<td>M\u00e4tbrev E5445<\/td>\n<\/tr>\n<tr class=\"even summaryrow\">\n<td>34th<\/td>\n<td>C55<\/td>\n<td>C<\/td>\n<td>1<\/td>\n<td>MSK<\/td>\n<td>John Gunnarsson<\/td>\n<td>1.041<\/td>\n<td>6.52.10<\/td>\n<td><\/td>\n<\/tr>\n<tr class=\"odd summaryrow\">\n<td>35th<\/td>\n<td>Maxi 95<\/td>\n<td>A<\/td>\n<td>411<\/td>\n<td>MSK<\/td>\n<td>Niclas Karlsson<\/td>\n<td>1.062<\/td>\n<td>6.56.17<\/td>\n<td>Utan spinn<\/td>\n<\/tr>\n<tr class=\"even summaryrow\">\n<td>36th<\/td>\n<td>Maxi 33<\/td>\n<td>D<\/td>\n<td>756<\/td>\n<td>MSK<\/td>\n<td>Tomas Lindstr\u00f6m<\/td>\n<td>1.107<\/td>\n<td>7.03.28<\/td>\n<td><\/td>\n<\/tr>\n<tr class=\"odd summaryrow\">\n<td>37th<\/td>\n<td>Albin Cumulus<\/td>\n<td>D<\/td>\n<td>52<\/td>\n<td>MSK<\/td>\n<td>Nicklas Pettersson<\/td>\n<td>1.098<\/td>\n<td>7.20.52<\/td>\n<td><\/td>\n<\/tr>\n<tr class=\"even summaryrow\">\n<td>38th<\/td>\n<td>Albin Cumulus<\/td>\n<td>A<\/td>\n<td>383<\/td>\n<td>MSK<\/td>\n<td>Tomas Fr\u00f6delius<\/td>\n<td>1.07<\/td>\n<td>7.34.09<\/td>\n<td>Utan spinn<\/td>\n<\/tr>\n<tr class=\"odd summaryrow\">\n<td>39th<\/td>\n<td>Comfort 32<\/td>\n<td>A<\/td>\n<td>190<\/td>\n<td>MSK<\/td>\n<td>Madeleine Pettersson<\/td>\n<td>1.082<\/td>\n<td>7.52.35<\/td>\n<td>Utan Spinn &#8220;Tjejb\u00e5t&#8221;<\/td>\n<\/tr>\n<tr class=\"even summaryrow\">\n<td>40th<\/td>\n<td>First 36.7<\/td>\n<td>E<\/td>\n<td>109<\/td>\n<td>KDSS<\/td>\n<td>Jan Persson<\/td>\n<td>1.283<\/td>\n<td>DNC<\/td>\n<td>M\u00e4tbrev E4685<\/td>\n<\/tr>\n<tr class=\"odd summaryrow\">\n<td>40th<\/td>\n<td>707<\/td>\n<td>D<\/td>\n<td>33<\/td>\n<td>MSK<\/td>\n<td>Team Indufa<\/td>\n<td>1.087<\/td>\n<td>DNC<\/td>\n<td>M\u00e4tbrev<\/td>\n<\/tr>\n<tr class=\"even summaryrow\">\n<td>40th<\/td>\n<td>Contrast 33<\/td>\n<td>E<\/td>\n<td>61<\/td>\n<td>KDSS<\/td>\n<td>Jan Magnusson<\/td>\n<td>1.168<\/td>\n<td>DNC<\/td>\n<td><\/td>\n<\/tr>\n<tr class=\"odd summaryrow\">\n<td>40th<\/td>\n<td>Micro 19<\/td>\n<td>C<\/td>\n<td>153<\/td>\n<td>CRSS<\/td>\n<td>Flavio Henriksson<\/td>\n<td>0.958<\/td>\n<td>DNC<\/td>\n<td>M\u00e4tbrev E4827<\/td>\n<\/tr>\n<tr class=\"even summaryrow\">\n<td>40th<\/td>\n<td>Albin Express<\/td>\n<td>D<\/td>\n<td>1098<\/td>\n<td>SJ\u00d6SS<\/td>\n<td>Jon Dehlen<\/td>\n<td>1.109<\/td>\n<td>DNC<\/td>\n<td><\/td>\n<\/tr>\n<tr class=\"odd summaryrow\">\n<td>40th<\/td>\n<td>Comfortina 32<\/td>\n<td>E<\/td>\n<td>9<\/td>\n<td>MSK<\/td>\n<td>Anders Jungert<\/td>\n<td>1.138<\/td>\n<td>DNF<\/td>\n<td><\/td>\n<\/tr>\n<tr class=\"even summaryrow\">\n<td>40th<\/td>\n<td>Weta<\/td>\n<td>F<\/td>\n<td>872<\/td>\n<td>MSK<\/td>\n<td>Henrie G\u00f6tvall<\/td>\n<td>1.21<\/td>\n<td>DNF<\/td>\n<td>Flerskrov<\/td>\n<\/tr>\n<\/tbody>\n<\/table>\n<p>Sailwave Scoring Software 2.19.8<\/p>\n\n<div class=\"twitter-share\"><a href=\"https:\/\/twitter.com\/intent\/tweet?via=Every_sailrace\" class=\"twitter-share-button\">Tweet<\/a><\/div>\n","protected":false},"excerpt":{"rendered":"<p>Klassiska Tors\u00f6 Runt 5 september Mariestad V\u00e4nern Rank B\u00e5ttyp Klass Segelnr. Klubb Rorsman SRS tal Korrtid Notes 1st Smaragd B 57 MSK Tomas Kulldin 1.175 5.34.11 Shorthand M\u00e4tbrev E 3507 2nd Birdie 24 B 6851 MSK Thomas Andersson 1.009 5.34.59 Shorthand 3rd Albin Ballad B 1400 MSK Karl-Axel Ramberg 1.076 5.41.40 Shorthand 4th Accent C [&hellip;]<\/p>\n","protected":false},"author":1,"featured_media":0,"parent":108,"menu_order":0,"comment_status":"closed","ping_status":"closed","template":"page-full.php","meta":[],"_links":{"self":[{"href":"http:\/\/www.everysailrace.com\/index.php?rest_route=\/wp\/v2\/pages\/1517"}],"collection":[{"href":"http:\/\/www.everysailrace.com\/index.php?rest_route=\/wp\/v2\/pages"}],"about":[{"href":"http:\/\/www.everysailrace.com\/index.php?rest_route=\/wp\/v2\/types\/page"}],"author":[{"embeddable":true,"href":"http:\/\/www.everysailrace.com\/index.php?rest_route=\/wp\/v2\/users\/1"}],"replies":[{"embeddable":true,"href":"http:\/\/www.everysailrace.com\/index.php?rest_route=%2Fwp%2Fv2%2Fcomments&post=1517"}],"version-history":[{"count":2,"href":"http:\/\/www.everysailrace.com\/index.php?rest_route=\/wp\/v2\/pages\/1517\/revisions"}],"predecessor-version":[{"id":1520,"href":"http:\/\/www.everysailrace.com\/index.php?rest_route=\/wp\/v2\/pages\/1517\/revisions\/1520"}],"up":[{"embeddable":true,"href":"http:\/\/www.everysailrace.com\/index.php?rest_route=\/wp\/v2\/pages\/108"}],"wp:attachment":[{"href":"http:\/\/www.everysailrace.com\/index.php?rest_route=%2Fwp%2Fv2%2Fmedia&parent=1517"}],"curies":[{"name":"wp","href":"https:\/\/api.w.org\/{rel}","templated":true}]}}