{"id":156,"date":"2015-05-14T12:01:22","date_gmt":"2015-05-14T12:01:22","guid":{"rendered":"http:\/\/www.everysailrace.com\/?page_id=156"},"modified":"2015-09-16T14:53:52","modified_gmt":"2015-09-16T14:53:52","slug":"c55-cup","status":"publish","type":"page","link":"http:\/\/www.everysailrace.com\/?page_id=156","title":{"rendered":"C55 Cup"},"content":{"rendered":"\n<div class=\"twitter-share\"><a href=\"https:\/\/twitter.com\/intent\/tweet?via=Every_sailrace\" class=\"twitter-share-button\">Tweet<\/a><\/div>\n<figure id=\"attachment_5783\" aria-describedby=\"caption-attachment-5783\" style=\"width: 333px\" class=\"wp-caption alignleft\"><a href=\"https:\/\/kappsegling.files.wordpress.com\/2015\/04\/c55-kalender-2015.jpg\"><img loading=\"lazy\" class=\"wp-image-5783\" src=\"https:\/\/kappsegling.files.wordpress.com\/2015\/04\/c55-kalender-2015.jpg?w=212\" alt=\"C55 Kalender 2015\" width=\"333\" height=\"464\" \/><\/a><figcaption id=\"caption-attachment-5783\" class=\"wp-caption-text\">T\u00e4vlingskalendern f\u00f6r C55 2015<\/figcaption><\/figure>\n<p><strong>Resultat 2015<\/strong><\/p>\n<p>V\u00e4st<br \/>\n1-<a href=\"http:\/\/www.everysailrace.com\/wp-content\/uploads\/2015\/05\/Framnasvalsen-2015.pdf\">2<\/a>-3-4-5-<a href=\"http:\/\/www.everysailrace.com\/?page_id=1496\" target=\"_blank\">6<\/a>-7<br \/>\nTotalt<\/p>\n<p>Syd<br \/>\n1-2-3-4-5-6- MHC<br \/>\nTotalt<\/p>\n<p>\u00d6st<br \/>\n1-2-3-4-5<br \/>\nTotalt<\/p>\n<p>SM<br \/>\n<a href=\"http:\/\/skanorsbatklubb.se\/c55-sm\/inbjudan\/\" target=\"_blank\">Inbjudan<\/a><br \/>\n<a href=\"https:\/\/docs.google.com\/forms\/d\/1u40YwFEv0XwQcXycikF98Dzbet5uMRbwoeQDlt4UFis\/viewform\" target=\"_blank\">Anm\u00e4lan<\/a><br \/>\n<a href=\"https:\/\/docs.google.com\/spreadsheets\/d\/1se5eDvWkhyNbVbW_G4FqfdvwfpmTTaLhr7kCSs54ujA\/pubhtml\" target=\"_blank\">Anm\u00e4lda<\/a><br \/>\nResultat<\/p>\n<p>&nbsp;<\/p>\n<p><strong>Westfleet GP1 Kullavik 10 maj 2015<\/strong><\/p>\n<table class=\"waffle\" cellspacing=\"0\" cellpadding=\"0\">\n<tbody>\n<tr>\n<td class=\"s0\" dir=\"ltr\">Plac<\/td>\n<td class=\"s0\" dir=\"ltr\">Segelnr<\/td>\n<td class=\"s0\" dir=\"ltr\">Rorsman<\/td>\n<td class=\"s0\" dir=\"ltr\">Klubb<\/td>\n<td class=\"s1\" dir=\"ltr\"><\/td>\n<td class=\"s1\" dir=\"ltr\">1<\/td>\n<td class=\"s1\" dir=\"ltr\">2<\/td>\n<td class=\"s1\" dir=\"ltr\">3<\/td>\n<td class=\"s2\" dir=\"ltr\">4<\/td>\n<td class=\"s3 softmerge\" dir=\"ltr\">\n<div class=\"softmerge-inner\">Tot<\/div>\n<\/td>\n<\/tr>\n<tr>\n<th id=\"0R1\" class=\"row-headers-background row-header-shim\">\n<div class=\"row-header-wrapper\">1<\/div>\n<\/th>\n<td class=\"s4\" dir=\"ltr\">SWE 5<\/td>\n<td class=\"s4\" dir=\"ltr\">Per-Erik Johansson<\/td>\n<td class=\"s4\">HjBK<\/td>\n<td class=\"s4\" dir=\"ltr\"><\/td>\n<td class=\"s5\" dir=\"ltr\">1<\/td>\n<td class=\"s5\" dir=\"ltr\">1<\/td>\n<td class=\"s5\" dir=\"ltr\">2<\/td>\n<td class=\"s5\" dir=\"ltr\">1<\/td>\n<td class=\"s5\" dir=\"ltr\">5<\/td>\n<td class=\"s5\" dir=\"ltr\">3<\/td>\n<\/tr>\n<tr>\n<th id=\"0R2\" class=\"row-headers-background row-header-shim\">\n<div class=\"row-header-wrapper\">2<\/div>\n<\/th>\n<td class=\"s4\" dir=\"ltr\">SWE 378<\/td>\n<td class=\"s4\">Arne K Larsen<\/td>\n<td class=\"s4\">WBS<\/td>\n<td class=\"s4\" dir=\"ltr\"><\/td>\n<td class=\"s5\" dir=\"ltr\">2<\/td>\n<td class=\"s5\" dir=\"ltr\">2<\/td>\n<td class=\"s5\" dir=\"ltr\">1<\/td>\n<td class=\"s5\" dir=\"ltr\">2<\/td>\n<td class=\"s5\" dir=\"ltr\">7<\/td>\n<td class=\"s5\" dir=\"ltr\">5<\/td>\n<\/tr>\n<tr>\n<th id=\"0R3\" class=\"row-headers-background row-header-shim\">\n<div class=\"row-header-wrapper\">3<\/div>\n<\/th>\n<td class=\"s4\" dir=\"ltr\">SWE 470<\/td>\n<td class=\"s4\" dir=\"ltr\">David Nordholm<\/td>\n<td class=\"s4\" dir=\"ltr\">HjBK<\/td>\n<td class=\"s4\" dir=\"ltr\"><\/td>\n<td class=\"s5\" dir=\"ltr\">3<\/td>\n<td class=\"s5\" dir=\"ltr\">3<\/td>\n<td class=\"s5\" dir=\"ltr\">3<\/td>\n<td class=\"s4\" dir=\"ltr\">DNS<\/td>\n<td class=\"s5\" dir=\"ltr\">19<\/td>\n<td class=\"s5\" dir=\"ltr\">9<\/td>\n<\/tr>\n<tr>\n<th id=\"0R4\" class=\"row-headers-background row-header-shim\">\n<div class=\"row-header-wrapper\">4<\/div>\n<\/th>\n<td class=\"s4\" dir=\"ltr\">SWE 465<\/td>\n<td class=\"s4\">Johan B\u00e4rring<\/td>\n<td class=\"s4\">HjBK<\/td>\n<td class=\"s4\" dir=\"ltr\"><\/td>\n<td class=\"s5\" dir=\"ltr\">5<\/td>\n<td class=\"s5\" dir=\"ltr\">5<\/td>\n<td class=\"s5\" dir=\"ltr\">4<\/td>\n<td class=\"s5\" dir=\"ltr\">4<\/td>\n<td class=\"s5\" dir=\"ltr\">18<\/td>\n<td class=\"s5\" dir=\"ltr\">13<\/td>\n<\/tr>\n<tr>\n<th id=\"0R5\" class=\"row-headers-background row-header-shim\">\n<div class=\"row-header-wrapper\">5<\/div>\n<\/th>\n<td class=\"s4\" dir=\"ltr\">SWE 120<\/td>\n<td class=\"s4\" dir=\"ltr\">Samuel Fredriksson<\/td>\n<td class=\"s4\" dir=\"ltr\">KKKK<\/td>\n<td class=\"s4\" dir=\"ltr\"><\/td>\n<td class=\"s5\" dir=\"ltr\">4<\/td>\n<td class=\"s5\" dir=\"ltr\">8<\/td>\n<td class=\"s5\" dir=\"ltr\">7<\/td>\n<td class=\"s5\" dir=\"ltr\">3<\/td>\n<td class=\"s5\" dir=\"ltr\">22<\/td>\n<td class=\"s5\" dir=\"ltr\">14<\/td>\n<\/tr>\n<tr>\n<th id=\"0R6\" class=\"row-headers-background row-header-shim\">\n<div class=\"row-header-wrapper\">6<\/div>\n<\/th>\n<td class=\"s4\" dir=\"ltr\">SWE 468<\/td>\n<td class=\"s4\" dir=\"ltr\">Dick Lindgren<\/td>\n<td class=\"s4\">GKSS<\/td>\n<td class=\"s4\" dir=\"ltr\"><\/td>\n<td class=\"s5\" dir=\"ltr\">7<\/td>\n<td class=\"s5\" dir=\"ltr\">4<\/td>\n<td class=\"s5\" dir=\"ltr\">5<\/td>\n<td class=\"s4\" dir=\"ltr\">DNS<\/td>\n<td class=\"s5\" dir=\"ltr\">26<\/td>\n<td class=\"s5\" dir=\"ltr\">16<\/td>\n<\/tr>\n<tr>\n<th id=\"0R7\" class=\"row-headers-background row-header-shim\">\n<div class=\"row-header-wrapper\">7<\/div>\n<\/th>\n<td class=\"s4\" dir=\"ltr\">SWE 298<\/td>\n<td class=\"s4\">Gunnar Malmgren<\/td>\n<td class=\"s4\">MSS<\/td>\n<td class=\"s4\" dir=\"ltr\"><\/td>\n<td class=\"s5\" dir=\"ltr\">8<\/td>\n<td class=\"s5\" dir=\"ltr\">6<\/td>\n<td class=\"s5\" dir=\"ltr\">6<\/td>\n<td class=\"s4\" dir=\"ltr\">DNS<\/td>\n<td class=\"s5\" dir=\"ltr\">30<\/td>\n<td class=\"s5\" dir=\"ltr\">20<\/td>\n<\/tr>\n<tr>\n<th id=\"0R8\" class=\"row-headers-background row-header-shim\">\n<div class=\"row-header-wrapper\">8<\/div>\n<\/th>\n<td class=\"s4\" dir=\"ltr\">SWE 119<\/td>\n<td class=\"s4\" dir=\"ltr\">Elin Nordin<\/td>\n<td class=\"s4\">KKKK<\/td>\n<td class=\"s4\" dir=\"ltr\"><\/td>\n<td class=\"s5\" dir=\"ltr\">6<\/td>\n<td class=\"s5\" dir=\"ltr\">7<\/td>\n<td class=\"s4\" dir=\"ltr\">DNS<\/td>\n<td class=\"s4\" dir=\"ltr\">DNS<\/td>\n<td class=\"s5\" dir=\"ltr\">33<\/td>\n<td class=\"s5\" dir=\"ltr\">23<\/td>\n<\/tr>\n<tr>\n<th id=\"0R9\" class=\"row-headers-background row-header-shim\">\n<div class=\"row-header-wrapper\">9<\/div>\n<\/th>\n<td class=\"s4\" dir=\"ltr\">SWE 160<\/td>\n<td class=\"s4\" dir=\"ltr\">Mikael Asserfors<\/td>\n<td class=\"s4\">TSS<\/td>\n<td class=\"s4\" dir=\"ltr\"><\/td>\n<td class=\"s4\" dir=\"ltr\">DNS<\/td>\n<td class=\"s4\" dir=\"ltr\">DNS<\/td>\n<td class=\"s4\" dir=\"ltr\">DNS<\/td>\n<td class=\"s4\" dir=\"ltr\">DNS<\/td>\n<td class=\"s5\" dir=\"ltr\">40<\/td>\n<td class=\"s5\" dir=\"ltr\">30<\/td>\n<\/tr>\n<\/tbody>\n<\/table>\n<p><strong>Westfleet GP2 Bj\u00f6rk\u00f6 30 maj 2015<\/strong> <a href=\"http:\/\/www.everysailrace.com\/wp-content\/uploads\/2015\/05\/Framnasvalsen-2015.pdf\"><strong>&gt;&gt;<\/strong><\/a><\/p>\n\n<div class=\"twitter-share\"><a href=\"https:\/\/twitter.com\/intent\/tweet?via=Every_sailrace\" class=\"twitter-share-button\">Tweet<\/a><\/div>\n","protected":false},"excerpt":{"rendered":"<p>Resultat 2015 V\u00e4st 1-2-3-4-5-6-7 Totalt Syd 1-2-3-4-5-6- MHC Totalt \u00d6st 1-2-3-4-5 Totalt SM Inbjudan Anm\u00e4lan Anm\u00e4lda Resultat &nbsp; Westfleet GP1 Kullavik 10 maj 2015 Plac Segelnr Rorsman Klubb 1 2 3 4 Tot 1 SWE 5 Per-Erik Johansson HjBK 1 1 2 1 5 3 2 SWE 378 Arne K Larsen WBS 2 2 1 [&hellip;]<\/p>\n","protected":false},"author":1,"featured_media":0,"parent":108,"menu_order":0,"comment_status":"closed","ping_status":"open","template":"","meta":[],"_links":{"self":[{"href":"http:\/\/www.everysailrace.com\/index.php?rest_route=\/wp\/v2\/pages\/156"}],"collection":[{"href":"http:\/\/www.everysailrace.com\/index.php?rest_route=\/wp\/v2\/pages"}],"about":[{"href":"http:\/\/www.everysailrace.com\/index.php?rest_route=\/wp\/v2\/types\/page"}],"author":[{"embeddable":true,"href":"http:\/\/www.everysailrace.com\/index.php?rest_route=\/wp\/v2\/users\/1"}],"replies":[{"embeddable":true,"href":"http:\/\/www.everysailrace.com\/index.php?rest_route=%2Fwp%2Fv2%2Fcomments&post=156"}],"version-history":[{"count":10,"href":"http:\/\/www.everysailrace.com\/index.php?rest_route=\/wp\/v2\/pages\/156\/revisions"}],"predecessor-version":[{"id":1499,"href":"http:\/\/www.everysailrace.com\/index.php?rest_route=\/wp\/v2\/pages\/156\/revisions\/1499"}],"up":[{"embeddable":true,"href":"http:\/\/www.everysailrace.com\/index.php?rest_route=\/wp\/v2\/pages\/108"}],"wp:attachment":[{"href":"http:\/\/www.everysailrace.com\/index.php?rest_route=%2Fwp%2Fv2%2Fmedia&parent=156"}],"curies":[{"name":"wp","href":"https:\/\/api.w.org\/{rel}","templated":true}]}}