{"id":1766,"date":"2015-11-16T21:47:35","date_gmt":"2015-11-16T21:47:35","guid":{"rendered":"http:\/\/www.everysailrace.com\/?page_id=1766"},"modified":"2016-03-15T09:06:13","modified_gmt":"2016-03-15T09:06:13","slug":"laser-master-vestcup-2015","status":"publish","type":"page","link":"http:\/\/www.everysailrace.com\/?page_id=1766","title":{"rendered":"Laser Master VestCup 2015"},"content":{"rendered":"\n<div class=\"twitter-share\"><a href=\"https:\/\/twitter.com\/intent\/tweet?via=Every_sailrace\" class=\"twitter-share-button\">Tweet<\/a><\/div>\n<h6>Sailed: 6, Discards: 1, To count: 5, Entries: 42, Scoring system: Appendix A<\/h6>\n<table class=\"summarytable\" border=\"0\" cellspacing=\"0\" cellpadding=\"0\">\n<colgroup span=\"17\">\n<col class=\"rank\" \/>\n<col class=\"fleet\" \/>\n<col class=\"boat\" \/>\n<col class=\"class\" \/>\n<col class=\"sailno\" \/>\n<col class=\"club\" \/>\n<col class=\"helmname\" \/>\n<col class=\"crewname\" \/>\n<col class=\"rating\" \/>\n<col class=\"race\" \/>\n<col class=\"race\" \/>\n<col class=\"race\" \/>\n<col class=\"race\" \/>\n<col class=\"race\" \/>\n<col class=\"race\" \/>\n<col class=\"total\" \/>\n<col class=\"nett\" \/><\/colgroup>\n<thead>\n<tr class=\"titlerow\">\n<th>Rank<\/th>\n<th><\/th>\n<th><\/th>\n<th>Class<\/th>\n<th>Sail<\/th>\n<th>Club<\/th>\n<th>HelmName<\/th>\n<th><\/th>\n<th><\/th>\n<th>GKSS<\/th>\n<th>S\u00e4r\u00f6<\/th>\n<th>Styrs\u00f6 Runt<\/th>\n<th>KLM<\/th>\n<th>Gottsk\u00e4r GP<\/th>\n<th>DM Kullavik<\/th>\n<th>Total<\/th>\n<th>Nett<\/th>\n<\/tr>\n<\/thead>\n<tbody>\n<tr class=\"odd summaryrow\">\n<td>1st<\/td>\n<td><\/td>\n<td><\/td>\n<td>Laser Standard Master<\/td>\n<td>203047<\/td>\n<td>GKSS<\/td>\n<td>Stefan Nordstr\u00f6m<\/td>\n<td><\/td>\n<td><\/td>\n<td>2.0<\/td>\n<td>1.0<\/td>\n<td>3.0<\/td>\n<td>(43.0 DNC)<\/td>\n<td>1.0<\/td>\n<td>1.0<\/td>\n<td>51.0<\/td>\n<td>8.0<\/td>\n<\/tr>\n<tr class=\"even summaryrow\">\n<td>2nd<\/td>\n<td><\/td>\n<td><\/td>\n<td>Laser Standard Master<\/td>\n<td>205183<\/td>\n<td>KKKK<\/td>\n<td>Tomas Nordqvist<\/td>\n<td><\/td>\n<td><\/td>\n<td>1.0<\/td>\n<td>2.0<\/td>\n<td>1.0<\/td>\n<td>(43.0 DNC)<\/td>\n<td>2.0<\/td>\n<td>3.0<\/td>\n<td>52.0<\/td>\n<td>9.0<\/td>\n<\/tr>\n<tr class=\"odd summaryrow\">\n<td>3rd<\/td>\n<td><\/td>\n<td><\/td>\n<td>Laser Standard Master<\/td>\n<td>203149<\/td>\n<td>BKSS<\/td>\n<td>Johan Lindstedt<\/td>\n<td><\/td>\n<td><\/td>\n<td>13.0<\/td>\n<td>6.0<\/td>\n<td>6.0<\/td>\n<td>(43.0 DNC)<\/td>\n<td>5.0<\/td>\n<td>4.0<\/td>\n<td>77.0<\/td>\n<td>34.0<\/td>\n<\/tr>\n<tr class=\"even summaryrow\">\n<td>4th<\/td>\n<td><\/td>\n<td><\/td>\n<td>Laser Standard Master<\/td>\n<td>198999<\/td>\n<td>KKKK<\/td>\n<td>David Bourghardt<\/td>\n<td><\/td>\n<td><\/td>\n<td>4.0<\/td>\n<td>5.0<\/td>\n<td>(43.0 DNC)<\/td>\n<td>1.0<\/td>\n<td>6.0<\/td>\n<td>43.0 DNC<\/td>\n<td>102.0<\/td>\n<td>59.0<\/td>\n<\/tr>\n<tr class=\"odd summaryrow\">\n<td>5th<\/td>\n<td><\/td>\n<td><\/td>\n<td>Laser Standard Master<\/td>\n<td>176819<\/td>\n<td>GKSS<\/td>\n<td>Mats Hovde<\/td>\n<td><\/td>\n<td><\/td>\n<td>6.0<\/td>\n<td>4.0<\/td>\n<td>(43.0 DNC)<\/td>\n<td>4.0<\/td>\n<td>4.0<\/td>\n<td>43.0 DNC<\/td>\n<td>104.0<\/td>\n<td>61.0<\/td>\n<\/tr>\n<tr class=\"even summaryrow\">\n<td>6th<\/td>\n<td><\/td>\n<td><\/td>\n<td>Laser Standard Master<\/td>\n<td>183976<\/td>\n<td>BKSS<\/td>\n<td>Magnus T\u00f6rnqvist<\/td>\n<td><\/td>\n<td><\/td>\n<td>5.0<\/td>\n<td>3.0<\/td>\n<td>(43.0 DNC)<\/td>\n<td>43.0 DNC<\/td>\n<td>3.0<\/td>\n<td>9.0<\/td>\n<td>106.0<\/td>\n<td>63.0<\/td>\n<\/tr>\n<tr class=\"odd summaryrow\">\n<td>7th<\/td>\n<td><\/td>\n<td><\/td>\n<td>Laser Standard Master<\/td>\n<td>180345<\/td>\n<td>BKSS<\/td>\n<td>Ulf Lundblad<\/td>\n<td><\/td>\n<td><\/td>\n<td>11.0<\/td>\n<td>(43.0 DNC)<\/td>\n<td>7.0<\/td>\n<td>43.0 DNC<\/td>\n<td>7.0<\/td>\n<td>2.0<\/td>\n<td>113.0<\/td>\n<td>70.0<\/td>\n<\/tr>\n<tr class=\"even summaryrow\">\n<td>8th<\/td>\n<td><\/td>\n<td><\/td>\n<td>Laser Standard Master<\/td>\n<td>4<\/td>\n<td>KKKK<\/td>\n<td>Kent Holzner<\/td>\n<td><\/td>\n<td><\/td>\n<td>20.0<\/td>\n<td>(43.0 DNC)<\/td>\n<td>10.0<\/td>\n<td>43.0 DNC<\/td>\n<td>9.0<\/td>\n<td>6.0<\/td>\n<td>131.0<\/td>\n<td>88.0<\/td>\n<\/tr>\n<tr class=\"odd summaryrow\">\n<td>9th<\/td>\n<td><\/td>\n<td><\/td>\n<td>Laser Standard Master<\/td>\n<td>175475<\/td>\n<td>KKKK<\/td>\n<td>Andreas Ljungberg<\/td>\n<td><\/td>\n<td><\/td>\n<td>3.0<\/td>\n<td>7.0<\/td>\n<td>(43.0 DNC)<\/td>\n<td>43.0 DNC<\/td>\n<td>43.0 DNC<\/td>\n<td>5.0<\/td>\n<td>144.0<\/td>\n<td>101.0<\/td>\n<\/tr>\n<tr class=\"even summaryrow\">\n<td>10th<\/td>\n<td><\/td>\n<td><\/td>\n<td>Laser Standard Master<\/td>\n<td>194531<\/td>\n<td>KKKK<\/td>\n<td>Fredrik Wallander<\/td>\n<td><\/td>\n<td><\/td>\n<td>17.0<\/td>\n<td>(43.0 DNC)<\/td>\n<td>43.0 DNC<\/td>\n<td>5.0<\/td>\n<td>43.0 DNC<\/td>\n<td>7.0<\/td>\n<td>158.0<\/td>\n<td>115.0<\/td>\n<\/tr>\n<tr class=\"odd summaryrow\">\n<td>11th<\/td>\n<td><\/td>\n<td><\/td>\n<td>Laser Standard Master<\/td>\n<td>68178<\/td>\n<td>KKKK<\/td>\n<td>Peter Molse<\/td>\n<td><\/td>\n<td><\/td>\n<td>(43.0 DNC)<\/td>\n<td>8.0<\/td>\n<td>43.0 DNC<\/td>\n<td>10.0<\/td>\n<td>43.0 DNC<\/td>\n<td>43.0 DNC<\/td>\n<td>190.0<\/td>\n<td>147.0<\/td>\n<\/tr>\n<tr class=\"even summaryrow\">\n<td>12th<\/td>\n<td><\/td>\n<td><\/td>\n<td>Laser Standard Master<\/td>\n<td>199611<\/td>\n<td>BKSS<\/td>\n<td>Johan M\u00e4lsj\u00f6<\/td>\n<td><\/td>\n<td><\/td>\n<td>(43.0 DNC)<\/td>\n<td>9.0<\/td>\n<td>9.0<\/td>\n<td>43.0 DNC<\/td>\n<td>43.0 DNC<\/td>\n<td>43.0 DNC<\/td>\n<td>190.0<\/td>\n<td>147.0<\/td>\n<\/tr>\n<tr class=\"odd summaryrow\">\n<td>13th<\/td>\n<td><\/td>\n<td><\/td>\n<td>Laser Standard Master<\/td>\n<td><\/td>\n<td>BKSS<\/td>\n<td>Tommy Isidorsson<\/td>\n<td><\/td>\n<td><\/td>\n<td>(43.0 DNC)<\/td>\n<td>43.0 DNC<\/td>\n<td>5.0<\/td>\n<td>15.0<\/td>\n<td>43.0 DNC<\/td>\n<td>43.0 DNC<\/td>\n<td>192.0<\/td>\n<td>149.0<\/td>\n<\/tr>\n<tr class=\"even summaryrow\">\n<td>14th<\/td>\n<td><\/td>\n<td><\/td>\n<td>Laser Standard Master<\/td>\n<td>198520<\/td>\n<td>R\u00c5SS<\/td>\n<td>Joakim Dovr\u00e9n<\/td>\n<td><\/td>\n<td><\/td>\n<td>(43.0 DNC)<\/td>\n<td>43.0 DNC<\/td>\n<td>43.0 DNC<\/td>\n<td>14.0<\/td>\n<td>8.0<\/td>\n<td>43.0 DNC<\/td>\n<td>194.0<\/td>\n<td>151.0<\/td>\n<\/tr>\n<tr class=\"odd summaryrow\">\n<td>15th<\/td>\n<td><\/td>\n<td><\/td>\n<td>Laser Standard Master<\/td>\n<td>197901<\/td>\n<td>GKSS<\/td>\n<td>Filip Jacobsson<\/td>\n<td><\/td>\n<td><\/td>\n<td>15.0<\/td>\n<td>(43.0 DNC)<\/td>\n<td>13.0<\/td>\n<td>43.0 DNC<\/td>\n<td>43.0 DNC<\/td>\n<td>43.0 DNC<\/td>\n<td>200.0<\/td>\n<td>157.0<\/td>\n<\/tr>\n<tr class=\"even summaryrow\">\n<td>16th<\/td>\n<td><\/td>\n<td><\/td>\n<td>Laser Standard Master<\/td>\n<td>204303<\/td>\n<td>KSSS<\/td>\n<td>Henrik Glimstedt<\/td>\n<td><\/td>\n<td><\/td>\n<td>23.0<\/td>\n<td>(43.0 DNC)<\/td>\n<td>43.0 DNC<\/td>\n<td>8.0<\/td>\n<td>43.0 DNC<\/td>\n<td>43.0 DNC<\/td>\n<td>203.0<\/td>\n<td>160.0<\/td>\n<\/tr>\n<tr class=\"odd summaryrow\">\n<td>17th<\/td>\n<td><\/td>\n<td><\/td>\n<td>Laser Standard Master<\/td>\n<td>185176<\/td>\n<td>HKSS<\/td>\n<td>Jonas \u00d6sterberg<\/td>\n<td><\/td>\n<td><\/td>\n<td>21.0<\/td>\n<td>(43.0 DNC)<\/td>\n<td>43.0 DNC<\/td>\n<td>12.0<\/td>\n<td>43.0 DNC<\/td>\n<td>43.0 DNC<\/td>\n<td>205.0<\/td>\n<td>162.0<\/td>\n<\/tr>\n<tr class=\"even summaryrow\">\n<td>18th<\/td>\n<td><\/td>\n<td><\/td>\n<td>Laser Standard Master<\/td>\n<td>205172<\/td>\n<td>KKKK<\/td>\n<td>Nicklas Frid\u00e9n<\/td>\n<td><\/td>\n<td><\/td>\n<td>(43.0 DNC)<\/td>\n<td>43.0 DNC<\/td>\n<td>43.0 DNC<\/td>\n<td>2.0<\/td>\n<td>43.0 DNC<\/td>\n<td>43.0 DNC<\/td>\n<td>217.0<\/td>\n<td>174.0<\/td>\n<\/tr>\n<tr class=\"odd summaryrow\">\n<td>19th<\/td>\n<td><\/td>\n<td><\/td>\n<td>Laser Standard Master<\/td>\n<td>102555<\/td>\n<td>KKKK<\/td>\n<td>\u00c5ke Hansson<\/td>\n<td><\/td>\n<td><\/td>\n<td>(43.0 DNC)<\/td>\n<td>43.0 DNC<\/td>\n<td>2.0<\/td>\n<td>43.0 DNC<\/td>\n<td>43.0 DNC<\/td>\n<td>43.0 DNC<\/td>\n<td>217.0<\/td>\n<td>174.0<\/td>\n<\/tr>\n<tr class=\"even summaryrow\">\n<td>20th<\/td>\n<td><\/td>\n<td><\/td>\n<td>Laser Standard Master<\/td>\n<td>191783<\/td>\n<td>KKKK<\/td>\n<td>Niklas Pernvik<\/td>\n<td><\/td>\n<td><\/td>\n<td>(43.0 DNC)<\/td>\n<td>43.0 DNC<\/td>\n<td>43.0 DNC<\/td>\n<td>3.0<\/td>\n<td>43.0 DNC<\/td>\n<td>43.0 DNC<\/td>\n<td>218.0<\/td>\n<td>175.0<\/td>\n<\/tr>\n<tr class=\"odd summaryrow\">\n<td>21st<\/td>\n<td><\/td>\n<td><\/td>\n<td>Laser Standard Master<\/td>\n<td><\/td>\n<td>BKSS<\/td>\n<td>Marcus Andersson<\/td>\n<td><\/td>\n<td><\/td>\n<td>(43.0 DNC)<\/td>\n<td>43.0 DNC<\/td>\n<td>4.0<\/td>\n<td>43.0 DNC<\/td>\n<td>43.0 DNC<\/td>\n<td>43.0 DNC<\/td>\n<td>219.0<\/td>\n<td>176.0<\/td>\n<\/tr>\n<tr class=\"even summaryrow\">\n<td>22nd<\/td>\n<td><\/td>\n<td><\/td>\n<td>Laser Standard Master<\/td>\n<td><\/td>\n<td>BKSS<\/td>\n<td>David Hallb\u00e4ck<\/td>\n<td><\/td>\n<td><\/td>\n<td>(43.0 DNC)<\/td>\n<td>43.0 DNC<\/td>\n<td>43.0 DNC<\/td>\n<td>6.0<\/td>\n<td>43.0 DNC<\/td>\n<td>43.0 DNC<\/td>\n<td>221.0<\/td>\n<td>178.0<\/td>\n<\/tr>\n<tr class=\"odd summaryrow\">\n<td>23rd<\/td>\n<td><\/td>\n<td><\/td>\n<td>Laser Standard Master<\/td>\n<td>203187<\/td>\n<td>GKSS<\/td>\n<td>Per Sj\u00f6gren<\/td>\n<td><\/td>\n<td><\/td>\n<td>(43.0 DNC)<\/td>\n<td>43.0 DNC<\/td>\n<td>43.0 DNC<\/td>\n<td>7.0<\/td>\n<td>43.0 DNC<\/td>\n<td>43.0 DNC<\/td>\n<td>222.0<\/td>\n<td>179.0<\/td>\n<\/tr>\n<tr class=\"even summaryrow\">\n<td>24th<\/td>\n<td><\/td>\n<td><\/td>\n<td>Laser Standard Master<\/td>\n<td>200490<\/td>\n<td>MSS<\/td>\n<td>Rene Sarabia Johannsen<\/td>\n<td><\/td>\n<td><\/td>\n<td>7.0<\/td>\n<td>(43.0 DNC)<\/td>\n<td>43.0 DNC<\/td>\n<td>43.0 DNC<\/td>\n<td>43.0 DNC<\/td>\n<td>43.0 DNC<\/td>\n<td>222.0<\/td>\n<td>179.0<\/td>\n<\/tr>\n<tr class=\"odd summaryrow\">\n<td>25th<\/td>\n<td><\/td>\n<td><\/td>\n<td>Laser Standard Master<\/td>\n<td>192313<\/td>\n<td>GKSS<\/td>\n<td>Jan Grolig<\/td>\n<td><\/td>\n<td><\/td>\n<td>(43.0 DNC)<\/td>\n<td>43.0 DNC<\/td>\n<td>43.0 DNC<\/td>\n<td>43.0 DNC<\/td>\n<td>43.0 DNC<\/td>\n<td>8.0<\/td>\n<td>223.0<\/td>\n<td>180.0<\/td>\n<\/tr>\n<tr class=\"even summaryrow\">\n<td>26th<\/td>\n<td><\/td>\n<td><\/td>\n<td>Laser Standard Master<\/td>\n<td><\/td>\n<td>BKSS<\/td>\n<td>Svante Nilo Bengtsson<\/td>\n<td><\/td>\n<td><\/td>\n<td>(43.0 DNC)<\/td>\n<td>43.0 DNC<\/td>\n<td>8.0<\/td>\n<td>43.0 DNC<\/td>\n<td>43.0 DNC<\/td>\n<td>43.0 DNC<\/td>\n<td>223.0<\/td>\n<td>180.0<\/td>\n<\/tr>\n<tr class=\"odd summaryrow\">\n<td>27th<\/td>\n<td><\/td>\n<td><\/td>\n<td>Laser Standard Master<\/td>\n<td>173808<\/td>\n<td>GKSS<\/td>\n<td>Torbj\u00f6rn Jonsson<\/td>\n<td><\/td>\n<td><\/td>\n<td>8.0<\/td>\n<td>(43.0 DNC)<\/td>\n<td>43.0 DNC<\/td>\n<td>43.0 DNC<\/td>\n<td>43.0 DNC<\/td>\n<td>43.0 DNC<\/td>\n<td>223.0<\/td>\n<td>180.0<\/td>\n<\/tr>\n<tr class=\"even summaryrow\">\n<td>28th<\/td>\n<td><\/td>\n<td><\/td>\n<td>Laser Standard Master<\/td>\n<td><\/td>\n<td>KKKK<\/td>\n<td>Magnus Pernvik<\/td>\n<td><\/td>\n<td><\/td>\n<td>(43.0 DNC)<\/td>\n<td>43.0 DNC<\/td>\n<td>43.0 DNC<\/td>\n<td>9.0<\/td>\n<td>43.0 DNC<\/td>\n<td>43.0 DNC<\/td>\n<td>224.0<\/td>\n<td>181.0<\/td>\n<\/tr>\n<tr class=\"odd summaryrow\">\n<td>29th<\/td>\n<td><\/td>\n<td><\/td>\n<td>Laser Standard Master<\/td>\n<td>199617<\/td>\n<td>GKSS<\/td>\n<td>Mikael Bj\u00f6rndal<\/td>\n<td><\/td>\n<td><\/td>\n<td>9.0<\/td>\n<td>(43.0 DNC)<\/td>\n<td>43.0 DNC<\/td>\n<td>43.0 DNC<\/td>\n<td>43.0 DNC<\/td>\n<td>43.0 DNC<\/td>\n<td>224.0<\/td>\n<td>181.0<\/td>\n<\/tr>\n<tr class=\"even summaryrow\">\n<td>30th<\/td>\n<td><\/td>\n<td><\/td>\n<td>Laser Standard Master<\/td>\n<td>207533<\/td>\n<td>T\u00c4BK<\/td>\n<td>Johan Andersson<\/td>\n<td><\/td>\n<td><\/td>\n<td>10.0<\/td>\n<td>(43.0 DNC)<\/td>\n<td>43.0 DNC<\/td>\n<td>43.0 DNC<\/td>\n<td>43.0 DNC<\/td>\n<td>43.0 DNC<\/td>\n<td>225.0<\/td>\n<td>182.0<\/td>\n<\/tr>\n<tr class=\"odd summaryrow\">\n<td>31st<\/td>\n<td><\/td>\n<td><\/td>\n<td>Laser Standard Master<\/td>\n<td><\/td>\n<td>GKSS<\/td>\n<td>Peter Jacobsson<\/td>\n<td><\/td>\n<td><\/td>\n<td>(43.0 DNC)<\/td>\n<td>43.0 DNC<\/td>\n<td>43.0 DNC<\/td>\n<td>11.0<\/td>\n<td>43.0 DNC<\/td>\n<td>43.0 DNC<\/td>\n<td>226.0<\/td>\n<td>183.0<\/td>\n<\/tr>\n<tr class=\"even summaryrow\">\n<td>32nd<\/td>\n<td><\/td>\n<td><\/td>\n<td>Laser Standard Master<\/td>\n<td><\/td>\n<td>BKSS<\/td>\n<td>Lasse Frenn\u00e5s<\/td>\n<td><\/td>\n<td><\/td>\n<td>(43.0 DNC)<\/td>\n<td>43.0 DNC<\/td>\n<td>11.0<\/td>\n<td>43.0 DNC<\/td>\n<td>43.0 DNC<\/td>\n<td>43.0 DNC<\/td>\n<td>226.0<\/td>\n<td>183.0<\/td>\n<\/tr>\n<tr class=\"odd summaryrow\">\n<td>33rd<\/td>\n<td><\/td>\n<td><\/td>\n<td>Laser Standard Master<\/td>\n<td><\/td>\n<td><\/td>\n<td>Doreen Ranisch<\/td>\n<td><\/td>\n<td><\/td>\n<td>(43.0 DNC)<\/td>\n<td>43.0 DNC<\/td>\n<td>12.0<\/td>\n<td>43.0 DNC<\/td>\n<td>43.0 DNC<\/td>\n<td>43.0 DNC<\/td>\n<td>227.0<\/td>\n<td>184.0<\/td>\n<\/tr>\n<tr class=\"even summaryrow\">\n<td>34th<\/td>\n<td><\/td>\n<td><\/td>\n<td>Laser Standard Master<\/td>\n<td>190608<\/td>\n<td>BKSS<\/td>\n<td>Anders Mattsson<\/td>\n<td><\/td>\n<td><\/td>\n<td>12.0<\/td>\n<td>(43.0 DNC)<\/td>\n<td>43.0 DNC<\/td>\n<td>43.0 DNC<\/td>\n<td>43.0 DNC<\/td>\n<td>43.0 DNC<\/td>\n<td>227.0<\/td>\n<td>184.0<\/td>\n<\/tr>\n<tr class=\"odd summaryrow\">\n<td>35th<\/td>\n<td><\/td>\n<td><\/td>\n<td>Laser Standard Master<\/td>\n<td><\/td>\n<td>BKSS<\/td>\n<td>Johan Linger<\/td>\n<td><\/td>\n<td><\/td>\n<td>(43.0 DNC)<\/td>\n<td>43.0 DNC<\/td>\n<td>43.0 DNC<\/td>\n<td>13.0<\/td>\n<td>43.0 DNC<\/td>\n<td>43.0 DNC<\/td>\n<td>228.0<\/td>\n<td>185.0<\/td>\n<\/tr>\n<tr class=\"even summaryrow\">\n<td>36th<\/td>\n<td><\/td>\n<td><\/td>\n<td>Laser Standard Master<\/td>\n<td>204666<\/td>\n<td>BSF<\/td>\n<td>Atle Lohrmann<\/td>\n<td><\/td>\n<td><\/td>\n<td>14.0<\/td>\n<td>(43.0 DNC)<\/td>\n<td>43.0 DNC<\/td>\n<td>43.0 DNC<\/td>\n<td>43.0 DNC<\/td>\n<td>43.0 DNC<\/td>\n<td>229.0<\/td>\n<td>186.0<\/td>\n<\/tr>\n<tr class=\"odd summaryrow\">\n<td>37th<\/td>\n<td><\/td>\n<td><\/td>\n<td>Laser Standard Master<\/td>\n<td><\/td>\n<td>NJK<\/td>\n<td>Lars G Thelestam<\/td>\n<td><\/td>\n<td><\/td>\n<td>(43.0 DNC)<\/td>\n<td>43.0 DNC<\/td>\n<td>43.0 DNC<\/td>\n<td>16.0<\/td>\n<td>43.0 DNC<\/td>\n<td>43.0 DNC<\/td>\n<td>231.0<\/td>\n<td>188.0<\/td>\n<\/tr>\n<tr class=\"even summaryrow\">\n<td>38th<\/td>\n<td><\/td>\n<td><\/td>\n<td>Laser Standard Master<\/td>\n<td>203584<\/td>\n<td>MSS<\/td>\n<td>Micael Lundgren<\/td>\n<td><\/td>\n<td><\/td>\n<td>16.0<\/td>\n<td>(43.0 DNC)<\/td>\n<td>43.0 DNC<\/td>\n<td>43.0 DNC<\/td>\n<td>43.0 DNC<\/td>\n<td>43.0 DNC<\/td>\n<td>231.0<\/td>\n<td>188.0<\/td>\n<\/tr>\n<tr class=\"odd summaryrow\">\n<td>39th<\/td>\n<td><\/td>\n<td><\/td>\n<td>Laser Standard Master<\/td>\n<td>194975<\/td>\n<td>MSS<\/td>\n<td>Stefan Sandahl<\/td>\n<td><\/td>\n<td><\/td>\n<td>18.0<\/td>\n<td>(43.0 DNC)<\/td>\n<td>43.0 DNC<\/td>\n<td>43.0 DNC<\/td>\n<td>43.0 DNC<\/td>\n<td>43.0 DNC<\/td>\n<td>233.0<\/td>\n<td>190.0<\/td>\n<\/tr>\n<tr class=\"even summaryrow\">\n<td>40th<\/td>\n<td><\/td>\n<td><\/td>\n<td>Laser Standard Master<\/td>\n<td>184016<\/td>\n<td>SSP<\/td>\n<td>Lars Salminen<\/td>\n<td><\/td>\n<td><\/td>\n<td>19.0<\/td>\n<td>(43.0 DNC)<\/td>\n<td>43.0 DNC<\/td>\n<td>43.0 DNC<\/td>\n<td>43.0 DNC<\/td>\n<td>43.0 DNC<\/td>\n<td>234.0<\/td>\n<td>191.0<\/td>\n<\/tr>\n<tr class=\"odd summaryrow\">\n<td>41st<\/td>\n<td><\/td>\n<td><\/td>\n<td>Laser Standard Master<\/td>\n<td>204659<\/td>\n<td>KNS<\/td>\n<td>Morten D. Lie<\/td>\n<td><\/td>\n<td><\/td>\n<td>22.0<\/td>\n<td>(43.0 DNC)<\/td>\n<td>43.0 DNC<\/td>\n<td>43.0 DNC<\/td>\n<td>43.0 DNC<\/td>\n<td>43.0 DNC<\/td>\n<td>237.0<\/td>\n<td>194.0<\/td>\n<\/tr>\n<tr class=\"even summaryrow\">\n<td>42nd<\/td>\n<td><\/td>\n<td><\/td>\n<td>Laser Standard Master<\/td>\n<td>40436<\/td>\n<td>BoSS<\/td>\n<td>Jan Johannesson<\/td>\n<td><\/td>\n<td><\/td>\n<td>24.0<\/td>\n<td>(43.0 DNC)<\/td>\n<td>43.0 DNC<\/td>\n<td>43.0 DNC<\/td>\n<td>43.0 DNC<\/td>\n<td>43.0 DNC<\/td>\n<td>239.0<\/td>\n<td>196.0<\/td>\n<\/tr>\n<\/tbody>\n<\/table>\n<p>&nbsp;<\/p>\n\n<div class=\"twitter-share\"><a href=\"https:\/\/twitter.com\/intent\/tweet?via=Every_sailrace\" class=\"twitter-share-button\">Tweet<\/a><\/div>\n","protected":false},"excerpt":{"rendered":"<p>Sailed: 6, Discards: 1, To count: 5, Entries: 42, Scoring system: Appendix A Rank Class Sail Club HelmName GKSS S\u00e4r\u00f6 Styrs\u00f6 Runt KLM Gottsk\u00e4r GP DM Kullavik Total Nett 1st Laser Standard Master 203047 GKSS Stefan Nordstr\u00f6m 2.0 1.0 3.0 (43.0 DNC) 1.0 1.0 51.0 8.0 2nd Laser Standard Master 205183 KKKK Tomas Nordqvist 1.0 [&hellip;]<\/p>\n","protected":false},"author":1,"featured_media":0,"parent":2335,"menu_order":0,"comment_status":"closed","ping_status":"closed","template":"page-full.php","meta":[],"_links":{"self":[{"href":"http:\/\/www.everysailrace.com\/index.php?rest_route=\/wp\/v2\/pages\/1766"}],"collection":[{"href":"http:\/\/www.everysailrace.com\/index.php?rest_route=\/wp\/v2\/pages"}],"about":[{"href":"http:\/\/www.everysailrace.com\/index.php?rest_route=\/wp\/v2\/types\/page"}],"author":[{"embeddable":true,"href":"http:\/\/www.everysailrace.com\/index.php?rest_route=\/wp\/v2\/users\/1"}],"replies":[{"embeddable":true,"href":"http:\/\/www.everysailrace.com\/index.php?rest_route=%2Fwp%2Fv2%2Fcomments&post=1766"}],"version-history":[{"count":1,"href":"http:\/\/www.everysailrace.com\/index.php?rest_route=\/wp\/v2\/pages\/1766\/revisions"}],"predecessor-version":[{"id":1767,"href":"http:\/\/www.everysailrace.com\/index.php?rest_route=\/wp\/v2\/pages\/1766\/revisions\/1767"}],"up":[{"embeddable":true,"href":"http:\/\/www.everysailrace.com\/index.php?rest_route=\/wp\/v2\/pages\/2335"}],"wp:attachment":[{"href":"http:\/\/www.everysailrace.com\/index.php?rest_route=%2Fwp%2Fv2%2Fmedia&parent=1766"}],"curies":[{"name":"wp","href":"https:\/\/api.w.org\/{rel}","templated":true}]}}