{"id":1917,"date":"2015-12-07T23:29:55","date_gmt":"2015-12-07T23:29:55","guid":{"rendered":"http:\/\/www.everysailrace.com\/?page_id=1917"},"modified":"2015-12-07T23:30:18","modified_gmt":"2015-12-07T23:30:18","slug":"accent-cupen-2015","status":"publish","type":"page","link":"http:\/\/www.everysailrace.com\/?page_id=1917","title":{"rendered":"Accent-Cupen 2015"},"content":{"rendered":"\n<div class=\"twitter-share\"><a href=\"https:\/\/twitter.com\/intent\/tweet?via=Every_sailrace\" class=\"twitter-share-button\">Tweet<\/a><\/div>\n<p>&nbsp;<\/p>\n<table width=\"1168\">\n<tbody>\n<tr>\n<td colspan=\"17\" width=\"1168\">Resultat i t\u00e4vlingarna<\/td>\n<\/tr>\n<tr>\n<td>Plac<\/td>\n<td>SglNr<\/td>\n<td>Bes\u00e4ttning<\/td>\n<td>B\u00e5tnamn<\/td>\n<td>Klubb<\/td>\n<td>1STSS<\/td>\n<td>2SMSS<\/td>\n<td>3SSV\u00c4<\/td>\n<td>4LSSG<\/td>\n<td>5SYC<\/td>\n<td>6SSN<\/td>\n<td>7BJK<\/td>\n<td>8SSSS<\/td>\n<td>9HKSS<\/td>\n<td>Tj\u00f6rn Runt<\/td>\n<td>10SSV\u00c4<\/td>\n<td>LSS<\/td>\n<\/tr>\n<tr>\n<td>21<\/td>\n<td>67<\/td>\n<td>Hans Oskarsson<\/td>\n<td>Accent<\/td>\n<td>STSS<\/td>\n<td>1<\/td>\n<td>(DNC)<\/td>\n<td>(DNC)<\/td>\n<td>(DNC)<\/td>\n<td>(DNC)<\/td>\n<td>(DNC)<\/td>\n<td>DNC<\/td>\n<td>DNC<\/td>\n<td>1<\/td>\n<td>1<\/td>\n<td>DNC<\/td>\n<td>DNC<\/td>\n<\/tr>\n<tr>\n<td>25<\/td>\n<td>256<\/td>\n<td>Johan Lindstedt<\/td>\n<td>Accent<\/td>\n<td>BKSS<\/td>\n<td>2<\/td>\n<td>(DNC)<\/td>\n<td>(DNC)<\/td>\n<td>(DNC)<\/td>\n<td>1<\/td>\n<td>(DNC)<\/td>\n<td>(DNC)<\/td>\n<td>DNC<\/td>\n<td>DNC<\/td>\n<td>2<\/td>\n<td>DNC<\/td>\n<td>2<\/td>\n<\/tr>\n<tr>\n<td>117<\/td>\n<td>260<\/td>\n<td>Johan von Otter<\/td>\n<td>Accent<\/td>\n<td>SS Sl\u00f6ren<\/td>\n<td>(DNC)<\/td>\n<td>(DNC)<\/td>\n<td>(DNC)<\/td>\n<td>(DNC)<\/td>\n<td>(DNC)<\/td>\n<td>DNC<\/td>\n<td>DNC<\/td>\n<td>DNC<\/td>\n<td>2<\/td>\n<td>3<\/td>\n<td>DNC<\/td>\n<td>1<\/td>\n<\/tr>\n<tr>\n<td>21<\/td>\n<td>67<\/td>\n<td>Hans Oskarsson<\/td>\n<td>Accent<\/td>\n<td>STSS<\/td>\n<td>6<\/td>\n<td>(DNC)<\/td>\n<td>(DNC)<\/td>\n<td>(DNC)<\/td>\n<td>(DNC)<\/td>\n<td>(DNC)<\/td>\n<td>DNC<\/td>\n<td>DNC<\/td>\n<td>11<\/td>\n<td>1<\/td>\n<td>DNC<\/td>\n<td>DNC<\/td>\n<\/tr>\n<tr>\n<td>25<\/td>\n<td>256<\/td>\n<td>Johan Lindstedt<\/td>\n<td>Accent<\/td>\n<td>BKSS<\/td>\n<td>24<\/td>\n<td>(DNC)<\/td>\n<td>(DNC)<\/td>\n<td>(DNC)<\/td>\n<td>3<\/td>\n<td>(DNC)<\/td>\n<td>(DNC)<\/td>\n<td>DNC<\/td>\n<td>DNC<\/td>\n<td>19<\/td>\n<td>DNC<\/td>\n<td>25<\/td>\n<\/tr>\n<tr>\n<td>117<\/td>\n<td>260<\/td>\n<td>Johan von Otter<\/td>\n<td>Accent<\/td>\n<td>SS Sl\u00f6ren<\/td>\n<td>(DNC)<\/td>\n<td>(DNC)<\/td>\n<td>(DNC)<\/td>\n<td>(DNC)<\/td>\n<td>(DNC)<\/td>\n<td>DNC<\/td>\n<td>DNC<\/td>\n<td>DNC<\/td>\n<td>35<\/td>\n<td>59<\/td>\n<td>DNC<\/td>\n<td>9<\/td>\n<\/tr>\n<tr>\n<td colspan=\"17\"><\/td>\n<\/tr>\n<tr>\n<td colspan=\"17\">Placering internt<\/td>\n<\/tr>\n<tr>\n<td>Plac<\/td>\n<td>SglNr<\/td>\n<td>Bes\u00e4ttning<\/td>\n<td>B\u00e5tnamn<\/td>\n<td>Klubb<\/td>\n<td>1STSS<\/td>\n<td>5SYC<\/td>\n<td>9HKSS<\/td>\n<td>Tj\u00f6rn Runt<\/td>\n<td>LSS<\/td>\n<td>Po\u00e4ng<\/td>\n<td colspan=\"6\" rowspan=\"4\"><\/td>\n<\/tr>\n<tr>\n<td>21<\/td>\n<td>67<\/td>\n<td>Hans Oskarsson<\/td>\n<td>Accent<\/td>\n<td>STSS<\/td>\n<td>1<\/td>\n<td>(DNC)<\/td>\n<td>1<\/td>\n<td>1<\/td>\n<td><\/td>\n<td>437<\/td>\n<\/tr>\n<tr>\n<td>25<\/td>\n<td>256<\/td>\n<td>Johan Lindstedt<\/td>\n<td>Accent<\/td>\n<td>BKSS<\/td>\n<td>2<\/td>\n<td>1<\/td>\n<td>DNC<\/td>\n<td>2<\/td>\n<td>2<\/td>\n<td>447<\/td>\n<\/tr>\n<tr>\n<td>117<\/td>\n<td>260<\/td>\n<td>Johan von Otter<\/td>\n<td>Accent<\/td>\n<td>SS Sl\u00f6ren<\/td>\n<td>(DNC)<\/td>\n<td>(DNC)<\/td>\n<td>2<\/td>\n<td>3<\/td>\n<td>1<\/td>\n<td>595<\/td>\n<\/tr>\n<tr>\n<td colspan=\"17\" rowspan=\"2\"><\/td>\n<\/tr>\n<tr>\n<td colspan=\"17\">Po\u00e4ngst\u00e4llning<\/td>\n<\/tr>\n<tr>\n<td>Plac<\/td>\n<td>SglNr<\/td>\n<td>Bes\u00e4ttning<\/td>\n<td>B\u00e5tnamn<\/td>\n<td>Klubb<\/td>\n<td>1STSS<\/td>\n<td>5SYC<\/td>\n<td>9HKSS<\/td>\n<td>Tj\u00f6rn Runt<\/td>\n<td>LSS<\/td>\n<td>Po\u00e4ng<\/td>\n<td colspan=\"6\" rowspan=\"4\"><\/td>\n<\/tr>\n<tr>\n<td>1<\/td>\n<td>67<\/td>\n<td>Hans Oskarsson<\/td>\n<td>Accent<\/td>\n<td>STSS<\/td>\n<td>3<\/td>\n<td><\/td>\n<td>3<\/td>\n<td>4<\/td>\n<td><\/td>\n<td>10<\/td>\n<\/tr>\n<tr>\n<td>2<\/td>\n<td>256<\/td>\n<td>Johan Lindstedt<\/td>\n<td>Accent<\/td>\n<td>BKSS<\/td>\n<td>2<\/td>\n<td>2<\/td>\n<td><\/td>\n<td>3<\/td>\n<td>2<\/td>\n<td>9<\/td>\n<\/tr>\n<tr>\n<td>3<\/td>\n<td>260<\/td>\n<td>Johan von Otter<\/td>\n<td>Accent<\/td>\n<td>SS Sl\u00f6ren<\/td>\n<td><\/td>\n<td><\/td>\n<td>2<\/td>\n<td>2<\/td>\n<td>3<\/td>\n<td>7<\/td>\n<\/tr>\n<\/tbody>\n<\/table>\n\n<div class=\"twitter-share\"><a href=\"https:\/\/twitter.com\/intent\/tweet?via=Every_sailrace\" class=\"twitter-share-button\">Tweet<\/a><\/div>\n","protected":false},"excerpt":{"rendered":"<p>&nbsp; Resultat i t\u00e4vlingarna Plac SglNr Bes\u00e4ttning B\u00e5tnamn Klubb 1STSS 2SMSS 3SSV\u00c4 4LSSG 5SYC 6SSN 7BJK 8SSSS 9HKSS Tj\u00f6rn Runt 10SSV\u00c4 LSS 21 67 Hans Oskarsson Accent STSS 1 (DNC) (DNC) (DNC) (DNC) (DNC) DNC DNC 1 1 DNC DNC 25 256 Johan Lindstedt Accent BKSS 2 (DNC) (DNC) (DNC) 1 (DNC) (DNC) DNC DNC [&hellip;]<\/p>\n","protected":false},"author":1,"featured_media":0,"parent":108,"menu_order":0,"comment_status":"closed","ping_status":"closed","template":"page-full.php","meta":[],"_links":{"self":[{"href":"http:\/\/www.everysailrace.com\/index.php?rest_route=\/wp\/v2\/pages\/1917"}],"collection":[{"href":"http:\/\/www.everysailrace.com\/index.php?rest_route=\/wp\/v2\/pages"}],"about":[{"href":"http:\/\/www.everysailrace.com\/index.php?rest_route=\/wp\/v2\/types\/page"}],"author":[{"embeddable":true,"href":"http:\/\/www.everysailrace.com\/index.php?rest_route=\/wp\/v2\/users\/1"}],"replies":[{"embeddable":true,"href":"http:\/\/www.everysailrace.com\/index.php?rest_route=%2Fwp%2Fv2%2Fcomments&post=1917"}],"version-history":[{"count":2,"href":"http:\/\/www.everysailrace.com\/index.php?rest_route=\/wp\/v2\/pages\/1917\/revisions"}],"predecessor-version":[{"id":1919,"href":"http:\/\/www.everysailrace.com\/index.php?rest_route=\/wp\/v2\/pages\/1917\/revisions\/1919"}],"up":[{"embeddable":true,"href":"http:\/\/www.everysailrace.com\/index.php?rest_route=\/wp\/v2\/pages\/108"}],"wp:attachment":[{"href":"http:\/\/www.everysailrace.com\/index.php?rest_route=%2Fwp%2Fv2%2Fmedia&parent=1917"}],"curies":[{"name":"wp","href":"https:\/\/api.w.org\/{rel}","templated":true}]}}