{"id":2449,"date":"2016-05-20T11:06:50","date_gmt":"2016-05-20T11:06:50","guid":{"rendered":"http:\/\/www.everysailrace.com\/?page_id=2449"},"modified":"2016-08-14T07:14:19","modified_gmt":"2016-08-14T07:14:19","slug":"resultat-2016","status":"publish","type":"page","link":"http:\/\/www.everysailrace.com\/?page_id=2449","title":{"rendered":"Resultat 2016"},"content":{"rendered":"\n<div class=\"twitter-share\"><a href=\"https:\/\/twitter.com\/intent\/tweet?via=Every_sailrace\" class=\"twitter-share-button\">Tweet<\/a><\/div>\n<p><script src=\"\/\/pagead2.googlesyndication.com\/pagead\/js\/adsbygoogle.js\" async=\"\"><\/script><br \/>\n <!-- Everysailrace --><br \/>\n <ins class=\"adsbygoogle\" style=\"display: block;\" data-ad-client=\"ca-pub-4487550053079833\" data-ad-slot=\"8435785152\" data-ad-format=\"auto\"><\/ins><br \/>\n<script>\/\/ <![CDATA[\n(adsbygoogle = window.adsbygoogle || []).push({});\n\/\/ ]]><\/script><\/p>\n<p>Stora Oset Race &#8211; Bj\u00f6rlanda<br \/>\nPater Noster Race &#8211; Sk\u00e4rhamn<br \/>\nLiding\u00f6 Runt <a href=\"http:\/\/www.everysailrace.com\/?page_id=2491\" target=\"_blank\">&gt;&gt;<\/a><br \/>\nFramn\u00e4svalsen &#8211; Bj\u00f6rk\u00f6\u00a0<a href=\"http:\/\/www.everysailrace.com\/?page_id=2569\" target=\"_blank\">&gt;&gt;<\/a><br \/>\nOrn\u00f6 Runt <a href=\"http:\/\/www.everysailrace.com\/?page_id=2581\" target=\"_blank\">&gt;&gt;<\/a><br \/>\nTrubaduren &#8211; G\u00f6teborg\u00a0<a href=\"http:\/\/www.everysailrace.com\/?page_id=2591\" target=\"_blank\">&gt;&gt;<\/a><br \/>\nOrust Runt &#8211; Uddevalla\u00a0<a href=\"http:\/\/www.everysailrace.com\/?page_id=2605\" target=\"_blank\">&gt;&gt;<\/a><br \/>\nDubbelt S\u00e5 Bra &#8211; Bj\u00f6rlanda <a href=\"http:\/\/www.everysailrace.com\/?page_id=2637\" target=\"_blank\">&gt;&gt;<\/a><br \/>\nLysekil Race \u00a0<a href=\"http:\/\/www.everysailrace.com\/?page_id=2715\" target=\"_blank\">&gt;&gt;<\/a><br \/>\nNord\u00f6n Race <a href=\"http:\/\/www.everysailrace.com\/?page_id=2719\" target=\"_blank\">&gt;&gt;<\/a><br \/>\nTyl\u00f6n Runt <a href=\"http:\/\/www.everysailrace.com\/?page_id=2704\" target=\"_blank\">&gt;&gt;<\/a><br \/>\n\u00c5FIR <a href=\"http:\/\/www.everysailrace.com\/?page_id=2766\" target=\"_blank\">&gt;&gt;<\/a><\/p>\n\n<div class=\"twitter-share\"><a href=\"https:\/\/twitter.com\/intent\/tweet?via=Every_sailrace\" class=\"twitter-share-button\">Tweet<\/a><\/div>\n","protected":false},"excerpt":{"rendered":"<p>Stora Oset Race &#8211; Bj\u00f6rlanda Pater Noster Race &#8211; Sk\u00e4rhamn Liding\u00f6 Runt &gt;&gt; Framn\u00e4svalsen &#8211; Bj\u00f6rk\u00f6\u00a0&gt;&gt; Orn\u00f6 Runt &gt;&gt; Trubaduren &#8211; G\u00f6teborg\u00a0&gt;&gt; Orust Runt &#8211; Uddevalla\u00a0&gt;&gt; Dubbelt S\u00e5 Bra &#8211; Bj\u00f6rlanda &gt;&gt; Lysekil Race \u00a0&gt;&gt; Nord\u00f6n Race &gt;&gt; Tyl\u00f6n Runt &gt;&gt; \u00c5FIR &gt;&gt;<\/p>\n","protected":false},"author":1,"featured_media":0,"parent":2520,"menu_order":0,"comment_status":"closed","ping_status":"closed","template":"","meta":[],"_links":{"self":[{"href":"http:\/\/www.everysailrace.com\/index.php?rest_route=\/wp\/v2\/pages\/2449"}],"collection":[{"href":"http:\/\/www.everysailrace.com\/index.php?rest_route=\/wp\/v2\/pages"}],"about":[{"href":"http:\/\/www.everysailrace.com\/index.php?rest_route=\/wp\/v2\/types\/page"}],"author":[{"embeddable":true,"href":"http:\/\/www.everysailrace.com\/index.php?rest_route=\/wp\/v2\/users\/1"}],"replies":[{"embeddable":true,"href":"http:\/\/www.everysailrace.com\/index.php?rest_route=%2Fwp%2Fv2%2Fcomments&post=2449"}],"version-history":[{"count":16,"href":"http:\/\/www.everysailrace.com\/index.php?rest_route=\/wp\/v2\/pages\/2449\/revisions"}],"predecessor-version":[{"id":2769,"href":"http:\/\/www.everysailrace.com\/index.php?rest_route=\/wp\/v2\/pages\/2449\/revisions\/2769"}],"up":[{"embeddable":true,"href":"http:\/\/www.everysailrace.com\/index.php?rest_route=\/wp\/v2\/pages\/2520"}],"wp:attachment":[{"href":"http:\/\/www.everysailrace.com\/index.php?rest_route=%2Fwp%2Fv2%2Fmedia&parent=2449"}],"curies":[{"name":"wp","href":"https:\/\/api.w.org\/{rel}","templated":true}]}}