{"id":2660,"date":"2016-06-15T18:39:06","date_gmt":"2016-06-15T18:39:06","guid":{"rendered":"http:\/\/www.everysailrace.com\/?page_id=2660"},"modified":"2016-06-15T19:09:32","modified_gmt":"2016-06-15T19:09:32","slug":"laser-master-vestcup-2016","status":"publish","type":"page","link":"http:\/\/www.everysailrace.com\/?page_id=2660","title":{"rendered":"Laser Master VestCup 2016"},"content":{"rendered":"\n<div class=\"twitter-share\"><a href=\"https:\/\/twitter.com\/intent\/tweet?via=Every_sailrace\" class=\"twitter-share-button\">Tweet<\/a><\/div>\n<p><script src=\"\/\/pagead2.googlesyndication.com\/pagead\/js\/adsbygoogle.js\" async=\"\"><\/script><br \/>\n <!-- Everysailrace --><br \/>\n <ins class=\"adsbygoogle\" style=\"display: block;\" data-ad-client=\"ca-pub-4487550053079833\" data-ad-slot=\"8435785152\" data-ad-format=\"auto\"><\/ins><br \/>\n<script>\/\/ <![CDATA[\n(adsbygoogle = window.adsbygoogle || []).push({});\n\/\/ ]]><\/script><br \/>\n<strong>Ing\u00e5ende regattor<\/strong><br \/>\nSammanst\u00e4llning Totalt<br \/>\n28 maj S\u00e4r\u00f6 Laser Master, S\u00e4r\u00f6 &gt;&gt;<br \/>\n11-12 juni Laser GP, GKSS <a href=\"http:\/\/www.everysailrace.com\/?page_id=2662\" target=\"_blank\">&gt;&gt;<\/a><br \/>\n18 juni Styrs\u00f6 Runt, Billdals KSS<br \/>\n4-7 aug SM Marstrand, GKSS<br \/>\n3 sept Korshamn Laser Master, Korshamns BK<br \/>\n8 okt DM Kullavik, KKKK<\/p>\n\n<div class=\"twitter-share\"><a href=\"https:\/\/twitter.com\/intent\/tweet?via=Every_sailrace\" class=\"twitter-share-button\">Tweet<\/a><\/div>\n","protected":false},"excerpt":{"rendered":"<p>Ing\u00e5ende regattor Sammanst\u00e4llning Totalt 28 maj S\u00e4r\u00f6 Laser Master, S\u00e4r\u00f6 &gt;&gt; 11-12 juni Laser GP, GKSS &gt;&gt; 18 juni Styrs\u00f6 Runt, Billdals KSS 4-7 aug SM Marstrand, GKSS 3 sept Korshamn Laser Master, Korshamns BK 8 okt DM Kullavik, KKKK<\/p>\n","protected":false},"author":1,"featured_media":0,"parent":1756,"menu_order":0,"comment_status":"closed","ping_status":"closed","template":"","meta":[],"_links":{"self":[{"href":"http:\/\/www.everysailrace.com\/index.php?rest_route=\/wp\/v2\/pages\/2660"}],"collection":[{"href":"http:\/\/www.everysailrace.com\/index.php?rest_route=\/wp\/v2\/pages"}],"about":[{"href":"http:\/\/www.everysailrace.com\/index.php?rest_route=\/wp\/v2\/types\/page"}],"author":[{"embeddable":true,"href":"http:\/\/www.everysailrace.com\/index.php?rest_route=\/wp\/v2\/users\/1"}],"replies":[{"embeddable":true,"href":"http:\/\/www.everysailrace.com\/index.php?rest_route=%2Fwp%2Fv2%2Fcomments&post=2660"}],"version-history":[{"count":3,"href":"http:\/\/www.everysailrace.com\/index.php?rest_route=\/wp\/v2\/pages\/2660\/revisions"}],"predecessor-version":[{"id":2667,"href":"http:\/\/www.everysailrace.com\/index.php?rest_route=\/wp\/v2\/pages\/2660\/revisions\/2667"}],"up":[{"embeddable":true,"href":"http:\/\/www.everysailrace.com\/index.php?rest_route=\/wp\/v2\/pages\/1756"}],"wp:attachment":[{"href":"http:\/\/www.everysailrace.com\/index.php?rest_route=%2Fwp%2Fv2%2Fmedia&parent=2660"}],"curies":[{"name":"wp","href":"https:\/\/api.w.org\/{rel}","templated":true}]}}