{"id":2719,"date":"2016-06-21T11:58:20","date_gmt":"2016-06-21T11:58:20","guid":{"rendered":"http:\/\/www.everysailrace.com\/?page_id=2719"},"modified":"2016-06-21T12:03:36","modified_gmt":"2016-06-21T12:03:36","slug":"nordon-race-2016","status":"publish","type":"page","link":"http:\/\/www.everysailrace.com\/?page_id=2719","title":{"rendered":"Nord\u00f6n Race 2016"},"content":{"rendered":"\n<div class=\"twitter-share\"><a href=\"https:\/\/twitter.com\/intent\/tweet?via=Every_sailrace\" class=\"twitter-share-button\">Tweet<\/a><\/div>\n<p><script src=\"\/\/pagead2.googlesyndication.com\/pagead\/js\/adsbygoogle.js\" async=\"\"><\/script><br \/>\n <!-- Everysailrace --><br \/>\n <ins class=\"adsbygoogle\" style=\"display: block;\" data-ad-client=\"ca-pub-4487550053079833\" data-ad-slot=\"8435785152\" data-ad-format=\"auto\"><\/ins><br \/>\n<script>\/\/ <![CDATA[\n(adsbygoogle = window.adsbygoogle || []).push({});\n\/\/ ]]><\/script><\/p>\n<figure id=\"attachment_659\" aria-describedby=\"caption-attachment-659\" style=\"width: 3264px\" class=\"wp-caption alignright\"><img loading=\"lazy\" class=\"size-full wp-image-659\" src=\"http:\/\/www.everysailrace.com\/wp-content\/uploads\/2015\/06\/IMG_0117.jpg\" alt=\"Nord\u00f6n Race ing\u00e5r i V\u00e4stkustranken\" width=\"3264\" height=\"2448\" srcset=\"http:\/\/www.everysailrace.com\/wp-content\/uploads\/2015\/06\/IMG_0117.jpg 3264w, http:\/\/www.everysailrace.com\/wp-content\/uploads\/2015\/06\/IMG_0117-300x225.jpg 300w, http:\/\/www.everysailrace.com\/wp-content\/uploads\/2015\/06\/IMG_0117-1024x768.jpg 1024w\" sizes=\"(max-width: 3264px) 100vw, 3264px\" \/><figcaption id=\"caption-attachment-659\" class=\"wp-caption-text\">Nord\u00f6n Race ing\u00e5r i V\u00e4stkustranken<\/figcaption><\/figure>\n<p><a href=\"http:\/\/www.kmsnordon.se\/segrare-nordon-race-2016\/\" target=\"_blank\">L\u00e4s mer <\/a><\/p>\n<table border=\"0\" frame=\"VOID\" rules=\"NONE\" cellspacing=\"0\">\n<colgroup>\n<col width=\"86\" \/>\n<col width=\"86\" \/>\n<col width=\"137\" \/>\n<col width=\"86\" \/>\n<col width=\"86\" \/>\n<col width=\"86\" \/>\n<col width=\"86\" \/>\n<col width=\"86\" \/>\n<col width=\"86\" \/>\n<col width=\"86\" \/><\/colgroup>\n<tbody>\n<tr>\n<td colspan=\"10\" align=\"LEFT\" width=\"908\" height=\"15\"><b><span style=\"font-size: xx-small;\">Nord\u00f6n Race 2016<\/span><\/b><\/td>\n<\/tr>\n<tr>\n<td align=\"LEFT\" height=\"14\"><b><span style=\"font-size: xx-small;\">Plats<\/span><\/b><\/td>\n<td align=\"LEFT\"><b><span style=\"font-size: xx-small;\">B\u00e5t <\/span><\/b><\/td>\n<td align=\"LEFT\"><b><span style=\"font-size: xx-small;\">Rorsman<\/span><\/b><\/td>\n<td align=\"LEFT\"><b><span style=\"font-size: xx-small;\">Klubb<\/span><\/b><\/td>\n<td align=\"LEFT\"><b><span style=\"font-size: xx-small;\">Segelnr<\/span><\/b><\/td>\n<td align=\"CENTER\"><b><span style=\"font-size: xx-small;\">SRS<\/span><\/b><\/td>\n<td align=\"CENTER\"><b><span style=\"font-size: xx-small;\">Starttid<\/span><\/b><\/td>\n<td align=\"CENTER\"><b><span style=\"font-size: xx-small;\">M\u00e5ltid<\/span><\/b><\/td>\n<td align=\"CENTER\"><b><span style=\"font-size: xx-small;\">Segladtid<\/span><\/b><\/td>\n<td align=\"CENTER\"><b><span style=\"font-size: xx-small;\">Korr. tid<\/span><\/b><\/td>\n<\/tr>\n<tr>\n<td align=\"CENTER\" height=\"14\"><b><span style=\"font-size: xx-small;\">1<\/span><\/b><\/td>\n<td align=\"LEFT\"><span style=\"font-size: xx-small;\">X79<\/span><\/td>\n<td align=\"LEFT\"><span style=\"font-size: xx-small;\">Per Algotsson<\/span><\/td>\n<td align=\"LEFT\"><span style=\"font-size: xx-small;\">BKSS<\/span><\/td>\n<td align=\"RIGHT\"><span style=\"font-size: xx-small;\">465<\/span><\/td>\n<td align=\"CENTER\"><span style=\"font-size: xx-small;\">1,135<\/span><\/td>\n<td align=\"CENTER\"><span style=\"font-size: xx-small;\">13:28:13<\/span><\/td>\n<td align=\"CENTER\"><span style=\"font-size: xx-small;\">16:25:46<\/span><\/td>\n<td align=\"CENTER\"><span style=\"font-size: xx-small;\">02:57:33<\/span><\/td>\n<td align=\"CENTER\"><span style=\"font-size: xx-small;\">03:21:31<\/span><\/td>\n<\/tr>\n<tr>\n<td align=\"CENTER\" height=\"14\"><b><span style=\"font-size: xx-small;\">2<\/span><\/b><\/td>\n<td align=\"LEFT\"><span style=\"font-size: xx-small;\">Maxi Racer<\/span><\/td>\n<td align=\"LEFT\"><span style=\"font-size: xx-small;\">Jan Hellstr\u00f6m<\/span><\/td>\n<td align=\"LEFT\"><span style=\"font-size: xx-small;\">KMS<\/span><\/td>\n<td align=\"RIGHT\"><span style=\"font-size: xx-small;\">207<\/span><\/td>\n<td align=\"CENTER\"><span style=\"font-size: xx-small;\">1,111<\/span><\/td>\n<td align=\"CENTER\"><span style=\"font-size: xx-small;\">13:23:26<\/span><\/td>\n<td align=\"CENTER\"><span style=\"font-size: xx-small;\">16:28:45<\/span><\/td>\n<td align=\"CENTER\"><span style=\"font-size: xx-small;\">03:05:19<\/span><\/td>\n<td align=\"CENTER\"><span style=\"font-size: xx-small;\">03:25:53<\/span><\/td>\n<\/tr>\n<tr>\n<td align=\"CENTER\" height=\"14\"><b><span style=\"font-size: xx-small;\">3<\/span><\/b><\/td>\n<td align=\"LEFT\"><span style=\"font-size: xx-small;\">J92S<\/span><\/td>\n<td align=\"LEFT\"><span style=\"font-size: xx-small;\">Peter Amundin<\/span><\/td>\n<td align=\"LEFT\"><span style=\"font-size: xx-small;\">\u00d6KK<\/span><\/td>\n<td align=\"RIGHT\"><span style=\"font-size: xx-small;\">47<\/span><\/td>\n<td align=\"CENTER\"><span style=\"font-size: xx-small;\">1,233<\/span><\/td>\n<td align=\"CENTER\"><span style=\"font-size: xx-small;\">13:45:51<\/span><\/td>\n<td align=\"CENTER\"><span style=\"font-size: xx-small;\">16:35:04<\/span><\/td>\n<td align=\"CENTER\"><span style=\"font-size: xx-small;\">02:49:13<\/span><\/td>\n<td align=\"CENTER\"><span style=\"font-size: xx-small;\">03:28:39<\/span><\/td>\n<\/tr>\n<tr>\n<td align=\"CENTER\" height=\"14\"><b><span style=\"font-size: xx-small;\">4<\/span><\/b><\/td>\n<td align=\"LEFT\"><span style=\"font-size: xx-small;\">SwedeStar 370<\/span><\/td>\n<td align=\"LEFT\"><span style=\"font-size: xx-small;\">Stefan M\u00f6ller<\/span><\/td>\n<td align=\"LEFT\"><span style=\"font-size: xx-small;\">KMS<\/span><\/td>\n<td align=\"RIGHT\"><span style=\"font-size: xx-small;\">39<\/span><\/td>\n<td align=\"CENTER\"><span style=\"font-size: xx-small;\">1,275<\/span><\/td>\n<td align=\"CENTER\"><span style=\"font-size: xx-small;\">13:52:34<\/span><\/td>\n<td align=\"CENTER\"><span style=\"font-size: xx-small;\">16:36:22<\/span><\/td>\n<td align=\"CENTER\"><span style=\"font-size: xx-small;\">02:43:48<\/span><\/td>\n<td align=\"CENTER\"><span style=\"font-size: xx-small;\">03:28:51<\/span><\/td>\n<\/tr>\n<tr>\n<td align=\"CENTER\" height=\"14\"><b><span style=\"font-size: xx-small;\">5<\/span><\/b><\/td>\n<td align=\"LEFT\"><span style=\"font-size: xx-small;\">IF<\/span><\/td>\n<td align=\"LEFT\"><span style=\"font-size: xx-small;\">Joakim Eriksson<\/span><\/td>\n<td align=\"LEFT\"><span style=\"font-size: xx-small;\">KMS<\/span><\/td>\n<td align=\"RIGHT\"><span style=\"font-size: xx-small;\">1112<\/span><\/td>\n<td align=\"CENTER\"><span style=\"font-size: xx-small;\">1,015<\/span><\/td>\n<td align=\"CENTER\"><span style=\"font-size: xx-small;\">13:02:00<\/span><\/td>\n<td align=\"CENTER\"><span style=\"font-size: xx-small;\">16:30:30<\/span><\/td>\n<td align=\"CENTER\"><span style=\"font-size: xx-small;\">03:28:30<\/span><\/td>\n<td align=\"CENTER\"><span style=\"font-size: xx-small;\">03:31:38<\/span><\/td>\n<\/tr>\n<tr>\n<td align=\"CENTER\" height=\"14\"><b><span style=\"font-size: xx-small;\">6<\/span><\/b><\/td>\n<td align=\"LEFT\"><span style=\"font-size: xx-small;\">Dehler 36 SQ<\/span><\/td>\n<td align=\"LEFT\"><span style=\"font-size: xx-small;\">Krister Ahlqvist<\/span><\/td>\n<td align=\"LEFT\"><span style=\"font-size: xx-small;\">KMS<\/span><\/td>\n<td align=\"RIGHT\"><span style=\"font-size: xx-small;\">279<\/span><\/td>\n<td align=\"CENTER\"><span style=\"font-size: xx-small;\">1,260<\/span><\/td>\n<td align=\"CENTER\"><span style=\"font-size: xx-small;\">13:50:13<\/span><\/td>\n<td align=\"CENTER\"><span style=\"font-size: xx-small;\">16:38:33<\/span><\/td>\n<td align=\"CENTER\"><span style=\"font-size: xx-small;\">02:48:20<\/span><\/td>\n<td align=\"CENTER\"><span style=\"font-size: xx-small;\">03:32:06<\/span><\/td>\n<\/tr>\n<tr>\n<td align=\"CENTER\" height=\"14\"><b><span style=\"font-size: xx-small;\">7<\/span><\/b><\/td>\n<td align=\"LEFT\"><span style=\"font-size: xx-small;\">IF<\/span><\/td>\n<td align=\"LEFT\"><span style=\"font-size: xx-small;\">Karin H\u00e5rding<\/span><\/td>\n<td align=\"LEFT\"><span style=\"font-size: xx-small;\">KMS<\/span><\/td>\n<td align=\"RIGHT\"><span style=\"font-size: xx-small;\">1489<\/span><\/td>\n<td align=\"CENTER\"><span style=\"font-size: xx-small;\">1,015<\/span><\/td>\n<td align=\"CENTER\"><span style=\"font-size: xx-small;\">13:02:00<\/span><\/td>\n<td align=\"CENTER\"><span style=\"font-size: xx-small;\">16:32:22<\/span><\/td>\n<td align=\"CENTER\"><span style=\"font-size: xx-small;\">03:30:22<\/span><\/td>\n<td align=\"CENTER\"><span style=\"font-size: xx-small;\">03:33:31<\/span><\/td>\n<\/tr>\n<tr>\n<td align=\"CENTER\" height=\"14\"><b><span style=\"font-size: xx-small;\">8<\/span><\/b><\/td>\n<td align=\"LEFT\"><span style=\"font-size: xx-small;\">Express<\/span><\/td>\n<td align=\"LEFT\"><span style=\"font-size: xx-small;\">Markus Johansson<\/span><\/td>\n<td align=\"LEFT\"><span style=\"font-size: xx-small;\">KMS<\/span><\/td>\n<td align=\"RIGHT\"><span style=\"font-size: xx-small;\">34<\/span><\/td>\n<td align=\"CENTER\"><span style=\"font-size: xx-small;\">1,060<\/span><\/td>\n<td align=\"CENTER\"><span style=\"font-size: xx-small;\">13:12:32<\/span><\/td>\n<td align=\"CENTER\"><span style=\"font-size: xx-small;\">16:40:44<\/span><\/td>\n<td align=\"CENTER\"><span style=\"font-size: xx-small;\">03:28:12<\/span><\/td>\n<td align=\"CENTER\"><span style=\"font-size: xx-small;\">03:40:42<\/span><\/td>\n<\/tr>\n<tr>\n<td align=\"CENTER\" height=\"14\"><b><span style=\"font-size: xx-small;\">9<\/span><\/b><\/td>\n<td align=\"LEFT\"><span style=\"font-size: xx-small;\">Arcona 380<\/span><\/td>\n<td align=\"LEFT\"><span style=\"font-size: xx-small;\">Karl-Olof Edlund<\/span><\/td>\n<td align=\"LEFT\"><span style=\"font-size: xx-small;\">KMS<\/span><\/td>\n<td align=\"RIGHT\"><span style=\"font-size: xx-small;\">21<\/span><\/td>\n<td align=\"CENTER\"><span style=\"font-size: xx-small;\">1,273<\/span><\/td>\n<td align=\"CENTER\"><span style=\"font-size: xx-small;\">13:52:16<\/span><\/td>\n<td align=\"CENTER\"><span style=\"font-size: xx-small;\">16:49:47<\/span><\/td>\n<td align=\"CENTER\"><span style=\"font-size: xx-small;\">02:57:31<\/span><\/td>\n<td align=\"CENTER\"><span style=\"font-size: xx-small;\">03:45:59<\/span><\/td>\n<\/tr>\n<tr>\n<td align=\"CENTER\" height=\"14\"><b><span style=\"font-size: xx-small;\">10<\/span><\/b><\/td>\n<td align=\"LEFT\"><span style=\"font-size: xx-small;\">Albin Nova<\/span><\/td>\n<td align=\"LEFT\"><span style=\"font-size: xx-small;\">Bengt Collby<\/span><\/td>\n<td align=\"LEFT\"><span style=\"font-size: xx-small;\">KMS<\/span><\/td>\n<td align=\"RIGHT\"><span style=\"font-size: xx-small;\">109<\/span><\/td>\n<td align=\"CENTER\"><span style=\"font-size: xx-small;\">1,105<\/span><\/td>\n<td align=\"CENTER\"><span style=\"font-size: xx-small;\">13:22:12<\/span><\/td>\n<td align=\"CENTER\"><span style=\"font-size: xx-small;\">16:50:00<\/span><\/td>\n<td align=\"CENTER\"><span style=\"font-size: xx-small;\">03:27:48<\/span><\/td>\n<td align=\"CENTER\"><span style=\"font-size: xx-small;\">03:49:37<\/span><\/td>\n<\/tr>\n<tr>\n<td align=\"CENTER\" height=\"14\"><b><span style=\"font-size: xx-small;\">11<\/span><\/b><\/td>\n<td align=\"LEFT\"><span style=\"font-size: xx-small;\">J80<\/span><\/td>\n<td align=\"LEFT\"><span style=\"font-size: xx-small;\">Jonny Petersson<\/span><\/td>\n<td align=\"LEFT\"><span style=\"font-size: xx-small;\">STSS<\/span><\/td>\n<td align=\"RIGHT\"><span style=\"font-size: xx-small;\">632<\/span><\/td>\n<td align=\"CENTER\"><span style=\"font-size: xx-small;\">1,194<\/span><\/td>\n<td align=\"CENTER\"><span style=\"font-size: xx-small;\">13:39:11<\/span><\/td>\n<td align=\"CENTER\"><span style=\"font-size: xx-small;\">DNF<\/span><\/td>\n<td align=\"CENTER\"><span style=\"font-size: xx-small;\">\u00a0<\/span><\/td>\n<td align=\"CENTER\"><span style=\"font-size: xx-small;\">\u00a0<\/span><\/td>\n<\/tr>\n<\/tbody>\n<\/table>\n\n<div class=\"twitter-share\"><a href=\"https:\/\/twitter.com\/intent\/tweet?via=Every_sailrace\" class=\"twitter-share-button\">Tweet<\/a><\/div>\n","protected":false},"excerpt":{"rendered":"<p>L\u00e4s mer Nord\u00f6n Race 2016 Plats B\u00e5t Rorsman Klubb Segelnr SRS Starttid M\u00e5ltid Segladtid Korr. tid 1 X79 Per Algotsson BKSS 465 1,135 13:28:13 16:25:46 02:57:33 03:21:31 2 Maxi Racer Jan Hellstr\u00f6m KMS 207 1,111 13:23:26 16:28:45 03:05:19 03:25:53 3 J92S Peter Amundin \u00d6KK 47 1,233 13:45:51 16:35:04 02:49:13 03:28:39 4 SwedeStar 370 Stefan M\u00f6ller [&hellip;]<\/p>\n","protected":false},"author":1,"featured_media":0,"parent":2449,"menu_order":0,"comment_status":"closed","ping_status":"closed","template":"","meta":[],"_links":{"self":[{"href":"http:\/\/www.everysailrace.com\/index.php?rest_route=\/wp\/v2\/pages\/2719"}],"collection":[{"href":"http:\/\/www.everysailrace.com\/index.php?rest_route=\/wp\/v2\/pages"}],"about":[{"href":"http:\/\/www.everysailrace.com\/index.php?rest_route=\/wp\/v2\/types\/page"}],"author":[{"embeddable":true,"href":"http:\/\/www.everysailrace.com\/index.php?rest_route=\/wp\/v2\/users\/1"}],"replies":[{"embeddable":true,"href":"http:\/\/www.everysailrace.com\/index.php?rest_route=%2Fwp%2Fv2%2Fcomments&post=2719"}],"version-history":[{"count":4,"href":"http:\/\/www.everysailrace.com\/index.php?rest_route=\/wp\/v2\/pages\/2719\/revisions"}],"predecessor-version":[{"id":2723,"href":"http:\/\/www.everysailrace.com\/index.php?rest_route=\/wp\/v2\/pages\/2719\/revisions\/2723"}],"up":[{"embeddable":true,"href":"http:\/\/www.everysailrace.com\/index.php?rest_route=\/wp\/v2\/pages\/2449"}],"wp:attachment":[{"href":"http:\/\/www.everysailrace.com\/index.php?rest_route=%2Fwp%2Fv2%2Fmedia&parent=2719"}],"curies":[{"name":"wp","href":"https:\/\/api.w.org\/{rel}","templated":true}]}}