{"id":2938,"date":"2016-07-08T22:33:18","date_gmt":"2016-07-08T22:33:18","guid":{"rendered":"http:\/\/www.everysailrace.com\/?page_id=2938"},"modified":"2016-07-08T22:33:18","modified_gmt":"2016-07-08T22:33:18","slug":"sm-smaragd-2016","status":"publish","type":"page","link":"http:\/\/www.everysailrace.com\/?page_id=2938","title":{"rendered":"SM Smaragd 2016"},"content":{"rendered":"\n<div class=\"twitter-share\"><a href=\"https:\/\/twitter.com\/intent\/tweet?via=Every_sailrace\" class=\"twitter-share-button\">Tweet<\/a><\/div>\n<p>&nbsp;<\/p>\n<p>&nbsp;<\/p>\n<p>&nbsp;<script async src=\"\/\/pagead2.googlesyndication.com\/pagead\/js\/adsbygoogle.js\"><\/script><br \/>\n<!-- Everysailrace --><br \/>\n<ins class=\"adsbygoogle\"\n     style=\"display:block\"\n     data-ad-client=\"ca-pub-4487550053079833\"\n     data-ad-slot=\"8435785152\"\n     data-ad-format=\"auto\"><\/ins><br \/>\n<script>\n(adsbygoogle = window.adsbygoogle || []).push({});\n<\/script><\/p>\n<table border=\"0\" frame=\"VOID\" rules=\"NONE\" cellspacing=\"0\">\n<colgroup>\n<col width=\"417\" \/>\n<col width=\"303\" \/><\/colgroup>\n<tbody>\n<tr>\n<td align=\"LEFT\" width=\"417\" height=\"19\"><span style=\"color: #000000;\"> Nr b\u00e5tnamn klubb f\u00f6rkortn Rorsman<\/span><\/td>\n<td align=\"LEFT\" width=\"303\"><span style=\"color: #000000;\">1 \u00a02 \u00a03 \u00a04 \u00a05 6 Po\u00e4ng<\/span><\/td>\n<\/tr>\n<tr>\n<td align=\"LEFT\" height=\"19\"><span style=\"color: #000000;\">50 Emmi Saltsj\u00f6badens B\u00e5tklubb SBK Johan Bursell<\/span><\/td>\n<td align=\"LEFT\"><span style=\"color: #000000;\">1 2 2 1 8 1 7<\/span><\/td>\n<\/tr>\n<tr>\n<td align=\"LEFT\" height=\"19\"><span style=\"color: #000000;\">12 Emeraude G\u00f6ta Segels\u00e4llskap G\u00d6SS Viktor Lundgren<\/span><\/td>\n<td align=\"LEFT\"><span style=\"color: #000000;\">4 1 8 3 2 6 16<\/span><\/td>\n<\/tr>\n<tr>\n<td align=\"LEFT\" height=\"19\"><span style=\"color: #000000;\">6 Maskros Tr\u00e4lhavets B\u00e5tklubb T\u00c4BK Johan Fellbom<\/span><\/td>\n<td align=\"LEFT\"><span style=\"color: #000000;\">6 4 4 5 10 2 21<\/span><\/td>\n<\/tr>\n<tr>\n<td align=\"LEFT\" height=\"19\"><span style=\"color: #000000;\">23 Toogoo Askrike Segels\u00e4llskap ASSS Klas Argulander<\/span><\/td>\n<td align=\"LEFT\"><span style=\"color: #000000;\">7 9 1 6 4 3 21<\/span><\/td>\n<\/tr>\n<tr>\n<td align=\"LEFT\" height=\"19\"><span style=\"color: #000000;\">19 Hux Flux Gustavsbergs B\u00e5tklubb GBKL Berndt Lindberg<\/span><\/td>\n<td align=\"LEFT\"><span style=\"color: #000000;\">2 10 5 8 1 12 26<\/span><\/td>\n<\/tr>\n<tr>\n<td align=\"LEFT\" height=\"19\"><span style=\"color: #000000;\">49 Skidbladner K\u00f6pings SK KPSK Anders Pettersson<\/span><\/td>\n<td align=\"LEFT\"><span style=\"color: #000000;\">5 3 7 11 13 4 30<\/span><\/td>\n<\/tr>\n<tr>\n<td align=\"LEFT\" height=\"19\"><span style=\"color: #000000;\">105 Zoom \u00d6sterhaninge B\u00e5tklubb \u00d6HBK H\u00e5kan Andersson<\/span><\/td>\n<td align=\"LEFT\"><span style=\"color: #000000;\">8 6 3 7 12 7 31<\/span><\/td>\n<\/tr>\n<tr>\n<td align=\"LEFT\" height=\"19\"><span style=\"color: #000000;\">155 Je-Manja Runmar\u00f6 Yachtclub RYC Olle Pettersson<\/span><\/td>\n<td align=\"LEFT\"><span style=\"color: #000000;\">9 5 6 9 3 11 32<\/span><\/td>\n<\/tr>\n<tr>\n<td align=\"LEFT\" height=\"19\"><span style=\"color: #000000;\">55 Gr\u00f6na PanternNyk\u00f6pings SS NYSS Jonas Andersson<\/span><\/td>\n<td align=\"LEFT\"><span style=\"color: #000000;\">3 DNS 11 4 14 5 37<\/span><\/td>\n<\/tr>\n<tr>\n<td align=\"LEFT\" height=\"19\"><span style=\"color: #000000;\">146 Maybbeline Gefle Segels\u00e4llskap GSS Erika Sv\u00e4rd<\/span><\/td>\n<td align=\"LEFT\"><span style=\"color: #000000;\">15 8 10 2 7 10 37<\/span><\/td>\n<\/tr>\n<tr>\n<td align=\"LEFT\" height=\"19\"><span style=\"color: #000000;\">27 Tingeling Eker\u00f6 B\u00e5tklubb EKBK Elin Nilsson<\/span><\/td>\n<td align=\"LEFT\"><span style=\"color: #000000;\">11 7 12 15 6 14 50<\/span><\/td>\n<\/tr>\n<tr>\n<td align=\"LEFT\" height=\"19\"><span style=\"color: #000000;\">61 Mille-Mull Kungs\u00f6rs SS K\u00d6SS Stefan Bergqvist<\/span><\/td>\n<td align=\"LEFT\"><span style=\"color: #000000;\">12 14 13 12 5 15 56<\/span><\/td>\n<\/tr>\n<tr>\n<td align=\"LEFT\" height=\"19\"><span style=\"color: #000000;\">79 Stockholms Segelklubb SSK Mattias Wiggberg<\/span><\/td>\n<td align=\"LEFT\"><span style=\"color: #000000;\">10 12 15 13 9 13 57<\/span><\/td>\n<\/tr>\n<tr>\n<td align=\"LEFT\" height=\"19\"><span style=\"color: #000000;\">17 Mah Jong Viggbyholms Segels\u00e4llskap VHSS Johan Skog<\/span><\/td>\n<td align=\"LEFT\"><span style=\"color: #000000;\">14 13 9 14 15 8 58<\/span><\/td>\n<\/tr>\n<tr>\n<td align=\"LEFT\" height=\"19\"><span style=\"color: #000000;\">31 Santana V\u00e4rmd\u00f6 Jolleseglare VJS Henrik Hellman<\/span><\/td>\n<td align=\"LEFT\"><span style=\"color: #000000;\">13 DNF DNS 10 11 9 61<\/span><\/td>\n<\/tr>\n<tr>\n<td align=\"LEFT\" height=\"19\"><span style=\"color: #000000;\">2 Sofia M\u00e4larh\u00f6jdens B\u00e5tklubb M\u00c4BK Lars Frid<\/span><\/td>\n<td align=\"LEFT\"><span style=\"color: #000000;\">DSQ 11 14 16 16 16 73<\/span><\/td>\n<\/tr>\n<tr>\n<td align=\"LEFT\" height=\"19\"><span style=\"color: #000000;\">47 Donna Eker\u00f6 B\u00e5tklubb EKBK Robert Nilsson<\/span><\/td>\n<td align=\"LEFT\"><span style=\"color: #000000;\">DNS DNS DNS 90<\/span><\/td>\n<\/tr>\n<\/tbody>\n<\/table>\n<p>&nbsp;<\/p>\n\n<div class=\"twitter-share\"><a href=\"https:\/\/twitter.com\/intent\/tweet?via=Every_sailrace\" class=\"twitter-share-button\">Tweet<\/a><\/div>\n","protected":false},"excerpt":{"rendered":"<p>&nbsp; &nbsp; &nbsp; Nr b\u00e5tnamn klubb f\u00f6rkortn Rorsman 1 \u00a02 \u00a03 \u00a04 \u00a05 6 Po\u00e4ng 50 Emmi Saltsj\u00f6badens B\u00e5tklubb SBK Johan Bursell 1 2 2 1 8 1 7 12 Emeraude G\u00f6ta Segels\u00e4llskap G\u00d6SS Viktor Lundgren 4 1 8 3 2 6 16 6 Maskros Tr\u00e4lhavets B\u00e5tklubb T\u00c4BK Johan Fellbom 6 4 4 5 10 [&hellip;]<\/p>\n","protected":false},"author":1,"featured_media":0,"parent":2478,"menu_order":0,"comment_status":"closed","ping_status":"closed","template":"","meta":[],"_links":{"self":[{"href":"http:\/\/www.everysailrace.com\/index.php?rest_route=\/wp\/v2\/pages\/2938"}],"collection":[{"href":"http:\/\/www.everysailrace.com\/index.php?rest_route=\/wp\/v2\/pages"}],"about":[{"href":"http:\/\/www.everysailrace.com\/index.php?rest_route=\/wp\/v2\/types\/page"}],"author":[{"embeddable":true,"href":"http:\/\/www.everysailrace.com\/index.php?rest_route=\/wp\/v2\/users\/1"}],"replies":[{"embeddable":true,"href":"http:\/\/www.everysailrace.com\/index.php?rest_route=%2Fwp%2Fv2%2Fcomments&post=2938"}],"version-history":[{"count":1,"href":"http:\/\/www.everysailrace.com\/index.php?rest_route=\/wp\/v2\/pages\/2938\/revisions"}],"predecessor-version":[{"id":2939,"href":"http:\/\/www.everysailrace.com\/index.php?rest_route=\/wp\/v2\/pages\/2938\/revisions\/2939"}],"up":[{"embeddable":true,"href":"http:\/\/www.everysailrace.com\/index.php?rest_route=\/wp\/v2\/pages\/2478"}],"wp:attachment":[{"href":"http:\/\/www.everysailrace.com\/index.php?rest_route=%2Fwp%2Fv2%2Fmedia&parent=2938"}],"curies":[{"name":"wp","href":"https:\/\/api.w.org\/{rel}","templated":true}]}}