{"id":2979,"date":"2016-07-11T16:37:29","date_gmt":"2016-07-11T16:37:29","guid":{"rendered":"http:\/\/www.everysailrace.com\/?page_id=2979"},"modified":"2016-07-11T16:37:29","modified_gmt":"2016-07-11T16:37:29","slug":"sm-smaragd-2016-nykopings-ss-slutresultat","status":"publish","type":"page","link":"http:\/\/www.everysailrace.com\/?page_id=2979","title":{"rendered":"SM Smaragd 2016 Nyk\u00f6pings SS Slutresultat"},"content":{"rendered":"\n<div class=\"twitter-share\"><a href=\"https:\/\/twitter.com\/intent\/tweet?via=Every_sailrace\" class=\"twitter-share-button\">Tweet<\/a><\/div>\n<p><script async src=\"\/\/pagead2.googlesyndication.com\/pagead\/js\/adsbygoogle.js\"><\/script><br \/>\n<!-- Everysailrace --><br \/>\n<ins class=\"adsbygoogle\"\n     style=\"display:block\"\n     data-ad-client=\"ca-pub-4487550053079833\"\n     data-ad-slot=\"8435785152\"\n     data-ad-format=\"auto\"><\/ins><br \/>\n<script>\n(adsbygoogle = window.adsbygoogle || []).push({});\n<\/script><\/p>\n<table border=\"0\" frame=\"VOID\" rules=\"NONE\" cellspacing=\"0\">\n<colgroup>\n<col width=\"36\" \/>\n<col width=\"137\" \/>\n<col width=\"56\" \/>\n<col width=\"124\" \/>\n<col width=\"124\" \/>\n<col width=\"28\" \/>\n<col width=\"28\" \/>\n<col width=\"28\" \/>\n<col width=\"28\" \/>\n<col width=\"28\" \/>\n<col width=\"28\" \/>\n<col width=\"28\" \/>\n<col width=\"28\" \/>\n<col width=\"28\" \/><\/colgroup>\n<tbody>\n<tr>\n<td colspan=\"14\" align=\"LEFT\" width=\"726\" height=\"17\">SM Smaragd Nyk\u00f6pings SS 2016<\/td>\n<\/tr>\n<tr>\n<td align=\"LEFT\" height=\"17\">Rank<\/td>\n<td align=\"LEFT\">Rorsman<\/td>\n<td align=\"CENTER\">Segelnr<\/td>\n<td align=\"CENTER\">B\u00e5tnamn<\/td>\n<td align=\"LEFT\">Klubb<\/td>\n<td align=\"CENTER\">1<\/td>\n<td align=\"CENTER\">2<\/td>\n<td align=\"CENTER\">3<\/td>\n<td align=\"CENTER\">4<\/td>\n<td align=\"CENTER\">5<\/td>\n<td align=\"CENTER\">6<\/td>\n<td align=\"CENTER\">7<\/td>\n<td align=\"CENTER\">8<\/td>\n<td align=\"CENTER\">p<\/td>\n<\/tr>\n<tr>\n<td align=\"RIGHT\" height=\"17\">1<\/td>\n<td align=\"LEFT\">Johan Bursell<\/td>\n<td align=\"CENTER\">50<\/td>\n<td align=\"CENTER\">Emmi<\/td>\n<td align=\"LEFT\">Saltsj\u00f6badens BK<\/td>\n<td align=\"CENTER\">1<\/td>\n<td align=\"CENTER\">2<\/td>\n<td align=\"CENTER\">2<\/td>\n<td align=\"CENTER\">1<\/td>\n<td align=\"CENTER\">8<\/td>\n<td align=\"CENTER\">1<\/td>\n<td align=\"CENTER\">2<\/td>\n<td align=\"CENTER\">1<\/td>\n<td align=\"CENTER\">10<\/td>\n<\/tr>\n<tr>\n<td align=\"RIGHT\" height=\"17\">2<\/td>\n<td align=\"LEFT\">Johan Fellbom<\/td>\n<td align=\"CENTER\">6<\/td>\n<td align=\"CENTER\">Maskros<\/td>\n<td align=\"LEFT\">Tr\u00e4lhavets BK<\/td>\n<td align=\"CENTER\">6<\/td>\n<td align=\"CENTER\">4<\/td>\n<td align=\"CENTER\">4<\/td>\n<td align=\"CENTER\">5<\/td>\n<td align=\"CENTER\">10<\/td>\n<td align=\"CENTER\">2<\/td>\n<td align=\"CENTER\">4<\/td>\n<td align=\"CENTER\">2<\/td>\n<td align=\"CENTER\">27<\/td>\n<\/tr>\n<tr>\n<td align=\"RIGHT\" height=\"17\">3<\/td>\n<td align=\"LEFT\">Viktor Lundgren<\/td>\n<td align=\"CENTER\">12<\/td>\n<td align=\"CENTER\">Emaraude<\/td>\n<td align=\"LEFT\">G\u00f6ta SS<\/td>\n<td align=\"CENTER\">4<\/td>\n<td align=\"CENTER\">1<\/td>\n<td align=\"CENTER\">8<\/td>\n<td align=\"CENTER\">3<\/td>\n<td align=\"CENTER\">2<\/td>\n<td align=\"CENTER\">6<\/td>\n<td align=\"CENTER\">7<\/td>\n<td align=\"CENTER\">5<\/td>\n<td align=\"CENTER\">28<\/td>\n<\/tr>\n<tr>\n<td align=\"RIGHT\" height=\"17\">4<\/td>\n<td align=\"LEFT\">Klas Argulander<\/td>\n<td align=\"CENTER\">23<\/td>\n<td align=\"CENTER\">Toogoo<\/td>\n<td align=\"LEFT\">Askrike SSS<\/td>\n<td align=\"CENTER\">7<\/td>\n<td align=\"CENTER\">9<\/td>\n<td align=\"CENTER\">1<\/td>\n<td align=\"CENTER\">6<\/td>\n<td align=\"CENTER\">4<\/td>\n<td align=\"CENTER\">3<\/td>\n<td align=\"CENTER\">1<\/td>\n<td align=\"CENTER\">8<\/td>\n<td align=\"CENTER\">30<\/td>\n<\/tr>\n<tr>\n<td align=\"RIGHT\" height=\"17\">5<\/td>\n<td align=\"LEFT\">Berndt Lindberg<\/td>\n<td align=\"CENTER\">19<\/td>\n<td align=\"CENTER\">Hux Flux<\/td>\n<td align=\"LEFT\">Gustavsbergs BK<\/td>\n<td align=\"CENTER\">2<\/td>\n<td align=\"CENTER\">10<\/td>\n<td align=\"CENTER\">5<\/td>\n<td align=\"CENTER\">8<\/td>\n<td align=\"CENTER\">1<\/td>\n<td align=\"CENTER\">12<\/td>\n<td align=\"CENTER\">6<\/td>\n<td align=\"CENTER\">3<\/td>\n<td align=\"CENTER\">35<\/td>\n<\/tr>\n<tr>\n<td align=\"RIGHT\" height=\"17\">6<\/td>\n<td align=\"LEFT\">Anders Pettersson<\/td>\n<td align=\"CENTER\">49<\/td>\n<td align=\"CENTER\">Skidbladner<\/td>\n<td align=\"LEFT\">K\u00f6pings SK<\/td>\n<td align=\"CENTER\">5<\/td>\n<td align=\"CENTER\">3<\/td>\n<td align=\"CENTER\">7<\/td>\n<td align=\"CENTER\">11<\/td>\n<td align=\"CENTER\">13<\/td>\n<td align=\"CENTER\">4<\/td>\n<td align=\"CENTER\">3<\/td>\n<td align=\"CENTER\">7<\/td>\n<td align=\"CENTER\">40<\/td>\n<\/tr>\n<tr>\n<td align=\"RIGHT\" height=\"17\">7<\/td>\n<td align=\"LEFT\">Olle Pettersson<\/td>\n<td align=\"CENTER\">155<\/td>\n<td align=\"CENTER\">Je-Manja<\/td>\n<td align=\"LEFT\">Runmar\u00f6 YC<\/td>\n<td align=\"CENTER\">9<\/td>\n<td align=\"CENTER\">5<\/td>\n<td align=\"CENTER\">6<\/td>\n<td align=\"CENTER\">9<\/td>\n<td align=\"CENTER\">3<\/td>\n<td align=\"CENTER\">11<\/td>\n<td align=\"CENTER\">5<\/td>\n<td align=\"CENTER\">4<\/td>\n<td align=\"CENTER\">41<\/td>\n<\/tr>\n<tr>\n<td align=\"RIGHT\" height=\"17\">8<\/td>\n<td align=\"LEFT\">H\u00e5kan Andersson<\/td>\n<td align=\"CENTER\">105<\/td>\n<td align=\"CENTER\">Zoon<\/td>\n<td align=\"LEFT\">\u00d6sterhaninge BK<\/td>\n<td align=\"CENTER\">8<\/td>\n<td align=\"CENTER\">6<\/td>\n<td align=\"CENTER\">3<\/td>\n<td align=\"CENTER\">7<\/td>\n<td align=\"CENTER\">12<\/td>\n<td align=\"CENTER\">7<\/td>\n<td align=\"CENTER\">13<\/td>\n<td align=\"CENTER\">6<\/td>\n<td align=\"CENTER\">49<\/td>\n<\/tr>\n<tr>\n<td align=\"RIGHT\" height=\"17\">9<\/td>\n<td align=\"LEFT\">Jonas Andersson<\/td>\n<td align=\"CENTER\">55<\/td>\n<td align=\"CENTER\">Gr\u00f6na Pantern<\/td>\n<td align=\"LEFT\">Nyk\u00f6pings SS<\/td>\n<td align=\"CENTER\">3<\/td>\n<td align=\"CENTER\">DNS<\/td>\n<td align=\"CENTER\">11<\/td>\n<td align=\"CENTER\">4<\/td>\n<td align=\"CENTER\">14<\/td>\n<td align=\"CENTER\">5<\/td>\n<td align=\"CENTER\">9<\/td>\n<td align=\"CENTER\">9<\/td>\n<td align=\"CENTER\">55<\/td>\n<\/tr>\n<tr>\n<td align=\"RIGHT\" height=\"17\">10<\/td>\n<td align=\"LEFT\">Erika Sv\u00e4rd<\/td>\n<td align=\"CENTER\">146<\/td>\n<td align=\"CENTER\">Maybbeline<\/td>\n<td align=\"LEFT\">Gefle SS<\/td>\n<td align=\"CENTER\">15<\/td>\n<td align=\"CENTER\">8<\/td>\n<td align=\"CENTER\">10<\/td>\n<td align=\"CENTER\">2<\/td>\n<td align=\"CENTER\">7<\/td>\n<td align=\"CENTER\">10<\/td>\n<td align=\"CENTER\">12<\/td>\n<td align=\"CENTER\">11<\/td>\n<td align=\"CENTER\">60<\/td>\n<\/tr>\n<tr>\n<td align=\"RIGHT\" height=\"17\">11<\/td>\n<td align=\"LEFT\">Elin Nilsson<\/td>\n<td align=\"CENTER\">27<\/td>\n<td align=\"CENTER\">Tingeling<\/td>\n<td align=\"LEFT\">Eker\u00f6 BK<\/td>\n<td align=\"CENTER\">11<\/td>\n<td align=\"CENTER\">7<\/td>\n<td align=\"CENTER\">12<\/td>\n<td align=\"CENTER\">14<\/td>\n<td align=\"CENTER\">6<\/td>\n<td align=\"CENTER\">14<\/td>\n<td align=\"CENTER\">14<\/td>\n<td align=\"CENTER\">15<\/td>\n<td align=\"CENTER\">78<\/td>\n<\/tr>\n<tr>\n<td align=\"RIGHT\" height=\"17\">12<\/td>\n<td align=\"LEFT\">Henrik Hellman<\/td>\n<td align=\"CENTER\">31<\/td>\n<td align=\"CENTER\">Santana<\/td>\n<td align=\"LEFT\">V\u00e4md\u00f6 JS<\/td>\n<td align=\"CENTER\">13<\/td>\n<td align=\"CENTER\">DNF<\/td>\n<td align=\"CENTER\">DNS<\/td>\n<td align=\"CENTER\">10<\/td>\n<td align=\"CENTER\">11<\/td>\n<td align=\"CENTER\">9<\/td>\n<td align=\"CENTER\">8<\/td>\n<td align=\"CENTER\">10<\/td>\n<td align=\"CENTER\">79<\/td>\n<\/tr>\n<tr>\n<td align=\"RIGHT\" height=\"17\">13<\/td>\n<td align=\"LEFT\">Mattias Wiggberg<\/td>\n<td align=\"CENTER\">79<\/td>\n<td align=\"CENTER\">&#8211;<\/td>\n<td align=\"LEFT\">Stockholms SK<\/td>\n<td align=\"CENTER\">10<\/td>\n<td align=\"CENTER\">12<\/td>\n<td align=\"CENTER\">15<\/td>\n<td align=\"CENTER\">12<\/td>\n<td align=\"CENTER\">9<\/td>\n<td align=\"CENTER\">13<\/td>\n<td align=\"CENTER\">11<\/td>\n<td align=\"CENTER\">12<\/td>\n<td align=\"CENTER\">79<\/td>\n<\/tr>\n<tr>\n<td align=\"RIGHT\" height=\"17\">14<\/td>\n<td align=\"LEFT\">Stefan Bergqvist<\/td>\n<td align=\"CENTER\">61<\/td>\n<td align=\"CENTER\">Mille-Mull<\/td>\n<td align=\"LEFT\">Kungs\u00f6rs SS<\/td>\n<td align=\"CENTER\">12<\/td>\n<td align=\"CENTER\">14<\/td>\n<td align=\"CENTER\">13<\/td>\n<td align=\"CENTER\">15<\/td>\n<td align=\"CENTER\">5<\/td>\n<td align=\"CENTER\">15<\/td>\n<td align=\"CENTER\">10<\/td>\n<td align=\"CENTER\">13<\/td>\n<td align=\"CENTER\">82<\/td>\n<\/tr>\n<tr>\n<td align=\"RIGHT\" height=\"17\">15<\/td>\n<td align=\"LEFT\">Johan Skog<\/td>\n<td align=\"CENTER\">17<\/td>\n<td align=\"CENTER\">Mah Jong<\/td>\n<td align=\"LEFT\">Viggbyholms SS<\/td>\n<td align=\"CENTER\">14<\/td>\n<td align=\"CENTER\">13<\/td>\n<td align=\"CENTER\">9<\/td>\n<td align=\"CENTER\">13<\/td>\n<td align=\"CENTER\">15<\/td>\n<td align=\"CENTER\">8<\/td>\n<td align=\"CENTER\">15<\/td>\n<td align=\"CENTER\">14<\/td>\n<td align=\"CENTER\">86<\/td>\n<\/tr>\n<tr>\n<td align=\"RIGHT\" height=\"17\">16<\/td>\n<td align=\"LEFT\">Lars Frid<\/td>\n<td align=\"CENTER\">2<\/td>\n<td align=\"CENTER\">Sofia<\/td>\n<td align=\"LEFT\">M\u00e4larh\u00f6jdens BK<\/td>\n<td align=\"CENTER\">DSQ<\/td>\n<td align=\"CENTER\">11<\/td>\n<td align=\"CENTER\">14<\/td>\n<td align=\"CENTER\">16<\/td>\n<td align=\"CENTER\">16<\/td>\n<td align=\"CENTER\">16<\/td>\n<td align=\"CENTER\">16<\/td>\n<td align=\"CENTER\">16<\/td>\n<td align=\"CENTER\">105<\/td>\n<\/tr>\n<tr>\n<td align=\"RIGHT\" height=\"17\">17<\/td>\n<td align=\"LEFT\">Robert Nilsson<\/td>\n<td align=\"CENTER\">47<\/td>\n<td align=\"CENTER\">Donna<\/td>\n<td align=\"LEFT\">Eker\u00f6 BK<\/td>\n<td align=\"CENTER\">DNS<\/td>\n<td align=\"CENTER\">DNS<\/td>\n<td align=\"CENTER\">DNS<\/td>\n<td align=\"CENTER\">DNS<\/td>\n<td align=\"CENTER\">DNS<\/td>\n<td align=\"CENTER\">DNS<\/td>\n<td align=\"CENTER\">DNS<\/td>\n<td align=\"CENTER\">DNS<\/td>\n<td align=\"CENTER\">126<\/td>\n<\/tr>\n<\/tbody>\n<\/table>\n\n<div class=\"twitter-share\"><a href=\"https:\/\/twitter.com\/intent\/tweet?via=Every_sailrace\" class=\"twitter-share-button\">Tweet<\/a><\/div>\n","protected":false},"excerpt":{"rendered":"<p>SM Smaragd Nyk\u00f6pings SS 2016 Rank Rorsman Segelnr B\u00e5tnamn Klubb 1 2 3 4 5 6 7 8 p 1 Johan Bursell 50 Emmi Saltsj\u00f6badens BK 1 2 2 1 8 1 2 1 10 2 Johan Fellbom 6 Maskros Tr\u00e4lhavets BK 6 4 4 5 10 2 4 2 27 3 Viktor Lundgren 12 [&hellip;]<\/p>\n","protected":false},"author":1,"featured_media":0,"parent":2478,"menu_order":0,"comment_status":"closed","ping_status":"closed","template":"","meta":[],"_links":{"self":[{"href":"http:\/\/www.everysailrace.com\/index.php?rest_route=\/wp\/v2\/pages\/2979"}],"collection":[{"href":"http:\/\/www.everysailrace.com\/index.php?rest_route=\/wp\/v2\/pages"}],"about":[{"href":"http:\/\/www.everysailrace.com\/index.php?rest_route=\/wp\/v2\/types\/page"}],"author":[{"embeddable":true,"href":"http:\/\/www.everysailrace.com\/index.php?rest_route=\/wp\/v2\/users\/1"}],"replies":[{"embeddable":true,"href":"http:\/\/www.everysailrace.com\/index.php?rest_route=%2Fwp%2Fv2%2Fcomments&post=2979"}],"version-history":[{"count":1,"href":"http:\/\/www.everysailrace.com\/index.php?rest_route=\/wp\/v2\/pages\/2979\/revisions"}],"predecessor-version":[{"id":2980,"href":"http:\/\/www.everysailrace.com\/index.php?rest_route=\/wp\/v2\/pages\/2979\/revisions\/2980"}],"up":[{"embeddable":true,"href":"http:\/\/www.everysailrace.com\/index.php?rest_route=\/wp\/v2\/pages\/2478"}],"wp:attachment":[{"href":"http:\/\/www.everysailrace.com\/index.php?rest_route=%2Fwp%2Fv2%2Fmedia&parent=2979"}],"curies":[{"name":"wp","href":"https:\/\/api.w.org\/{rel}","templated":true}]}}