{"id":3714,"date":"2019-01-20T21:16:26","date_gmt":"2019-01-20T21:16:26","guid":{"rendered":"http:\/\/www.everysailrace.com\/?page_id=3714"},"modified":"2019-01-20T21:17:18","modified_gmt":"2019-01-20T21:17:18","slug":"ski-voile-international-2019-standard","status":"publish","type":"page","link":"http:\/\/www.everysailrace.com\/?page_id=3714","title":{"rendered":"Ski Voile International 2019 &#8211; Standard"},"content":{"rendered":"\n<div class=\"twitter-share\"><a href=\"https:\/\/twitter.com\/intent\/tweet?via=Every_sailrace\" class=\"twitter-share-button\">Tweet<\/a><\/div>\n<p><center><span style=\"color: #0000ff; font-size: large;\"><b>Groupe LASER STANDARD apr\u00e8s 5 courses (4 retenues)<\/b><\/span><span style=\"font-size: large;\">\u00a0(18 inscrits)<\/span><br \/>\n(Cliquez sur les noms soulign\u00e9s pour acc\u00e9der \u00e0 la fiche du coureur)<\/p>\n<table border=\"0\" cellspacing=\"1\" cellpadding=\"1\" align=\"CENTER\">\n<tbody>\n<tr bgcolor=\"#003366\">\n<th><span style=\"color: #ffffff;\">Rgs<\/span><\/th>\n<th><span style=\"color: #ffffff;\">Ident<\/span><\/th>\n<th><span style=\"color: #ffffff;\">Concurrents<\/span><\/th>\n<th><span style=\"color: #ffffff;\">P\u00a0Ret<\/span><\/th>\n<th><span style=\"color: #ffffff;\">P\u00a0tot<\/span><\/th>\n<th><span style=\"color: #ffffff;\">c.1<\/span><\/th>\n<th><span style=\"color: #ffffff;\">c.2<\/span><\/th>\n<th><span style=\"color: #ffffff;\">c.3<\/span><\/th>\n<th><span style=\"color: #ffffff;\">c.4<\/span><\/th>\n<th><span style=\"color: #ffffff;\">c.5<\/span><\/th>\n<th><span style=\"color: #ffffff;\">Club \/ Pays<\/span><\/th>\n<\/tr>\n<tr bgcolor=\"#99CCFF\">\n<td><b>1<\/b><\/td>\n<td>\u00a0ITA\u00a0214141<\/td>\n<td><b><br \/>\n<\/b>\u00a0BINI\u00a0Roberto<\/td>\n<td><b>7.00<\/b><\/td>\n<td>15.00<\/td>\n<td>1<br \/>\n<i>1.0<\/i><\/td>\n<td>3<br \/>\n<i>3.0<\/i><\/td>\n<td>2<br \/>\n<i>2.0<\/i><\/td>\n<td><span style=\"text-decoration: line-through;\">8<br \/>\n<i>8.0<\/i><\/span><\/td>\n<td>1<br \/>\n<i>1.0<\/i><\/td>\n<td>\nVELA\u00a0CLUB\u00a0CAMPIONE\u00a0D\u00a0G<\/td>\n<\/tr>\n<tr bgcolor=\"#D4E9F8\">\n<td><b>2<\/b><\/td>\n<td>\u00a0AUT\u00a0213380<\/td>\n<td><b><br \/>\n<\/b>\u00a0MARSANO\u00a0Christoph<\/td>\n<td><b>15.00<\/b><\/td>\n<td>22.00<\/td>\n<td>6<br \/>\n<i>6.0<\/i><\/td>\n<td>1<br \/>\n<i>1.0<\/i><\/td>\n<td>1<br \/>\n<i>1.0<\/i><\/td>\n<td><span style=\"text-decoration: line-through;\">7<br \/>\n<i>7.0<\/i><\/span><\/td>\n<td>7<br \/>\n<i>7.0<\/i><\/td>\n<td>\nUYCNS<\/td>\n<\/tr>\n<tr bgcolor=\"#99CCFF\">\n<td><b>3<\/b><\/td>\n<td>\u00a0FRA\u00a0203241<\/td>\n<td><b><br \/>\n<\/b>\u00a0SIMEONI\u00a0Denis<\/td>\n<td><b>15.00<\/b><\/td>\n<td>25.00<\/td>\n<td><span style=\"text-decoration: line-through;\">10<br \/>\n<i>10.0<\/i><\/span><\/td>\n<td>4<br \/>\n<i>4.0<\/i><\/td>\n<td>7<br \/>\n<i>7.0<\/i><\/td>\n<td>2<br \/>\n<i>2.0<\/i><\/td>\n<td>2<br \/>\n<i>2.0<\/i><\/td>\n<td>\nC\u00a0O\u00a0Y\u00a0C\u00a0HYEROIS<\/td>\n<\/tr>\n<tr bgcolor=\"#D4E9F8\">\n<td><b>4<\/b><\/td>\n<td>\u00a0SWE\u00a0214195<\/td>\n<td><b><br \/>\n<\/b>\u00a0BOURGHARDT\u00a0David<\/td>\n<td><b>16.00<\/b><\/td>\n<td>35.00<\/td>\n<td>5<br \/>\n<i>5.0<\/i><\/td>\n<td>2<br \/>\n<i>2.0<\/i><\/td>\n<td>4<br \/>\n<i>4.0<\/i><\/td>\n<td>5<br \/>\n<i>5.0<\/i><\/td>\n<td><span style=\"text-decoration: line-through;\">DNF<br \/>\n<i>19.0<\/i><\/span><\/td>\n<td><\/td>\n<\/tr>\n<tr bgcolor=\"#99CCFF\">\n<td><b>5<\/b><\/td>\n<td>\u00a0SWE\u00a0213039<\/td>\n<td><b><br \/>\n<\/b>\u00a0WALLIN\u00a0Michael<\/td>\n<td><b>17.00<\/b><\/td>\n<td>23.00<\/td>\n<td>2<br \/>\n<i>2.0<\/i><\/td>\n<td><span style=\"text-decoration: line-through;\">6<br \/>\n<i>6.0<\/i><\/span><\/td>\n<td>6<br \/>\n<i>6.0<\/i><\/td>\n<td>6<br \/>\n<i>6.0<\/i><\/td>\n<td>3<br \/>\n<i>3.0<\/i><\/td>\n<td>\nKULLAVIK\u00a0KKK<\/td>\n<\/tr>\n<tr bgcolor=\"#D4E9F8\">\n<td><b>6<\/b><\/td>\n<td>\u00a0FRA\u00a0214952<\/td>\n<td><b><br \/>\n<\/b>\u00a0VOGTENSPERGER\u00a0Jean\u00a0Pierre<\/td>\n<td><b>17.00<\/b><\/td>\n<td>26.00<\/td>\n<td>7<br \/>\n<i>7.0<\/i><\/td>\n<td><span style=\"text-decoration: line-through;\">9<br \/>\n<i>9.0<\/i><\/span><\/td>\n<td>3<br \/>\n<i>3.0<\/i><\/td>\n<td>3<br \/>\n<i>3.0<\/i><\/td>\n<td>4<br \/>\n<i>4.0<\/i><\/td>\n<td>\nS\u00a0N\u00a0NARBONNE<\/td>\n<\/tr>\n<tr bgcolor=\"#99CCFF\">\n<td><b>7<\/b><\/td>\n<td>\u00a0ITA\u00a0212481<\/td>\n<td><b><br \/>\n<\/b>\u00a0CAVALLI\u00a0Giuseppe<\/td>\n<td><b>17.00<\/b><\/td>\n<td>25.00<\/td>\n<td>3<br \/>\n<i>3.0<\/i><\/td>\n<td>5<br \/>\n<i>5.0<\/i><\/td>\n<td>5<br \/>\n<i>5.0<\/i><\/td>\n<td>4<br \/>\n<i>4.0<\/i><\/td>\n<td><span style=\"text-decoration: line-through;\">8<br \/>\n<i>8.0<\/i><\/span><\/td>\n<td><\/td>\n<\/tr>\n<tr bgcolor=\"#D4E9F8\">\n<td><b>8<\/b><\/td>\n<td>\u00a0BEL\u00a0206433<\/td>\n<td><b><br \/>\n<\/b>\u00a0MAJON\u00a0Michel<\/td>\n<td><b>18.00<\/b><\/td>\n<td>26.00<\/td>\n<td>4<br \/>\n<i>4.0<\/i><\/td>\n<td>7<br \/>\n<i>7.0<\/i><\/td>\n<td><span style=\"text-decoration: line-through;\">8<br \/>\n<i>8.0<\/i><\/span><\/td>\n<td>1<br \/>\n<i>1.0<\/i><\/td>\n<td>6<br \/>\n<i>6.0<\/i><\/td>\n<td><\/td>\n<\/tr>\n<tr bgcolor=\"#99CCFF\">\n<td><b>9<\/b><\/td>\n<td>\u00a0FRA\u00a0207951<\/td>\n<td><b><br \/>\n<\/b>\u00a0GREAUME\u00a0Christophe<\/td>\n<td><b>34.00<\/b><\/td>\n<td>46.00<\/td>\n<td>9<br \/>\n<i>9.0<\/i><\/td>\n<td>11<br \/>\n<i>11.0<\/i><\/td>\n<td>9<br \/>\n<i>9.0<\/i><\/td>\n<td><span style=\"text-decoration: line-through;\">12<br \/>\n<i>12.0<\/i><\/span><\/td>\n<td>5<br \/>\n<i>5.0<\/i><\/td>\n<td>\nCN\u00a0Sainte-Maxime<\/td>\n<\/tr>\n<tr bgcolor=\"#D4E9F8\">\n<td><b>10<\/b><\/td>\n<td>\u00a0FRA\u00a0175325<\/td>\n<td><b><br \/>\n<\/b>\u00a0AUGUSTIN\u00a0Cedric<\/td>\n<td><b>36.00<\/b><\/td>\n<td>47.00<\/td>\n<td>8<br \/>\n<i>8.0<\/i><\/td>\n<td>8<br \/>\n<i>8.0<\/i><\/td>\n<td><span style=\"text-decoration: line-through;\">11<br \/>\n<i>11.0<\/i><\/span><\/td>\n<td>10<br \/>\n<i>10.0<\/i><\/td>\n<td>10<br \/>\n<i>10.0<\/i><\/td>\n<td>\nS\u00a0R\u00a0ANTIBES<\/td>\n<\/tr>\n<tr bgcolor=\"#99CCFF\">\n<td><b>11<\/b><\/td>\n<td>\u00a0FRA\u00a0210881<\/td>\n<td><b><br \/>\n<\/b>\u00a0BERENGUIER\u00a0Regis<\/td>\n<td><b>38.00<\/b><\/td>\n<td>51.00<\/td>\n<td><span style=\"text-decoration: line-through;\">13<br \/>\n<i>13.0<\/i><\/span><\/td>\n<td>10<br \/>\n<i>10.0<\/i><\/td>\n<td>10<br \/>\n<i>10.0<\/i><\/td>\n<td>9<br \/>\n<i>9.0<\/i><\/td>\n<td>9<br \/>\n<i>9.0<\/i><\/td>\n<td>\nC\u00a0O\u00a0Y\u00a0C\u00a0HYEROIS<\/td>\n<\/tr>\n<tr bgcolor=\"#D4E9F8\">\n<td><b>12<\/b><\/td>\n<td>\u00a0MON\u00a0214951<\/td>\n<td><b><br \/>\n<\/b>\u00a0LANKIN\u00a0Denis<\/td>\n<td><b>47.00<\/b><\/td>\n<td>66.00<\/td>\n<td>11<br \/>\n<i>11.0<\/i><\/td>\n<td>13<br \/>\n<i>13.0<\/i><\/td>\n<td><span style=\"text-decoration: line-through;\">DNS<br \/>\n<i>19.0<\/i><\/span><\/td>\n<td>11<br \/>\n<i>11.0<\/i><\/td>\n<td>12<br \/>\n<i>12.0<\/i><\/td>\n<td>\nYCM<\/td>\n<\/tr>\n<tr bgcolor=\"#99CCFF\">\n<td><b>13<\/b><\/td>\n<td>\u00a0FRA\u00a0203864<\/td>\n<td><b><br \/>\n<\/b>\u00a0GREEN\u00a0Malcom<\/td>\n<td><b>55.00<\/b><\/td>\n<td>71.00<\/td>\n<td><span style=\"text-decoration: line-through;\">16<br \/>\n<i>16.0<\/i><\/span><\/td>\n<td>12<br \/>\n<i>12.0<\/i><\/td>\n<td>16<br \/>\n<i>16.0<\/i><\/td>\n<td>16<br \/>\n<i>16.0<\/i><\/td>\n<td>11<br \/>\n<i>11.0<\/i><\/td>\n<td>\nY\u00a0C\u00a0CANNES<\/td>\n<\/tr>\n<tr bgcolor=\"#D4E9F8\">\n<td><b>14<\/b><\/td>\n<td>\u00a0ITA\u00a0119255<\/td>\n<td><b><br \/>\n<\/b>\u00a0GODONE\u00a0Angelo<\/td>\n<td><b>55.00<\/b><\/td>\n<td>70.00<\/td>\n<td><span style=\"text-decoration: line-through;\">15<br \/>\n<i>15.0<\/i><\/span><\/td>\n<td>15<br \/>\n<i>15.0<\/i><\/td>\n<td>13<br \/>\n<i>13.0<\/i><\/td>\n<td>14<br \/>\n<i>14.0<\/i><\/td>\n<td>13<br \/>\n<i>13.0<\/i><\/td>\n<td>\nALBISOLA<\/td>\n<\/tr>\n<tr bgcolor=\"#99CCFF\">\n<td><b>15<\/b><\/td>\n<td>\u00a0ITA\u00a0198462<\/td>\n<td><b><br \/>\n<\/b>\u00a0PELLE\u00a0Piero<\/td>\n<td><b>56.00<\/b><\/td>\n<td>73.00<\/td>\n<td>12<br \/>\n<i>12.0<\/i><\/td>\n<td>16<br \/>\n<i>16.0<\/i><\/td>\n<td><span style=\"text-decoration: line-through;\">17<br \/>\n<i>17.0<\/i><\/span><\/td>\n<td>13<br \/>\n<i>13.0<\/i><\/td>\n<td>15<br \/>\n<i>15.0<\/i><\/td>\n<td>\nVARAZZE\u00a0CLUB\u00a0NAUTICO<\/td>\n<\/tr>\n<tr bgcolor=\"#D4E9F8\">\n<td><b>16<\/b><\/td>\n<td>\u00a0MON\u00a0185052<\/td>\n<td><b><br \/>\n<\/b>\u00a0MCFARLANE\u00a0Robert<\/td>\n<td><b>58.00<\/b><\/td>\n<td>74.00<\/td>\n<td>14<br \/>\n<i>14.0<\/i><\/td>\n<td>14<br \/>\n<i>14.0<\/i><\/td>\n<td>15<br \/>\n<i>15.0<\/i><\/td>\n<td>15<br \/>\n<i>15.0<\/i><\/td>\n<td><span style=\"text-decoration: line-through;\">16<br \/>\n<i>16.0<\/i><\/span><\/td>\n<td>\nYCM<\/td>\n<\/tr>\n<tr bgcolor=\"#99CCFF\">\n<td><b>17<\/b><\/td>\n<td>\u00a0FRA\u00a0207663<\/td>\n<td><b><br \/>\n<\/b>\u00a0BANAHAN\u00a0Lawrence<\/td>\n<td><b>61.00<\/b><\/td>\n<td>80.00<\/td>\n<td><span style=\"text-decoration: line-through;\">DNF<br \/>\n<i>19.0<\/i><\/span><\/td>\n<td>17<br \/>\n<i>17.0<\/i><\/td>\n<td>12<br \/>\n<i>12.0<\/i><\/td>\n<td>18<br \/>\n<i>18.0<\/i><\/td>\n<td>14<br \/>\n<i>14.0<\/i><\/td>\n<td>\nC\u00a0N\u00a0Saint-Raphael<\/td>\n<\/tr>\n<tr bgcolor=\"#D4E9F8\">\n<td><b>18<\/b><\/td>\n<td>\u00a0FRA\u00a0208725<\/td>\n<td><b><br \/>\n<\/b>\u00a0HEYNDRICKX\u00a0Sebastien<\/td>\n<td><b>66.00<\/b><\/td>\n<td>85.00<\/td>\n<td>17<br \/>\n<i>17.0<\/i><\/td>\n<td>18<br \/>\n<i>18.0<\/i><\/td>\n<td>14<br \/>\n<i>14.0<\/i><\/td>\n<td>17<br \/>\n<i>17.0<\/i><\/td>\n<td><span style=\"text-decoration: line-through;\">DNF<br \/>\n<i>19.0<\/i><\/span><\/td>\n<td>\nC\u00a0O\u00a0Y\u00a0C\u00a0HYEROIS<\/td>\n<\/tr>\n<\/tbody>\n<\/table>\n<p><\/center><center><span style=\"font-size: small;\">P\u00e9nalit\u00e9s et r\u00e9parations : 4 (P\u00e9nalit\u00e9s et r\u00e9parations : 9 (8 DNF; 1 OCS; )1 OCS; 3 DNF; 1 DNS; )<\/span><\/center><\/p>\n\n<div class=\"twitter-share\"><a href=\"https:\/\/twitter.com\/intent\/tweet?via=Every_sailrace\" class=\"twitter-share-button\">Tweet<\/a><\/div>\n","protected":false},"excerpt":{"rendered":"<p>Groupe LASER STANDARD apr\u00e8s 5 courses (4 retenues)\u00a0(18 inscrits) (Cliquez sur les noms soulign\u00e9s pour acc\u00e9der \u00e0 la fiche du coureur) Rgs Ident Concurrents P\u00a0Ret P\u00a0tot c.1 c.2 c.3 c.4 c.5 Club \/ Pays 1 \u00a0ITA\u00a0214141 \u00a0BINI\u00a0Roberto 7.00 15.00 1 1.0 3 3.0 2 2.0 8 8.0 1 1.0 VELA\u00a0CLUB\u00a0CAMPIONE\u00a0D\u00a0G 2 \u00a0AUT\u00a0213380 \u00a0MARSANO\u00a0Christoph 15.00 22.00 [&hellip;]<\/p>\n","protected":false},"author":1,"featured_media":0,"parent":3707,"menu_order":0,"comment_status":"closed","ping_status":"closed","template":"","meta":[],"_links":{"self":[{"href":"http:\/\/www.everysailrace.com\/index.php?rest_route=\/wp\/v2\/pages\/3714"}],"collection":[{"href":"http:\/\/www.everysailrace.com\/index.php?rest_route=\/wp\/v2\/pages"}],"about":[{"href":"http:\/\/www.everysailrace.com\/index.php?rest_route=\/wp\/v2\/types\/page"}],"author":[{"embeddable":true,"href":"http:\/\/www.everysailrace.com\/index.php?rest_route=\/wp\/v2\/users\/1"}],"replies":[{"embeddable":true,"href":"http:\/\/www.everysailrace.com\/index.php?rest_route=%2Fwp%2Fv2%2Fcomments&post=3714"}],"version-history":[{"count":2,"href":"http:\/\/www.everysailrace.com\/index.php?rest_route=\/wp\/v2\/pages\/3714\/revisions"}],"predecessor-version":[{"id":3716,"href":"http:\/\/www.everysailrace.com\/index.php?rest_route=\/wp\/v2\/pages\/3714\/revisions\/3716"}],"up":[{"embeddable":true,"href":"http:\/\/www.everysailrace.com\/index.php?rest_route=\/wp\/v2\/pages\/3707"}],"wp:attachment":[{"href":"http:\/\/www.everysailrace.com\/index.php?rest_route=%2Fwp%2Fv2%2Fmedia&parent=3714"}],"curies":[{"name":"wp","href":"https:\/\/api.w.org\/{rel}","templated":true}]}}