{"id":514,"date":"2015-06-07T20:31:48","date_gmt":"2015-06-07T20:31:48","guid":{"rendered":"http:\/\/www.everysailrace.com\/?page_id=514"},"modified":"2015-06-07T20:35:52","modified_gmt":"2015-06-07T20:35:52","slug":"514-2","status":"publish","type":"page","link":"http:\/\/www.everysailrace.com\/?page_id=514","title":{"rendered":"Nautiska Sandhamn Open Ban"},"content":{"rendered":"\n<div class=\"twitter-share\"><a href=\"https:\/\/twitter.com\/intent\/tweet?via=Every_sailrace\" class=\"twitter-share-button\">Tweet<\/a><\/div>\n<p>Robin T\u00f6rnqvist, KSSS, avslutade SM f\u00f6r X-35 med tre raka spikar och kan nu titulera sig Svenska M\u00e4stare. Claes Falk, Valdermarsvik, kom tre po\u00e4ng efter som tv\u00e5a. Douglas Eklund, KSSS, slutade trea.<\/p>\n<p>Viktor Lindgren vann Smaragdklassen med spikar i de sex delseglingarna. <\/p>\n<p>Kent Wretman tog hem Far East 28r klassen.<\/p>\n<p>Fredrik Karlsson tog hem F18 i en j\u00e4mn kamp mot Leff Dahl och Olof Berensson.  <\/p>\n<header><\/header>\n<div id=\"wrap\">\n<h3 class=\"summarytitle\"><\/h3>\n<h3 class=\"summarytitle\"><\/h3>\n<h3 id=\"summaryf_18\" class=\"summarytitle\">F-18 Class<\/h3>\n<div class=\"caption summarycaption\">Sailed: 6, Discards: 1, To count: 5, Entries: 10, Scoring system: Appendix A<\/div>\n<table class=\"summarytable\" border=\"0\" cellspacing=\"0\" cellpadding=\"0\">\n<colgroup span=\"15\">\n<col class=\"rank\" \/>\n<col class=\"class\" \/>\n<col class=\"boat\" \/>\n<col class=\"nat\" \/>\n<col class=\"sailno\" \/>\n<col class=\"helmname\" \/>\n<col class=\"club\" \/>\n<col class=\"race\" \/>\n<col class=\"race\" \/>\n<col class=\"race\" \/>\n<col class=\"race\" \/>\n<col class=\"race\" \/>\n<col class=\"race\" \/>\n<col class=\"total\" \/>\n<col class=\"nett\" \/><\/colgroup>\n<tbody>\n<tr class=\"titlerow\">\n<th>Rank<\/th>\n<th>Class<\/th>\n<th>Boat<\/th>\n<th>Nat<\/th>\n<th>Sail Number<\/th>\n<th>HelmName<\/th>\n<th>Club<\/th>\n<th>R1<\/th>\n<th>R2<\/th>\n<th>R3<\/th>\n<th>R4<\/th>\n<th>R5<\/th>\n<th>R6<\/th>\n<th>Total<\/th>\n<th>Nett<\/th>\n<\/tr>\n<tr class=\"odd summaryrow\">\n<td>1st<\/td>\n<td>F-18<\/td>\n<td>SWE 70<\/td>\n<td>SWE<\/td>\n<td>70<\/td>\n<td>Fredrik Karlsson<\/td>\n<td>KSSS<\/td>\n<td>2<\/td>\n<td>1<\/td>\n<td>1<\/td>\n<td>1<\/td>\n<td>(4)<\/td>\n<td>3<\/td>\n<td>12<\/td>\n<td>8<\/td>\n<\/tr>\n<tr class=\"even summaryrow\">\n<td>2nd<\/td>\n<td>F-18<\/td>\n<td>Gardio<\/td>\n<td>SWE<\/td>\n<td>2<\/td>\n<td>Leff Dahl<\/td>\n<td>KSSS<\/td>\n<td>3<\/td>\n<td>2<\/td>\n<td>2<\/td>\n<td>2<\/td>\n<td>2<\/td>\n<td>(4)<\/td>\n<td>15<\/td>\n<td>11<\/td>\n<\/tr>\n<tr class=\"odd summaryrow\">\n<td>3rd<\/td>\n<td>F-18<\/td>\n<td>175kg fredagsmys<\/td>\n<td>SWE<\/td>\n<td>104<\/td>\n<td>Olof Berensson\/Carl-Johan S\u00f6der<\/td>\n<td>KSSS<\/td>\n<td>1<\/td>\n<td>3<\/td>\n<td>(4)<\/td>\n<td>3<\/td>\n<td>3<\/td>\n<td>2<\/td>\n<td>16<\/td>\n<td>12<\/td>\n<\/tr>\n<tr class=\"even summaryrow\">\n<td>4th<\/td>\n<td>F-18<\/td>\n<td>Bergstr\u00f6m\/Hansson<\/td>\n<td>SWE<\/td>\n<td>888<\/td>\n<td>Martin Bergstr\u00f6m<\/td>\n<td>KSSS<\/td>\n<td>4<\/td>\n<td>5<\/td>\n<td>6<\/td>\n<td>(11 DNF)<\/td>\n<td>5<\/td>\n<td>5<\/td>\n<td>36<\/td>\n<td>25<\/td>\n<\/tr>\n<tr class=\"odd summaryrow\">\n<td>5th<\/td>\n<td>F-18<\/td>\n<td>B\u00e5ten<\/td>\n<td>SWE<\/td>\n<td>81<\/td>\n<td>Mathias S\u00f6derstr\u00f6m<\/td>\n<td>KSSS<\/td>\n<td>(11 DNF)<\/td>\n<td>11 DNS<\/td>\n<td>5<\/td>\n<td>11 DNS<\/td>\n<td>1<\/td>\n<td>1<\/td>\n<td>40<\/td>\n<td>29<\/td>\n<\/tr>\n<tr class=\"even summaryrow\">\n<td>6th<\/td>\n<td>F-18<\/td>\n<td><\/td>\n<td>SWE<\/td>\n<td>768<\/td>\n<td>Leopold Almstedt Seifert<\/td>\n<td>KSSS<\/td>\n<td>(11 DNS)<\/td>\n<td>4<\/td>\n<td>3<\/td>\n<td>11 DNS<\/td>\n<td>6<\/td>\n<td>6<\/td>\n<td>41<\/td>\n<td>30<\/td>\n<\/tr>\n<tr class=\"odd summaryrow\">\n<td>7th<\/td>\n<td>F-18<\/td>\n<td>Wild duck<\/td>\n<td>SWE<\/td>\n<td>336<\/td>\n<td>Claes R\u00f6jning<\/td>\n<td>KSSS<\/td>\n<td>6<\/td>\n<td>6<\/td>\n<td>7<\/td>\n<td>4<\/td>\n<td>(8)<\/td>\n<td>8<\/td>\n<td>39<\/td>\n<td>31<\/td>\n<\/tr>\n<tr class=\"even summaryrow\">\n<td>8th<\/td>\n<td>F-18<\/td>\n<td>Monster<\/td>\n<td>SWE<\/td>\n<td>25<\/td>\n<td>Jonas Bystr\u00f6m<\/td>\n<td>KSSS<\/td>\n<td>(11 DNS)<\/td>\n<td>11 DNS<\/td>\n<td>11 DNS<\/td>\n<td>11 DNS<\/td>\n<td>7<\/td>\n<td>7<\/td>\n<td>58<\/td>\n<td>47<\/td>\n<\/tr>\n<tr class=\"odd summaryrow\">\n<td>9th<\/td>\n<td>F-18<\/td>\n<td>Bj\u00f6rns Segelv\u00e5rd<\/td>\n<td>SWE<\/td>\n<td>40<\/td>\n<td>Niklas Bredberg<\/td>\n<td>Liding\u00f6 Jolleseglare<\/td>\n<td>5<\/td>\n<td>(11 DNS)<\/td>\n<td>11 DNS<\/td>\n<td>11 DNS<\/td>\n<td>11 DNS<\/td>\n<td>11 DNS<\/td>\n<td>60<\/td>\n<td>49<\/td>\n<\/tr>\n<tr class=\"even summaryrow\">\n<td>10th<\/td>\n<td>F-18<\/td>\n<td>Linder*2<\/td>\n<td>SWE<\/td>\n<td>73<\/td>\n<td>Lars Linder<\/td>\n<td>KSSS<\/td>\n<td>(11 DNS)<\/td>\n<td>11 DNS<\/td>\n<td>11 DNS<\/td>\n<td>11 DNS<\/td>\n<td>11 DNS<\/td>\n<td>11 DNS<\/td>\n<td>66<\/td>\n<td>55<\/td>\n<\/tr>\n<\/tbody>\n<\/table>\n<div class=\"applicant-break\"><\/div>\n<h3 id=\"summaryfareast_28r\" class=\"summarytitle\">FarEast 28r Class<\/h3>\n<div class=\"caption summarycaption\">Sailed: 6, Discards: 1, To count: 5, Entries: 6, Scoring system: Appendix A<\/div>\n<table class=\"summarytable\" border=\"0\" cellspacing=\"0\" cellpadding=\"0\">\n<colgroup span=\"15\">\n<col class=\"rank\" \/>\n<col class=\"class\" \/>\n<col class=\"boat\" \/>\n<col class=\"nat\" \/>\n<col class=\"sailno\" \/>\n<col class=\"helmname\" \/>\n<col class=\"club\" \/>\n<col class=\"race\" \/>\n<col class=\"race\" \/>\n<col class=\"race\" \/>\n<col class=\"race\" \/>\n<col class=\"race\" \/>\n<col class=\"race\" \/>\n<col class=\"total\" \/>\n<col class=\"nett\" \/><\/colgroup>\n<tbody>\n<tr class=\"titlerow\">\n<th>Rank<\/th>\n<th>Class<\/th>\n<th>Boat<\/th>\n<th>Nat<\/th>\n<th>Sail Number<\/th>\n<th>HelmName<\/th>\n<th>Club<\/th>\n<th>R1<\/th>\n<th>R2<\/th>\n<th>R3<\/th>\n<th>R4<\/th>\n<th>R5<\/th>\n<th>R6<\/th>\n<th>Total<\/th>\n<th>Nett<\/th>\n<\/tr>\n<tr class=\"odd summaryrow\">\n<td>1st<\/td>\n<td>FarEast 28r<\/td>\n<td>Team Gransegel<\/td>\n<td>SWE<\/td>\n<td>19<\/td>\n<td>Kent Wretman<\/td>\n<td>Skurusundets B\u00e5ts\u00e4llskap<\/td>\n<td>3<\/td>\n<td>3<\/td>\n<td>1<\/td>\n<td>(7 DNF)<\/td>\n<td>1<\/td>\n<td>2<\/td>\n<td>17<\/td>\n<td>10<\/td>\n<\/tr>\n<tr class=\"even summaryrow\">\n<td>2nd<\/td>\n<td>FarEast 28r<\/td>\n<td>NemoR<\/td>\n<td>SWE<\/td>\n<td>20<\/td>\n<td>Hans Broman<\/td>\n<td>Tr\u00e4lhavets B\u00e5tklubb<\/td>\n<td>2<\/td>\n<td>(4)<\/td>\n<td>3<\/td>\n<td>2<\/td>\n<td>3<\/td>\n<td>4<\/td>\n<td>18<\/td>\n<td>14<\/td>\n<\/tr>\n<tr class=\"odd summaryrow\">\n<td>3rd<\/td>\n<td>FarEast 28r<\/td>\n<td>Team Lanefelt\/Lindsten<\/td>\n<td>SWE<\/td>\n<td>29<\/td>\n<td>Peder Lanefelt<\/td>\n<td>KSSS<\/td>\n<td>(5)<\/td>\n<td>2<\/td>\n<td>4<\/td>\n<td>3<\/td>\n<td>2<\/td>\n<td>5<\/td>\n<td>21<\/td>\n<td>16<\/td>\n<\/tr>\n<tr class=\"even summaryrow\">\n<td>4th<\/td>\n<td>FarEast 28r<\/td>\n<td>Take Off Too<\/td>\n<td>SWE<\/td>\n<td>26<\/td>\n<td>Peter Pohl<\/td>\n<td>KSSS<\/td>\n<td>6<\/td>\n<td>6<\/td>\n<td>(7 DNF)<\/td>\n<td>1<\/td>\n<td>5<\/td>\n<td>1<\/td>\n<td>26<\/td>\n<td>19<\/td>\n<\/tr>\n<tr class=\"odd summaryrow\">\n<td>5th<\/td>\n<td>FarEast 28r<\/td>\n<td>China Girl<\/td>\n<td>SWE<\/td>\n<td>28<\/td>\n<td>Isabelle Lindsten<\/td>\n<td>KSSS<\/td>\n<td>4<\/td>\n<td>6<\/td>\n<td>2<\/td>\n<td>(7 DSQ)<\/td>\n<td>4<\/td>\n<td>3<\/td>\n<td>26<\/td>\n<td>19<\/td>\n<\/tr>\n<tr class=\"even summaryrow\">\n<td>6th<\/td>\n<td>FarEast 28r<\/td>\n<td>Apans \u00c5r<\/td>\n<td>SWE<\/td>\n<td>34<\/td>\n<td>Jesper Ott<\/td>\n<td>Nacka Strand Yacht Club<\/td>\n<td>1<\/td>\n<td>1<\/td>\n<td>(7 DNF)<\/td>\n<td>7 DNS<\/td>\n<td>7 DNS<\/td>\n<td>7 DNS<\/td>\n<td>30<\/td>\n<td>23<\/td>\n<\/tr>\n<\/tbody>\n<\/table>\n<div class=\"applicant-break\"><\/div>\n<h3 id=\"summarysmaragd\" class=\"summarytitle\">Smaragd Class<\/h3>\n<div class=\"caption summarycaption\">Sailed: 6, Discards: 1, To count: 5, Entries: 7, Scoring system: Appendix A<\/div>\n<table class=\"summarytable\" border=\"0\" cellspacing=\"0\" cellpadding=\"0\">\n<colgroup span=\"15\">\n<col class=\"rank\" \/>\n<col class=\"class\" \/>\n<col class=\"boat\" \/>\n<col class=\"nat\" \/>\n<col class=\"sailno\" \/>\n<col class=\"helmname\" \/>\n<col class=\"club\" \/>\n<col class=\"race\" \/>\n<col class=\"race\" \/>\n<col class=\"race\" \/>\n<col class=\"race\" \/>\n<col class=\"race\" \/>\n<col class=\"race\" \/>\n<col class=\"total\" \/>\n<col class=\"nett\" \/><\/colgroup>\n<tbody>\n<tr class=\"titlerow\">\n<th>Rank<\/th>\n<th>Class<\/th>\n<th>Boat<\/th>\n<th>Nat<\/th>\n<th>Sail Number<\/th>\n<th>HelmName<\/th>\n<th>Club<\/th>\n<th>R1<\/th>\n<th>R2<\/th>\n<th>R3<\/th>\n<th>R4<\/th>\n<th>R5<\/th>\n<th>R6<\/th>\n<th>Total<\/th>\n<th>Nett<\/th>\n<\/tr>\n<tr class=\"odd summaryrow\">\n<td>1st<\/td>\n<td>Smaragd<\/td>\n<td>Emeraude<\/td>\n<td>SWE<\/td>\n<td>12<\/td>\n<td>Viktor Lundgren<\/td>\n<td>G\u00f6ta SS<\/td>\n<td>1<\/td>\n<td>1<\/td>\n<td>1<\/td>\n<td>(3)<\/td>\n<td>1<\/td>\n<td>1<\/td>\n<td>8<\/td>\n<td>5<\/td>\n<\/tr>\n<tr class=\"even summaryrow\">\n<td>2nd<\/td>\n<td>Smaragd<\/td>\n<td>HuxFlux<\/td>\n<td>SWE<\/td>\n<td>19<\/td>\n<td>Berndt Lindberg<\/td>\n<td>Gustavsbergs B\u00e5tklubb<\/td>\n<td>(6)<\/td>\n<td>6<\/td>\n<td>3<\/td>\n<td>1<\/td>\n<td>2<\/td>\n<td>2<\/td>\n<td>20<\/td>\n<td>14<\/td>\n<\/tr>\n<tr class=\"odd summaryrow\">\n<td>3rd<\/td>\n<td>Smaragd<\/td>\n<td>Maskros<\/td>\n<td>SWE<\/td>\n<td>6<\/td>\n<td>Johan Fellbom<\/td>\n<td>Tr\u00e4lhavets B\u00e5tklubb<\/td>\n<td>2<\/td>\n<td>4<\/td>\n<td>(7)<\/td>\n<td>2<\/td>\n<td>4<\/td>\n<td>4<\/td>\n<td>23<\/td>\n<td>16<\/td>\n<\/tr>\n<tr class=\"even summaryrow\">\n<td>4th<\/td>\n<td>Smaragd<\/td>\n<td>Santana<\/td>\n<td>SWE<\/td>\n<td>31<\/td>\n<td>Magnus Enblom<\/td>\n<td>Runmar\u00f6 Yacht Club<\/td>\n<td>4<\/td>\n<td>2<\/td>\n<td>2<\/td>\n<td>4<\/td>\n<td>(6)<\/td>\n<td>5<\/td>\n<td>23<\/td>\n<td>17<\/td>\n<\/tr>\n<tr class=\"odd summaryrow\">\n<td>5th<\/td>\n<td>Smaragd<\/td>\n<td>TOOGOO<\/td>\n<td>SWE<\/td>\n<td>23<\/td>\n<td>Klas Argulander<\/td>\n<td>Askrike Segels\u00e4llskap<\/td>\n<td>3<\/td>\n<td>3<\/td>\n<td>6<\/td>\n<td>7<\/td>\n<td>(8 OCS)<\/td>\n<td>3<\/td>\n<td>30<\/td>\n<td>22<\/td>\n<\/tr>\n<tr class=\"even summaryrow\">\n<td>6th<\/td>\n<td>Smaragd<\/td>\n<td><\/td>\n<td>SWE<\/td>\n<td>54<\/td>\n<td>Arvid S\u00f6derman<\/td>\n<td>Blyn\u00e4svikens B\u00e5tklubb<\/td>\n<td>(7)<\/td>\n<td>5<\/td>\n<td>5<\/td>\n<td>6<\/td>\n<td>3<\/td>\n<td>6<\/td>\n<td>32<\/td>\n<td>25<\/td>\n<\/tr>\n<tr class=\"odd summaryrow\">\n<td>7th<\/td>\n<td>Smaragd<\/td>\n<td>ZOOM<\/td>\n<td>SWE<\/td>\n<td>105<\/td>\n<td>H\u00e5kan Andersson<\/td>\n<td>\u00d6sterhaninge B\u00e5tklubb<\/td>\n<td>5<\/td>\n<td>(7)<\/td>\n<td>4<\/td>\n<td>5<\/td>\n<td>5<\/td>\n<td>7<\/td>\n<td>33<\/td>\n<td>26<\/td>\n<\/tr>\n<\/tbody>\n<\/table>\n<h1><\/h1>\n<h1><\/h1>\n<h1><\/h1>\n<h2>SM X-35<\/h2>\n<div><\/div>\n<h3 id=\"summaryx_35\" class=\"summarytitle\"><\/h3>\n<div class=\"caption summarycaption\">Sailed: 6, Discards: 1, To count: 5, Entries: 10, Scoring system: Appendix A<\/div>\n<table class=\"summarytable\" border=\"0\" cellspacing=\"0\" cellpadding=\"0\">\n<colgroup span=\"15\">\n<col class=\"rank\" \/>\n<col class=\"class\" \/>\n<col class=\"boat\" \/>\n<col class=\"nat\" \/>\n<col class=\"sailno\" \/>\n<col class=\"helmname\" \/>\n<col class=\"club\" \/>\n<col class=\"race\" \/>\n<col class=\"race\" \/>\n<col class=\"race\" \/>\n<col class=\"race\" \/>\n<col class=\"race\" \/>\n<col class=\"race\" \/>\n<col class=\"total\" \/>\n<col class=\"nett\" \/><\/colgroup>\n<tbody>\n<tr class=\"titlerow\">\n<th>Rank<\/th>\n<th>Class<\/th>\n<th>Boat<\/th>\n<th>Nat<\/th>\n<th>Sail Number<\/th>\n<th>HelmName<\/th>\n<th>Club<\/th>\n<th>R1<\/th>\n<th>R2<\/th>\n<th>R3<\/th>\n<th>R4<\/th>\n<th>R5<\/th>\n<th>R6<\/th>\n<th>Total<\/th>\n<th>Nett<\/th>\n<\/tr>\n<tr class=\"odd summaryrow\">\n<td>1st<\/td>\n<td>X-35<\/td>\n<td>XIT<\/td>\n<td>SWE<\/td>\n<td>8<\/td>\n<td>Robin T\u00f6rnqvist<\/td>\n<td>KSSS<\/td>\n<td>2<\/td>\n<td>(5)<\/td>\n<td>3<\/td>\n<td>1<\/td>\n<td>1<\/td>\n<td>1<\/td>\n<td>13<\/td>\n<td>8<\/td>\n<\/tr>\n<tr class=\"even summaryrow\">\n<td>2nd<\/td>\n<td>X-35<\/td>\n<td>Valdemarsviks Sailing Team<\/td>\n<td>SWE<\/td>\n<td>84<\/td>\n<td>Claes Falk<\/td>\n<td>Valdemarsviks Segel Klubb<\/td>\n<td>3<\/td>\n<td>1<\/td>\n<td>(4)<\/td>\n<td>3<\/td>\n<td>2<\/td>\n<td>2<\/td>\n<td>15<\/td>\n<td>11<\/td>\n<\/tr>\n<tr class=\"odd summaryrow\">\n<td>3rd<\/td>\n<td>X-35<\/td>\n<td>Nautiska Racing<\/td>\n<td>SWE<\/td>\n<td>106<\/td>\n<td>Douglas Eklund<\/td>\n<td>KSSS<\/td>\n<td>1<\/td>\n<td>3<\/td>\n<td>2<\/td>\n<td>(4)<\/td>\n<td>3<\/td>\n<td>3<\/td>\n<td>16<\/td>\n<td>12<\/td>\n<\/tr>\n<tr class=\"even summaryrow\">\n<td>4th<\/td>\n<td>X-35<\/td>\n<td>Escape<\/td>\n<td>SWE<\/td>\n<td>82<\/td>\n<td>Mats Rimm\u00f6<\/td>\n<td>Ekolns Segelklubb<\/td>\n<td>4<\/td>\n<td>2<\/td>\n<td>(5)<\/td>\n<td>2<\/td>\n<td>4<\/td>\n<td>5<\/td>\n<td>22<\/td>\n<td>17<\/td>\n<\/tr>\n<tr class=\"odd summaryrow\">\n<td>5th<\/td>\n<td>X-35<\/td>\n<td>Swallow<\/td>\n<td>SWE<\/td>\n<td>129<\/td>\n<td>Anders \u00c5hman<\/td>\n<td>KSSS<\/td>\n<td>(6)<\/td>\n<td>6<\/td>\n<td>1<\/td>\n<td>5<\/td>\n<td>5<\/td>\n<td>6<\/td>\n<td>29<\/td>\n<td>23<\/td>\n<\/tr>\n<tr class=\"even summaryrow\">\n<td>6th<\/td>\n<td>X-35<\/td>\n<td>Rocket Racing Team<\/td>\n<td>SWE<\/td>\n<td>167<\/td>\n<td>Johan Rockstr\u00f6m<\/td>\n<td>KSSS<\/td>\n<td>5<\/td>\n<td>4<\/td>\n<td>6<\/td>\n<td>6<\/td>\n<td>(7)<\/td>\n<td>4<\/td>\n<td>32<\/td>\n<td>25<\/td>\n<\/tr>\n<tr class=\"odd summaryrow\">\n<td>7th<\/td>\n<td>X-35<\/td>\n<td>Dynamant<\/td>\n<td>SWE<\/td>\n<td>142<\/td>\n<td>Per Teng\u00e5<\/td>\n<td>MSK<\/td>\n<td>(7)<\/td>\n<td>7<\/td>\n<td>7<\/td>\n<td>7<\/td>\n<td>6<\/td>\n<td>7<\/td>\n<td>41<\/td>\n<td>34<\/td>\n<\/tr>\n<tr class=\"even summaryrow\">\n<td>8th<\/td>\n<td>X-35<\/td>\n<td>X-Dream\/GBR Sj\u00f6event<\/td>\n<td>SWE<\/td>\n<td>32<\/td>\n<td>Peter Brorson<\/td>\n<td>Wester\u00e5s segels\u00e4llskap<\/td>\n<td>8<\/td>\n<td>(9)<\/td>\n<td>8<\/td>\n<td>9<\/td>\n<td>8<\/td>\n<td>8<\/td>\n<td>50<\/td>\n<td>41<\/td>\n<\/tr>\n<tr class=\"odd summaryrow\">\n<td>9th<\/td>\n<td>X-35<\/td>\n<td><\/td>\n<td>SWE<\/td>\n<td>168<\/td>\n<td>Johan Gransten<\/td>\n<td>\u00d6sterhaninge B\u00e5tklubb<\/td>\n<td>(11 DNF)<\/td>\n<td>8<\/td>\n<td>9<\/td>\n<td>8<\/td>\n<td>11 DNF<\/td>\n<td>9<\/td>\n<td>56<\/td>\n<td>45<\/td>\n<\/tr>\n<tr class=\"even summaryrow\">\n<td>10th<\/td>\n<td>X-35<\/td>\n<td>Sandholm Associates<\/td>\n<td>SWE<\/td>\n<td>137<\/td>\n<td>Lars S\u00f6rqvist<\/td>\n<td>KSSS<\/td>\n<td>(11 DNF)<\/td>\n<td>10<\/td>\n<td>11 DNF<\/td>\n<td>11 DNF<\/td>\n<td>11 DNF<\/td>\n<td>11 DNF<\/td>\n<td>65<\/td>\n<td>54<\/td>\n<\/tr>\n<\/tbody>\n<\/table>\n<h3 class=\"codestitle\"><\/h3>\n<\/div>\n\n<div class=\"twitter-share\"><a href=\"https:\/\/twitter.com\/intent\/tweet?via=Every_sailrace\" class=\"twitter-share-button\">Tweet<\/a><\/div>\n","protected":false},"excerpt":{"rendered":"<p>Robin T\u00f6rnqvist, KSSS, avslutade SM f\u00f6r X-35 med tre raka spikar och kan nu titulera sig Svenska M\u00e4stare. Claes Falk, Valdermarsvik, kom tre po\u00e4ng efter som tv\u00e5a. Douglas Eklund, KSSS, slutade trea. Viktor Lindgren vann Smaragdklassen med spikar i de sex delseglingarna. Kent Wretman tog hem Far East 28r klassen. Fredrik Karlsson tog hem F18 [&hellip;]<\/p>\n","protected":false},"author":1,"featured_media":0,"parent":108,"menu_order":0,"comment_status":"closed","ping_status":"open","template":"page-full.php","meta":[],"_links":{"self":[{"href":"http:\/\/www.everysailrace.com\/index.php?rest_route=\/wp\/v2\/pages\/514"}],"collection":[{"href":"http:\/\/www.everysailrace.com\/index.php?rest_route=\/wp\/v2\/pages"}],"about":[{"href":"http:\/\/www.everysailrace.com\/index.php?rest_route=\/wp\/v2\/types\/page"}],"author":[{"embeddable":true,"href":"http:\/\/www.everysailrace.com\/index.php?rest_route=\/wp\/v2\/users\/1"}],"replies":[{"embeddable":true,"href":"http:\/\/www.everysailrace.com\/index.php?rest_route=%2Fwp%2Fv2%2Fcomments&post=514"}],"version-history":[{"count":4,"href":"http:\/\/www.everysailrace.com\/index.php?rest_route=\/wp\/v2\/pages\/514\/revisions"}],"predecessor-version":[{"id":519,"href":"http:\/\/www.everysailrace.com\/index.php?rest_route=\/wp\/v2\/pages\/514\/revisions\/519"}],"up":[{"embeddable":true,"href":"http:\/\/www.everysailrace.com\/index.php?rest_route=\/wp\/v2\/pages\/108"}],"wp:attachment":[{"href":"http:\/\/www.everysailrace.com\/index.php?rest_route=%2Fwp%2Fv2%2Fmedia&parent=514"}],"curies":[{"name":"wp","href":"https:\/\/api.w.org\/{rel}","templated":true}]}}