{"id":71,"date":"2015-05-06T15:45:04","date_gmt":"2015-05-06T15:45:04","guid":{"rendered":"http:\/\/www.everysailrace.com\/?page_id=71"},"modified":"2016-09-09T06:03:36","modified_gmt":"2016-09-09T06:03:36","slug":"laser","status":"publish","type":"page","link":"http:\/\/www.everysailrace.com\/?page_id=71","title":{"rendered":"Laser"},"content":{"rendered":"\n<div class=\"twitter-share\"><a href=\"https:\/\/twitter.com\/intent\/tweet?via=Every_sailrace\" class=\"twitter-share-button\">Tweet<\/a><\/div>\n<p>GP Serien i Laser<\/p>\n<p>Samtliga Grand Prix-seglingar ing\u00e5r i Pelle P Laser Grand Prix. F\u00f6r 2016 kommer ocks\u00e5 Master-klassen ha en Master-Cup med separat start och d\u00e5 vid regattorna i R\u00e5\u00e5, L\u00e5ngedrag, Marstrand och Saltsj\u00f6baden.<\/p>\n<p>GP 1 30\/4-1\/5 R\u00e5\u00e5\/Helsingborg RJK<br \/>\nGP 2 21-22\/5 Kalmar SSVI<br \/>\nGP 3 11-12\/6 L\u00e5ngedrag GKSS<br \/>\nGP 4 27-28\/8 Tr\u00e4sl\u00f6vsl\u00e4ge T\u00c4BS<br \/>\nGP 5 17-18\/9 Skutberget\/Karlstad SHBS<br \/>\nGP 6 1-2\/10 Saltsj\u00f6baden KSSS OCR<\/p>\n<p>SM 2016 3-4\/9 V\u00e4nersborg V\u00c4SS<br \/>\nMaster SM 4-7\/8 Marstrand GKSS<br \/>\nJSM 2016 17-21\/6 V\u00e4ster\u00e5s JKV<\/p>\n<p>Kolla in boendet till t\u00e4vlingarna!<br \/>\n<script type=\"text\/javascript\">\/\/ <![CDATA[\nvar uri = 'http:\/\/impse.tradedoubler.com\/imp?type(img)g(22549228)a(2505428)' + new String (Math.random()).substring (2, 11);\ndocument.write('<a href=\"http:\/\/clk.tradedoubler.com\/click?p=255011&#038;a=2505428&#038;g=22549228\" target=\"_BLANK\"><img src=\"'+uri+'\" border=0><\/a>');\n\/\/ ]]><\/script><\/p>\n\n<div class=\"twitter-share\"><a href=\"https:\/\/twitter.com\/intent\/tweet?via=Every_sailrace\" class=\"twitter-share-button\">Tweet<\/a><\/div>\n","protected":false},"excerpt":{"rendered":"<p>GP Serien i Laser Samtliga Grand Prix-seglingar ing\u00e5r i Pelle P Laser Grand Prix. F\u00f6r 2016 kommer ocks\u00e5 Master-klassen ha en Master-Cup med separat start och d\u00e5 vid regattorna i R\u00e5\u00e5, L\u00e5ngedrag, Marstrand och Saltsj\u00f6baden. GP 1 30\/4-1\/5 R\u00e5\u00e5\/Helsingborg RJK GP 2 21-22\/5 Kalmar SSVI GP 3 11-12\/6 L\u00e5ngedrag GKSS GP 4 27-28\/8 Tr\u00e4sl\u00f6vsl\u00e4ge T\u00c4BS [&hellip;]<\/p>\n","protected":false},"author":1,"featured_media":0,"parent":1456,"menu_order":0,"comment_status":"closed","ping_status":"open","template":"","meta":[],"_links":{"self":[{"href":"http:\/\/www.everysailrace.com\/index.php?rest_route=\/wp\/v2\/pages\/71"}],"collection":[{"href":"http:\/\/www.everysailrace.com\/index.php?rest_route=\/wp\/v2\/pages"}],"about":[{"href":"http:\/\/www.everysailrace.com\/index.php?rest_route=\/wp\/v2\/types\/page"}],"author":[{"embeddable":true,"href":"http:\/\/www.everysailrace.com\/index.php?rest_route=\/wp\/v2\/users\/1"}],"replies":[{"embeddable":true,"href":"http:\/\/www.everysailrace.com\/index.php?rest_route=%2Fwp%2Fv2%2Fcomments&post=71"}],"version-history":[{"count":16,"href":"http:\/\/www.everysailrace.com\/index.php?rest_route=\/wp\/v2\/pages\/71\/revisions"}],"predecessor-version":[{"id":3331,"href":"http:\/\/www.everysailrace.com\/index.php?rest_route=\/wp\/v2\/pages\/71\/revisions\/3331"}],"up":[{"embeddable":true,"href":"http:\/\/www.everysailrace.com\/index.php?rest_route=\/wp\/v2\/pages\/1456"}],"wp:attachment":[{"href":"http:\/\/www.everysailrace.com\/index.php?rest_route=%2Fwp%2Fv2%2Fmedia&parent=71"}],"curies":[{"name":"wp","href":"https:\/\/api.w.org\/{rel}","templated":true}]}}