{"id":85,"date":"2015-05-08T12:17:13","date_gmt":"2015-05-08T12:17:13","guid":{"rendered":"http:\/\/www.everysailrace.com\/?page_id=85"},"modified":"2015-05-08T14:59:51","modified_gmt":"2015-05-08T14:59:51","slug":"stora-oset-2015-infor","status":"publish","type":"page","link":"http:\/\/www.everysailrace.com\/?page_id=85","title":{"rendered":"Stora Oset 2015 &#8211; Inf\u00f6r"},"content":{"rendered":"\n<div class=\"twitter-share\"><a href=\"https:\/\/twitter.com\/intent\/tweet?via=Every_sailrace\" class=\"twitter-share-button\">Tweet<\/a><\/div>\n<p>&nbsp;<\/p>\n<table width=\"814\">\n<tbody>\n<tr>\n<td colspan=\"2\" width=\"170\"><strong>Stora Oset Race 2015 &#8211; Inf\u00f6r<\/strong><\/td>\n<td style=\"text-align: center;\" width=\"67\"><a href=\"http:\/\/www.everysailrace.com\/wp-content\/uploads\/2015\/05\/Inf\u00f6r20Oset20Race2020141.pdf\">PDF<\/a><\/td>\n<td width=\"81\"><\/td>\n<td width=\"38\"><\/td>\n<td width=\"60\"><\/td>\n<td colspan=\"2\" width=\"62\"><strong>Resultat<\/strong><\/td>\n<td width=\"31\"><\/td>\n<td width=\"31\"><\/td>\n<td width=\"31\"><\/td>\n<td width=\"31\"><\/td>\n<td width=\"18\"><\/td>\n<td width=\"30\"><\/td>\n<td width=\"18\"><\/td>\n<td width=\"23\"><strong>\u00a0<\/strong><\/td>\n<td width=\"84\"><\/td>\n<td width=\"39\"><\/td>\n<\/tr>\n<tr>\n<td>Ansvarig ombord<\/td>\n<td>B\u00e5tnamn<\/td>\n<td>Klubb<\/td>\n<td>B\u00e5ttyp<\/td>\n<td>SRS-tal<\/td>\n<td>Segelnr<\/td>\n<td><a href=\"http:\/\/www.bkss.se\/results\/resultat-2013\/oset_race_2013.htm\"><b>2014<\/b><\/a><\/td>\n<td><a href=\"http:\/\/www.bkss.se\/results\/resultat-2013\/oset_race_2013.htm\"><b>2013<\/b><\/a><\/td>\n<td><a href=\"http:\/\/www.bkss.se\/results\/resultat-2012\/oset_race_2012.htm\"><b>2012<\/b><\/a><\/td>\n<td><a href=\"http:\/\/www.bkss.se\/results\/resultat-2011\/oset_race_2011.htm\"><b>2011<\/b><\/a><\/td>\n<td><a href=\"http:\/\/www.bkss.se\/results\/resultat-2010\/oset_race_2010.htm\"><b>2010<\/b><\/a><\/td>\n<td><strong>Snitt<\/strong><\/td>\n<td><strong>R<\/strong><\/td>\n<td><strong>B\u00e4sta<\/strong><\/td>\n<td><strong>R<\/strong><\/td>\n<td><strong>VR<\/strong><\/td>\n<td><strong><em>B\u00e5ttyp 2014<\/em><\/strong><\/td>\n<td><strong><em>SRS-tal<\/em><\/strong><\/td>\n<\/tr>\n<tr>\n<td>Johan Lindstedt<\/td>\n<td>Akvileja<\/td>\n<td>BKSS<\/td>\n<td>Accent<\/td>\n<td>1.036<\/td>\n<td>SWE 256<\/td>\n<td>9<\/td>\n<td>17<\/td>\n<td>24<\/td>\n<td>22<\/td>\n<td>22<\/td>\n<td>18,8<\/td>\n<td>14<\/td>\n<td>9<\/td>\n<td>11<\/td>\n<td><strong>5<\/strong><\/td>\n<td><em>Accent<\/em><\/td>\n<td><em>1.036<\/em><\/td>\n<\/tr>\n<tr>\n<td>Joakim Axelsson<\/td>\n<td>Minion<\/td>\n<td>stss<\/td>\n<td>Mini-Compis<\/td>\n<td>1.042<\/td>\n<td>Swe 8961<\/td>\n<td><\/td>\n<td><\/td>\n<td><\/td>\n<td><\/td>\n<td><\/td>\n<td><\/td>\n<td><\/td>\n<td><\/td>\n<td><\/td>\n<td><strong>40<\/strong><\/td>\n<td><em>\u00a0<\/em><\/td>\n<td><em>\u00a0<\/em><\/td>\n<\/tr>\n<tr>\n<td>Simon Jansson<\/td>\n<td>Harmony<\/td>\n<td>HKSS<\/td>\n<td>Dominant 78<\/td>\n<td>1.052<\/td>\n<td>SWE20<\/td>\n<td>33<\/td>\n<td><\/td>\n<td><\/td>\n<td><\/td>\n<td><\/td>\n<td>33,0<\/td>\n<td>25<\/td>\n<td>33<\/td>\n<td>26<\/td>\n<td><strong>122<\/strong><\/td>\n<td><em>Dominant 78<\/em><\/td>\n<td><em>1.062<\/em><\/td>\n<\/tr>\n<tr>\n<td>Claes Edstr\u00f6m<\/td>\n<td>Luffe<\/td>\n<td>Bkss<\/td>\n<td>Sp\u00e4ckhuggare<\/td>\n<td>1.053<\/td>\n<td>Swe 2651<\/td>\n<td>19<\/td>\n<td>8.5<\/td>\n<td>29<\/td>\n<td>31<\/td>\n<td><\/td>\n<td>26,3<\/td>\n<td>21<\/td>\n<td>8,5<\/td>\n<td>10<\/td>\n<td><strong>46<\/strong><\/td>\n<td><em>Sp\u00e4ckhuggare<\/em><\/td>\n<td><em>1.053<\/em><\/td>\n<\/tr>\n<tr>\n<td>Gustav Gabinus<\/td>\n<td>Ronja3<\/td>\n<td>BJK<\/td>\n<td>Compis 28<\/td>\n<td>1.057<\/td>\n<td>329<\/td>\n<td><\/td>\n<td><\/td>\n<td><\/td>\n<td><\/td>\n<td><\/td>\n<td><\/td>\n<td><\/td>\n<td><\/td>\n<td><\/td>\n<td><strong>124<\/strong><\/td>\n<td><em>\u00a0<\/em><\/td>\n<td><em>\u00a0<\/em><\/td>\n<\/tr>\n<tr>\n<td>Johan L\u00f6fgren<\/td>\n<td>XO<\/td>\n<td>BKSS<\/td>\n<td>Express<\/td>\n<td>1.066<\/td>\n<td>SWE 221<\/td>\n<td>45<\/td>\n<td><\/td>\n<td><\/td>\n<td><\/td>\n<td><\/td>\n<td>45,0<\/td>\n<td>31<\/td>\n<td>45<\/td>\n<td>31<\/td>\n<td><strong>321<\/strong><\/td>\n<td><em>Express<\/em><\/td>\n<td><em>1,081<\/em><\/td>\n<\/tr>\n<tr>\n<td>Carl Stark<\/td>\n<td>I-Boat<\/td>\n<td>STSS<\/td>\n<td>Manzanita<\/td>\n<td>1.067<\/td>\n<td>SWE 15<\/td>\n<td>2<\/td>\n<td><\/td>\n<td><\/td>\n<td><\/td>\n<td><\/td>\n<td>2,0<\/td>\n<td>1<\/td>\n<td>2<\/td>\n<td>2<\/td>\n<td><strong>14<\/strong><\/td>\n<td><em>Manzanita 1\/4 ton<\/em><\/td>\n<td><em>1.063<\/em><\/td>\n<\/tr>\n<tr>\n<td>David Christofersson<\/td>\n<td>Nano<\/td>\n<td>XSS<\/td>\n<td>707<\/td>\n<td>1.076<\/td>\n<td>SWE 121<\/td>\n<td>3<\/td>\n<td>6<\/td>\n<td><\/td>\n<td><\/td>\n<td><\/td>\n<td>4,5<\/td>\n<td>2<\/td>\n<td>3<\/td>\n<td>4<\/td>\n<td><strong>4<\/strong><\/td>\n<td><em>707<\/em><\/td>\n<td><em>1.076<\/em><\/td>\n<\/tr>\n<tr>\n<td>Ulf Danielsson<\/td>\n<td>S\u00e4lta<\/td>\n<td>Less<\/td>\n<td>Albin Alpha<\/td>\n<td>1.092<\/td>\n<td>17<\/td>\n<td>20<\/td>\n<td>10<\/td>\n<td>5<\/td>\n<td>10<\/td>\n<td>7<\/td>\n<td>10,4<\/td>\n<td>6<\/td>\n<td>5<\/td>\n<td>5<\/td>\n<td><strong>6<\/strong><\/td>\n<td><em>Albin Alpha<\/em><\/td>\n<td><em>1.092<\/em><\/td>\n<\/tr>\n<tr>\n<td>Magnus Fredriksson<\/td>\n<td>Chaba<\/td>\n<td>BKSS<\/td>\n<td>Cumulus<\/td>\n<td>1.103<\/td>\n<td>SWE 12<\/td>\n<td><\/td>\n<td><\/td>\n<td><\/td>\n<td><\/td>\n<td><\/td>\n<td><\/td>\n<td><\/td>\n<td><\/td>\n<td><\/td>\n<td><strong>107<\/strong><\/td>\n<td><em>\u00a0<\/em><\/td>\n<td><em>\u00a0<\/em><\/td>\n<\/tr>\n<tr>\n<td>Per-Erik Eriksson<\/td>\n<td>Sofia<\/td>\n<td>BKSS<\/td>\n<td>Bavaria 32<\/td>\n<td>1.113<\/td>\n<td>525<\/td>\n<td>39<\/td>\n<td>33<\/td>\n<td><\/td>\n<td>34<\/td>\n<td><\/td>\n<td>35,3<\/td>\n<td>28<\/td>\n<td>33<\/td>\n<td>26<\/td>\n<td><strong>193<\/strong><\/td>\n<td><em>Bavaria 32\u00a0<\/em><\/td>\n<td><em>1.113<\/em><\/td>\n<\/tr>\n<tr>\n<td>Lennart Cedenkvist<\/td>\n<td>DESTINY<\/td>\n<td>SS Sl\u00f6ren<\/td>\n<td>Dehler 34<\/td>\n<td>1.123<\/td>\n<td>146<\/td>\n<td>12<\/td>\n<td>7<\/td>\n<td><\/td>\n<td><\/td>\n<td><\/td>\n<td>9,5<\/td>\n<td>5<\/td>\n<td>7<\/td>\n<td>8<\/td>\n<td><strong>20<\/strong><\/td>\n<td><em>Dehler 34<\/em><\/td>\n<td><em>1.135<\/em><\/td>\n<\/tr>\n<tr>\n<td>Per Algotsson<\/td>\n<td>Margaux<\/td>\n<td>BKSS<\/td>\n<td>X79<\/td>\n<td>1.132<\/td>\n<td>SWE465<\/td>\n<td>8<\/td>\n<td><\/td>\n<td><\/td>\n<td><\/td>\n<td><\/td>\n<td>8,0<\/td>\n<td>4<\/td>\n<td>8<\/td>\n<td>9<\/td>\n<td><strong>2<\/strong><\/td>\n<td><em>X79<\/em><\/td>\n<td><em>1.132<\/em><\/td>\n<\/tr>\n<tr>\n<td>Michael Assarsson<\/td>\n<td>Azur<\/td>\n<td>SS Fram<\/td>\n<td>Banner 28 R<\/td>\n<td>1.146<\/td>\n<td>SWE 54<\/td>\n<td>41<\/td>\n<td>39<\/td>\n<td>33<\/td>\n<td><\/td>\n<td><\/td>\n<td>37,7<\/td>\n<td>29<\/td>\n<td>33<\/td>\n<td>26<\/td>\n<td><strong>416<\/strong><\/td>\n<td><em>Banner 28 R<\/em><\/td>\n<td><em>1.172<\/em><\/td>\n<\/tr>\n<tr>\n<td>Gustav von Sydow<\/td>\n<td>Chinnok<\/td>\n<td>BKSS<\/td>\n<td>Dominant 95<\/td>\n<td>1.159<\/td>\n<td>SWE 20<\/td>\n<td>44<\/td>\n<td>25<\/td>\n<td><\/td>\n<td><\/td>\n<td><\/td>\n<td>34,5<\/td>\n<td>26<\/td>\n<td><\/td>\n<td><\/td>\n<td><strong>380<\/strong><\/td>\n<td><em>Dominan 95<\/em><\/td>\n<td><em>1.177<\/em><\/td>\n<\/tr>\n<tr>\n<td>Mattias Mellstr\u00f6m<\/td>\n<td>&#8211;<\/td>\n<td>GKSS<\/td>\n<td>Cafe 28<\/td>\n<td>1.164<\/td>\n<td>8<\/td>\n<td><\/td>\n<td>19<\/td>\n<td>6<\/td>\n<td><\/td>\n<td>13<\/td>\n<td>12,7<\/td>\n<td>8<\/td>\n<td>6<\/td>\n<td>7<\/td>\n<td><strong>224<\/strong><\/td>\n<td><em>\u00a0<\/em><\/td>\n<td><em>\u00a0<\/em><\/td>\n<\/tr>\n<tr>\n<td>Mats \u00c5rman<\/td>\n<td>Okidoki<\/td>\n<td>BiKSS<\/td>\n<td>First 300 Spirit<\/td>\n<td>1.17<\/td>\n<td>10748<\/td>\n<td>29<\/td>\n<td>26<\/td>\n<td><\/td>\n<td><\/td>\n<td><\/td>\n<td>27,5<\/td>\n<td>22<\/td>\n<td>26<\/td>\n<td>23<\/td>\n<td><strong>188<\/strong><\/td>\n<td><em>First 300 Spirit<\/em><\/td>\n<td><em>1.171<\/em><\/td>\n<\/tr>\n<tr>\n<td>S\u00f6ren Lundin<\/td>\n<td>Marice<\/td>\n<td>BKSS<\/td>\n<td>First 31.7<\/td>\n<td>1.175<\/td>\n<td>SWE 43989<\/td>\n<td>24<\/td>\n<td><\/td>\n<td><\/td>\n<td><\/td>\n<td><\/td>\n<td>24,0<\/td>\n<td>18<\/td>\n<td>24<\/td>\n<td>22<\/td>\n<td><strong>400<\/strong><\/td>\n<td><em>First 31.7<\/em><\/td>\n<td><em>1.191<\/em><\/td>\n<\/tr>\n<tr>\n<td>Jonas Caspersson<\/td>\n<td>Ruter Dam<\/td>\n<td>XSS<\/td>\n<td>Wasa 360<\/td>\n<td>1.218<\/td>\n<td>SWE 22<\/td>\n<td><\/td>\n<td><\/td>\n<td><\/td>\n<td><\/td>\n<td><\/td>\n<td><\/td>\n<td><\/td>\n<td><\/td>\n<td><\/td>\n<td><strong>385<\/strong><\/td>\n<td><em>\u00a0<\/em><\/td>\n<td><em>\u00a0<\/em><\/td>\n<\/tr>\n<tr>\n<td>Ulf Jacobsson<\/td>\n<td>Jesus For Life<\/td>\n<td>BoxvikeSS<\/td>\n<td>J\/97<\/td>\n<td>1.227<\/td>\n<td>SWE215<\/td>\n<td>18<\/td>\n<td>5<\/td>\n<td><\/td>\n<td><\/td>\n<td><\/td>\n<td>11,5<\/td>\n<td>7<\/td>\n<td>5<\/td>\n<td>5<\/td>\n<td><strong>3<\/strong><\/td>\n<td><em>J\/97<\/em><\/td>\n<td><em>1.227<\/em><\/td>\n<\/tr>\n<tr>\n<td>Bertil Rohl\u00e9n<\/td>\n<td>X3M<\/td>\n<td>BKSS<\/td>\n<td>X-332<\/td>\n<td>1.227<\/td>\n<td>306<\/td>\n<td>14<\/td>\n<td>15<\/td>\n<td>16<\/td>\n<td>32<\/td>\n<td>24<\/td>\n<td>20,2<\/td>\n<td>15<\/td>\n<td>14<\/td>\n<td>16<\/td>\n<td><strong>7<\/strong><\/td>\n<td><em>X-332<\/em><\/td>\n<td><em>1.227<\/em><\/td>\n<\/tr>\n<tr>\n<td>Johan Wetterlundh<\/td>\n<td>Kaida<\/td>\n<td>GKSS<\/td>\n<td>Salona 33<\/td>\n<td>1.238<\/td>\n<td>SWE3<\/td>\n<td>23<\/td>\n<td>13<\/td>\n<td><\/td>\n<td><\/td>\n<td><\/td>\n<td>18,0<\/td>\n<td>13<\/td>\n<td>13<\/td>\n<td>15<\/td>\n<td><strong>104<\/strong><\/td>\n<td><em>Dehler 34<\/em><\/td>\n<td><em>1.14<\/em><\/td>\n<\/tr>\n<tr>\n<td>Fredrik Ljungmark<\/td>\n<td>Bonk<\/td>\n<td>BKSS<\/td>\n<td>X-99<\/td>\n<td>1.244<\/td>\n<td>SWE 13<\/td>\n<td><\/td>\n<td><\/td>\n<td><\/td>\n<td><\/td>\n<td><\/td>\n<td><\/td>\n<td><\/td>\n<td><\/td>\n<td><\/td>\n<td><strong>&#8211;<\/strong><\/td>\n<td><em>\u00a0<\/em><\/td>\n<td><em>\u00a0<\/em><\/td>\n<\/tr>\n<tr>\n<td>Tomas W\u00e4ngberg<\/td>\n<td>Surfer Girl<\/td>\n<td>GKSS<\/td>\n<td>First 36.7<\/td>\n<td>1.262<\/td>\n<td>SWE 350<\/td>\n<td>21<\/td>\n<td><\/td>\n<td><\/td>\n<td>26<\/td>\n<td>17<\/td>\n<td>21,3<\/td>\n<td>16<\/td>\n<td>17<\/td>\n<td>20<\/td>\n<td><strong>42<\/strong><\/td>\n<td><em>First 36.7<\/em><\/td>\n<td><em>1.27<\/em><\/td>\n<\/tr>\n<tr>\n<td>Krister Ahlqvist<\/td>\n<td>Esquire<\/td>\n<td>KMS Nord\u00f6n<\/td>\n<td>Dehler 36SQ<\/td>\n<td>1.269<\/td>\n<td>279<\/td>\n<td>40<\/td>\n<td><\/td>\n<td>30<\/td>\n<td><\/td>\n<td>23<\/td>\n<td>31,0<\/td>\n<td>25<\/td>\n<td>23<\/td>\n<td>21<\/td>\n<td><strong>190<\/strong><\/td>\n<td><em>Dehler 36SQ<\/em><\/td>\n<td><em>1.26<\/em><\/td>\n<\/tr>\n<tr>\n<td>Carl-Johan Pihlgren<\/td>\n<td>Exilia<\/td>\n<td>BKSS<\/td>\n<td>Melges 24<\/td>\n<td>1.27<\/td>\n<td>SWE 683<\/td>\n<td>11<\/td>\n<td>27<\/td>\n<td>13<\/td>\n<td>12<\/td>\n<td>12<\/td>\n<td>15,0<\/td>\n<td>10<\/td>\n<td>11<\/td>\n<td>12<\/td>\n<td><strong>22<\/strong><\/td>\n<td><em>X-99<\/em><\/td>\n<td><em>1.247<\/em><\/td>\n<\/tr>\n<tr>\n<td>Carl Fj\u00e4llman<\/td>\n<td>Rebellion<\/td>\n<td>HJBK<\/td>\n<td>First 35<\/td>\n<td>1.27<\/td>\n<td>Swe8226<\/td>\n<td>34<\/td>\n<td>29<\/td>\n<td><\/td>\n<td><\/td>\n<td>11<\/td>\n<td>24,7<\/td>\n<td>20<\/td>\n<td>11<\/td>\n<td>12<\/td>\n<td><strong>25<\/strong><\/td>\n<td><em>First 35<\/em><\/td>\n<td><em>1.28<\/em><\/td>\n<\/tr>\n<tr>\n<td>Stefan M\u00f6ller<\/td>\n<td>STELLA<\/td>\n<td>KMS Nord\u00f6n<\/td>\n<td>SwedeStar 370<\/td>\n<td>1.271<\/td>\n<td>SWE 39<\/td>\n<td>22<\/td>\n<td>2<\/td>\n<td>15<\/td>\n<td><\/td>\n<td><\/td>\n<td>13,0<\/td>\n<td>9<\/td>\n<td>2<\/td>\n<td>2<\/td>\n<td><strong>12<\/strong><\/td>\n<td><em>Swedestar 370<\/em><\/td>\n<td><em>1.271<\/em><\/td>\n<\/tr>\n<tr>\n<td>Jonas Kjellberg<\/td>\n<td>Trindy<\/td>\n<td>Lerums SS<\/td>\n<td>Dehler 34 SV<\/td>\n<td>1.28<\/td>\n<td>SWE 113<\/td>\n<td>42<\/td>\n<td>36<\/td>\n<td><\/td>\n<td><\/td>\n<td><\/td>\n<td>39,0<\/td>\n<td>30<\/td>\n<td>36<\/td>\n<td>30<\/td>\n<td><strong>176<\/strong><\/td>\n<td><em>Dehler 34 SV<\/em><\/td>\n<td><em>1.28<\/em><\/td>\n<\/tr>\n<tr>\n<td>Krister Gustafson<\/td>\n<td>Elisive<\/td>\n<td>JSS<\/td>\n<td>First 35<\/td>\n<td>1.283<\/td>\n<td>Swe 23<\/td>\n<td>37<\/td>\n<td>12<\/td>\n<td>19<\/td>\n<td>21<\/td>\n<td><\/td>\n<td>22,3<\/td>\n<td>17<\/td>\n<td>12<\/td>\n<td>14<\/td>\n<td><strong>33<\/strong><\/td>\n<td><em>First 35<\/em><\/td>\n<td><em>1.284<\/em><\/td>\n<\/tr>\n<tr>\n<td>Sten Haeger<\/td>\n<td>Kwanza<\/td>\n<td>Gkss<\/td>\n<td>First 35<\/td>\n<td>1.284<\/td>\n<td>SWE 49<\/td>\n<td>28<\/td>\n<td><\/td>\n<td><\/td>\n<td><\/td>\n<td><\/td>\n<td>28,0<\/td>\n<td>23<\/td>\n<td>28<\/td>\n<td>24<\/td>\n<td><strong>41<\/strong><\/td>\n<td><em>First 35<\/em><\/td>\n<td><em>1.284<\/em><\/td>\n<\/tr>\n<tr>\n<td>Roger Ahlqvist<\/td>\n<td>Jigy Jigy<\/td>\n<td>GQSS<\/td>\n<td>Archambault 35<\/td>\n<td>1.291<\/td>\n<td>LTU 1034<\/td>\n<td>30<\/td>\n<td>20<\/td>\n<td>14<\/td>\n<td>33<\/td>\n<td>23<\/td>\n<td>24,0<\/td>\n<td>18<\/td>\n<td>14<\/td>\n<td>16<\/td>\n<td><strong>49<\/strong><\/td>\n<td><em>Mumm 36<\/em><\/td>\n<td><em>1.339<\/em><\/td>\n<\/tr>\n<tr>\n<td>Janne<\/td>\n<td>Follow Me<\/td>\n<td>Domsand<\/td>\n<td>X 37<\/td>\n<td>1.291<\/td>\n<td>SWE 11<\/td>\n<td><\/td>\n<td><\/td>\n<td><\/td>\n<td><\/td>\n<td><\/td>\n<td><\/td>\n<td><\/td>\n<td><\/td>\n<td><\/td>\n<td><strong>&#8211;<\/strong><\/td>\n<td><em>\u00a0<\/em><\/td>\n<td><em>\u00a0<\/em><\/td>\n<\/tr>\n<tr>\n<td>Mattias Wilson<\/td>\n<td>Draklunne<\/td>\n<td>GKSS<\/td>\n<td>Bavaria 38 match<\/td>\n<td>1.312<\/td>\n<td>SWE 3<\/td>\n<td>10<\/td>\n<td><\/td>\n<td>1<\/td>\n<td>8<\/td>\n<td>3<\/td>\n<td>5,5<\/td>\n<td>3<\/td>\n<td>1<\/td>\n<td>1<\/td>\n<td><strong>56<\/strong><\/td>\n<td><em>Bavaria 38 match<\/em><\/td>\n<td><em>1.312<\/em><\/td>\n<\/tr>\n<tr>\n<td>Hans Arthurson<\/td>\n<td>Flyer<\/td>\n<td>XSS<\/td>\n<td>First 40.7<\/td>\n<td>1.328<\/td>\n<td>7341<\/td>\n<td>36<\/td>\n<td>34<\/td>\n<td><\/td>\n<td><\/td>\n<td><\/td>\n<td>35,0<\/td>\n<td>27<\/td>\n<td>34<\/td>\n<td>29<\/td>\n<td><strong>158<\/strong><\/td>\n<td><em>First 40.7<\/em><\/td>\n<td><em>1.34<\/em><\/td>\n<\/tr>\n<tr>\n<td>Lars Wikander<\/td>\n<td>Zlatan<\/td>\n<td>GKSS<\/td>\n<td>Finn Flyer 36<\/td>\n<td>1.333<\/td>\n<td>SWE 6<\/td>\n<td>16<\/td>\n<td><\/td>\n<td><\/td>\n<td><\/td>\n<td><\/td>\n<td>16,0<\/td>\n<td>12<\/td>\n<td>16<\/td>\n<td>19<\/td>\n<td><strong>27<\/strong><\/td>\n<td><em>Finn Flyer 36<\/em><\/td>\n<td><em>1.344<\/em><\/td>\n<\/tr>\n<tr>\n<td>Mikael Vesala<\/td>\n<td>Cheetah<\/td>\n<td>SSV\u00c4<\/td>\n<td>Cheetah30<\/td>\n<td>1.344<\/td>\n<td>SWE 1<\/td>\n<td><\/td>\n<td><\/td>\n<td><\/td>\n<td><\/td>\n<td>28<\/td>\n<td>28,0<\/td>\n<td>23<\/td>\n<td>28<\/td>\n<td>24<\/td>\n<td><strong>72<\/strong><\/td>\n<td><em>\u00a0<\/em><\/td>\n<td><em>\u00a0<\/em><\/td>\n<\/tr>\n<tr>\n<td>Anders Eriksson<\/td>\n<td>Storm-Stina<\/td>\n<td>SS Fram<\/td>\n<td>Arcona 410<\/td>\n<td>1.358<\/td>\n<td>SWE12<\/td>\n<td><\/td>\n<td><\/td>\n<td><\/td>\n<td><\/td>\n<td><\/td>\n<td><\/td>\n<td><\/td>\n<td><\/td>\n<td><\/td>\n<td><strong>739<\/strong><\/td>\n<td><em>\u00a0<\/em><\/td>\n<td><em>\u00a0<\/em><\/td>\n<\/tr>\n<tr>\n<td>Anders Nordstr\u00f6m<\/td>\n<td>DAD SW<\/td>\n<td>GKSS<\/td>\n<td>Arcona 410<\/td>\n<td>1.378<\/td>\n<td>SWE 19<\/td>\n<td>15<\/td>\n<td><\/td>\n<td><\/td>\n<td><\/td>\n<td><\/td>\n<td>15,0<\/td>\n<td>10<\/td>\n<td>15<\/td>\n<td>18<\/td>\n<td><strong>10<\/strong><\/td>\n<td><em>Arcona 410<\/em><\/td>\n<td><em>1,378<\/em><\/td>\n<\/tr>\n<tr>\n<td colspan=\"2\"><strong><em>www.Everysailrace.com<\/em><\/strong><\/td>\n<td><\/td>\n<td><\/td>\n<td><\/td>\n<td><strong><em>Antal deltagare<\/em><\/strong><\/td>\n<td><strong><em>48<\/em><\/strong><\/td>\n<td><strong><em>41<\/em><\/strong><\/td>\n<td><strong><em>37<\/em><\/strong><\/td>\n<td><strong><em>38<\/em><\/strong><\/td>\n<td><strong><em>34<\/em><\/strong><\/td>\n<td><\/td>\n<td><\/td>\n<td><\/td>\n<td><\/td>\n<td><strong>\u00a0<\/strong><\/td>\n<td><\/td>\n<td><strong><em>\u00a0<\/em><\/strong><\/td>\n<\/tr>\n<tr>\n<td><\/td>\n<td><\/td>\n<td><\/td>\n<td><\/td>\n<td><\/td>\n<td><strong><em>Datum<\/em><\/strong><\/td>\n<td><strong><em>18<\/em><\/strong><\/td>\n<td><strong><em>18<\/em><\/strong><\/td>\n<td><strong><em>13<\/em><\/strong><\/td>\n<td><strong><em>14<\/em><\/strong><\/td>\n<td><strong><em>15<\/em><\/strong><\/td>\n<td><\/td>\n<td><\/td>\n<td><\/td>\n<td><\/td>\n<td><strong>\u00a0<\/strong><\/td>\n<td><\/td>\n<td><strong><em>\u00a0<\/em><\/strong><\/td>\n<\/tr>\n<\/tbody>\n<\/table>\n<p>&nbsp;<\/p>\n\n<div class=\"twitter-share\"><a href=\"https:\/\/twitter.com\/intent\/tweet?via=Every_sailrace\" class=\"twitter-share-button\">Tweet<\/a><\/div>\n","protected":false},"excerpt":{"rendered":"<p>&nbsp; Stora Oset Race 2015 &#8211; Inf\u00f6r PDF Resultat \u00a0 Ansvarig ombord B\u00e5tnamn Klubb B\u00e5ttyp SRS-tal Segelnr 2014 2013 2012 2011 2010 Snitt R B\u00e4sta R VR B\u00e5ttyp 2014 SRS-tal Johan Lindstedt Akvileja BKSS Accent 1.036 SWE 256 9 17 24 22 22 18,8 14 9 11 5 Accent 1.036 Joakim Axelsson Minion stss Mini-Compis [&hellip;]<\/p>\n","protected":false},"author":1,"featured_media":89,"parent":21,"menu_order":0,"comment_status":"closed","ping_status":"open","template":"page-full.php","meta":[],"_links":{"self":[{"href":"http:\/\/www.everysailrace.com\/index.php?rest_route=\/wp\/v2\/pages\/85"}],"collection":[{"href":"http:\/\/www.everysailrace.com\/index.php?rest_route=\/wp\/v2\/pages"}],"about":[{"href":"http:\/\/www.everysailrace.com\/index.php?rest_route=\/wp\/v2\/types\/page"}],"author":[{"embeddable":true,"href":"http:\/\/www.everysailrace.com\/index.php?rest_route=\/wp\/v2\/users\/1"}],"replies":[{"embeddable":true,"href":"http:\/\/www.everysailrace.com\/index.php?rest_route=%2Fwp%2Fv2%2Fcomments&post=85"}],"version-history":[{"count":5,"href":"http:\/\/www.everysailrace.com\/index.php?rest_route=\/wp\/v2\/pages\/85\/revisions"}],"predecessor-version":[{"id":95,"href":"http:\/\/www.everysailrace.com\/index.php?rest_route=\/wp\/v2\/pages\/85\/revisions\/95"}],"up":[{"embeddable":true,"href":"http:\/\/www.everysailrace.com\/index.php?rest_route=\/wp\/v2\/pages\/21"}],"wp:featuredmedia":[{"embeddable":true,"href":"http:\/\/www.everysailrace.com\/index.php?rest_route=\/wp\/v2\/media\/89"}],"wp:attachment":[{"href":"http:\/\/www.everysailrace.com\/index.php?rest_route=%2Fwp%2Fv2%2Fmedia&parent=85"}],"curies":[{"name":"wp","href":"https:\/\/api.w.org\/{rel}","templated":true}]}}