{"id":2605,"date":"2016-06-10T11:13:30","date_gmt":"2016-06-10T11:13:30","guid":{"rendered":"http:\/\/www.everysailrace.com\/?page_id=2605"},"modified":"2016-06-21T11:43:51","modified_gmt":"2016-06-21T11:43:51","slug":"resultat-orust-runt-2016","status":"publish","type":"page","link":"https:\/\/www.everysailrace.com\/?page_id=2605","title":{"rendered":"Orust Runt 2016"},"content":{"rendered":"\n<div class=\"twitter-share\"><a href=\"https:\/\/twitter.com\/intent\/tweet?via=Every_sailrace\" class=\"twitter-share-button\">Tweet<\/a><\/div>\n<p><script src=\"\/\/pagead2.googlesyndication.com\/pagead\/js\/adsbygoogle.js\" async=\"\"><\/script><!-- Bandyworld 2 --> <ins class=\"adsbygoogle\" style=\"display: block;\" data-ad-client=\"ca-pub-4487550053079833\" data-ad-slot=\"3765239952\" data-ad-format=\"auto\"><\/ins><script>\/\/ <![CDATA[\n(adsbygoogle = window.adsbygoogle || []).push({});\n\/\/ ]]><\/script><\/p>\n<table border=\"0\" frame=\"VOID\" rules=\"NONE\" cellspacing=\"0\">\n<colgroup>\n<col width=\"86\" \/>\n<col width=\"86\" \/>\n<col width=\"136\" \/>\n<col width=\"86\" \/>\n<col width=\"86\" \/>\n<col width=\"86\" \/><\/colgroup>\n<tbody>\n<tr>\n<td align=\"LEFT\" bgcolor=\"#C0C0C0\" width=\"86\" height=\"14\"><span style=\"color: #000000; font-family: 'Arial Narrow'; font-size: xx-small;\">Plac<\/span><\/td>\n<td align=\"LEFT\" bgcolor=\"#C0C0C0\" width=\"86\"><span style=\"color: #000000; font-family: 'Arial Narrow'; font-size: xx-small;\">SglNr<\/span><\/td>\n<td align=\"LEFT\" bgcolor=\"#C0C0C0\" width=\"136\"><span style=\"color: #000000; font-family: 'Arial Narrow'; font-size: xx-small;\">Bes\u00e4ttning<\/span><\/td>\n<td align=\"LEFT\" bgcolor=\"#C0C0C0\" width=\"86\"><span style=\"color: #000000; font-family: 'Arial Narrow'; font-size: xx-small;\">B\u00e5tnamn<\/span><\/td>\n<td align=\"LEFT\" bgcolor=\"#C0C0C0\" width=\"86\"><span style=\"color: #000000; font-family: 'Arial Narrow'; font-size: xx-small;\">Klubb<\/span><\/td>\n<td align=\"RIGHT\" bgcolor=\"#C0C0C0\" width=\"86\"><span style=\"color: #000000; font-family: 'Arial Narrow'; font-size: xx-small;\">Orust Runt<\/span><\/td>\n<\/tr>\n<tr>\n<td align=\"RIGHT\" height=\"14\"><span style=\"color: #000000; font-family: 'Arial Narrow'; font-size: xx-small;\">3<\/span><\/td>\n<td align=\"RIGHT\"><span style=\"color: #000000; font-family: 'Arial Narrow'; font-size: xx-small;\">34<\/span><\/td>\n<td align=\"LEFT\"><span style=\"color: #000000; font-family: 'Arial Narrow'; font-size: xx-small;\">Pelle \u00c5kerblom<\/span><\/td>\n<td align=\"LEFT\"><span style=\"color: #000000; font-family: 'Arial Narrow'; font-size: xx-small;\">Maxi Racer<\/span><\/td>\n<td align=\"LEFT\"><span style=\"color: #000000; font-family: 'Arial Narrow'; font-size: xx-small;\">SMSS<\/span><\/td>\n<td align=\"RIGHT\" bgcolor=\"#FFFF99\"><span style=\"color: #000000; font-family: 'Arial Narrow'; font-size: xx-small;\">1<\/span><\/td>\n<\/tr>\n<tr>\n<td align=\"RIGHT\" height=\"14\"><span style=\"color: #000000; font-family: 'Arial Narrow'; font-size: xx-small;\">1<\/span><\/td>\n<td align=\"RIGHT\"><span style=\"color: #000000; font-family: 'Arial Narrow'; font-size: xx-small;\">56<\/span><\/td>\n<td align=\"LEFT\"><span style=\"color: #000000; font-family: 'Arial Narrow'; font-size: xx-small;\">Peter\u00a0Nohlin<\/span><\/td>\n<td align=\"LEFT\"><span style=\"color: #000000; font-family: 'Arial Narrow'; font-size: xx-small;\">Dehler\u00a034<\/span><\/td>\n<td align=\"LEFT\"><span style=\"color: #000000; font-family: 'Arial Narrow'; font-size: xx-small;\">SSV\u00c4<\/span><\/td>\n<td align=\"RIGHT\" bgcolor=\"#FFFF99\"><span style=\"color: #000000; font-family: 'Arial Narrow'; font-size: xx-small;\">2<\/span><\/td>\n<\/tr>\n<tr>\n<td align=\"RIGHT\" height=\"14\"><span style=\"color: #000000; font-family: 'Arial Narrow'; font-size: xx-small;\">8<\/span><\/td>\n<td align=\"RIGHT\"><span style=\"color: #000000; font-family: 'Arial Narrow'; font-size: xx-small;\">308<\/span><\/td>\n<td align=\"LEFT\"><span style=\"color: #000000; font-family: 'Arial Narrow'; font-size: xx-small;\">Lars Gunnar Hansson<\/span><\/td>\n<td align=\"LEFT\"><span style=\"color: #000000; font-family: 'Arial Narrow'; font-size: xx-small;\">Maxi 900<\/span><\/td>\n<td align=\"LEFT\"><span style=\"color: #000000; font-family: 'Arial Narrow'; font-size: xx-small;\">SSV\u00c4<\/span><\/td>\n<td align=\"RIGHT\" bgcolor=\"#FFFF99\"><span style=\"color: #000000; font-family: 'Arial Narrow'; font-size: xx-small;\">3<\/span><\/td>\n<\/tr>\n<tr>\n<td align=\"RIGHT\" height=\"14\"><span style=\"color: #000000; font-family: 'Arial Narrow'; font-size: xx-small;\">11<\/span><\/td>\n<td align=\"RIGHT\"><span style=\"color: #000000; font-family: 'Arial Narrow'; font-size: xx-small;\">4<\/span><\/td>\n<td align=\"LEFT\"><span style=\"color: #000000; font-family: 'Arial Narrow'; font-size: xx-small;\">Lars Johansson<\/span><\/td>\n<td align=\"LEFT\"><span style=\"color: #000000; font-family: 'Arial Narrow'; font-size: xx-small;\">Sm\u00f6gen 37<\/span><\/td>\n<td align=\"LEFT\"><span style=\"color: #000000; font-family: 'Arial Narrow'; font-size: xx-small;\">SSV\u00c4<\/span><\/td>\n<td align=\"RIGHT\" bgcolor=\"#FFFF99\"><span style=\"color: #000000; font-family: 'Arial Narrow'; font-size: xx-small;\">4<\/span><\/td>\n<\/tr>\n<tr>\n<td align=\"RIGHT\" height=\"14\"><span style=\"color: #000000; font-family: 'Arial Narrow'; font-size: xx-small;\">2<\/span><\/td>\n<td align=\"RIGHT\"><span style=\"color: #000000; font-family: 'Arial Narrow'; font-size: xx-small;\">3<\/span><\/td>\n<td align=\"LEFT\"><span style=\"color: #000000; font-family: 'Arial Narrow'; font-size: xx-small;\">Ove Siggelin<\/span><\/td>\n<td align=\"LEFT\"><span style=\"color: #000000; font-family: 'Arial Narrow'; font-size: xx-small;\">Bavaria 38\u00a0Cr<\/span><\/td>\n<td align=\"LEFT\"><span style=\"color: #000000; font-family: 'Arial Narrow'; font-size: xx-small;\">STSS<\/span><\/td>\n<td align=\"RIGHT\" bgcolor=\"#FFFF99\"><span style=\"color: #000000; font-family: 'Arial Narrow'; font-size: xx-small;\">DNF<\/span><\/td>\n<\/tr>\n<\/tbody>\n<\/table>\n<p>&nbsp;<\/p>\n\n<div class=\"twitter-share\"><a href=\"https:\/\/twitter.com\/intent\/tweet?via=Every_sailrace\" class=\"twitter-share-button\">Tweet<\/a><\/div>\n","protected":false},"excerpt":{"rendered":"<p>Plac SglNr Bes\u00e4ttning B\u00e5tnamn Klubb Orust Runt 3 34 Pelle \u00c5kerblom Maxi Racer SMSS 1 1 56 Peter\u00a0Nohlin Dehler\u00a034 SSV\u00c4 2 8 308 Lars Gunnar Hansson Maxi 900 SSV\u00c4 3 11 4 Lars Johansson Sm\u00f6gen 37 SSV\u00c4 4 2 3 Ove Siggelin Bavaria 38\u00a0Cr STSS DNF &nbsp;<\/p>\n","protected":false},"author":1,"featured_media":0,"parent":2449,"menu_order":0,"comment_status":"closed","ping_status":"closed","template":"","meta":[],"_links":{"self":[{"href":"https:\/\/www.everysailrace.com\/index.php?rest_route=\/wp\/v2\/pages\/2605"}],"collection":[{"href":"https:\/\/www.everysailrace.com\/index.php?rest_route=\/wp\/v2\/pages"}],"about":[{"href":"https:\/\/www.everysailrace.com\/index.php?rest_route=\/wp\/v2\/types\/page"}],"author":[{"embeddable":true,"href":"https:\/\/www.everysailrace.com\/index.php?rest_route=\/wp\/v2\/users\/1"}],"replies":[{"embeddable":true,"href":"https:\/\/www.everysailrace.com\/index.php?rest_route=%2Fwp%2Fv2%2Fcomments&post=2605"}],"version-history":[{"count":2,"href":"https:\/\/www.everysailrace.com\/index.php?rest_route=\/wp\/v2\/pages\/2605\/revisions"}],"predecessor-version":[{"id":2714,"href":"https:\/\/www.everysailrace.com\/index.php?rest_route=\/wp\/v2\/pages\/2605\/revisions\/2714"}],"up":[{"embeddable":true,"href":"https:\/\/www.everysailrace.com\/index.php?rest_route=\/wp\/v2\/pages\/2449"}],"wp:attachment":[{"href":"https:\/\/www.everysailrace.com\/index.php?rest_route=%2Fwp%2Fv2%2Fmedia&parent=2605"}],"curies":[{"name":"wp","href":"https:\/\/api.w.org\/{rel}","templated":true}]}}